{"id":2846,"date":"2016-06-29T09:58:00","date_gmt":"2016-06-29T13:58:00","guid":{"rendered":"http:\/\/www.asc.wdtest.info\/en\/?page_id=2846"},"modified":"2026-03-18T12:53:17","modified_gmt":"2026-03-18T16:53:17","slug":"list-of-branches-and-groups-in-canada","status":"publish","type":"page","link":"https:\/\/anthroposophy.ca\/en\/branches-and-groups\/list-of-branches-and-groups-in-canada\/","title":{"rendered":"List of Branches and Groups in Canada"},"content":{"rendered":"\t\t<div data-elementor-type=\"wp-page\" data-elementor-id=\"2846\" class=\"elementor elementor-2846\">\n\t\t\t\t\t\t<section class=\"elementor-section elementor-top-section elementor-element elementor-element-1d55c0dc elementor-section-boxed elementor-section-height-default elementor-section-height-default parallax_section_no qode_elementor_container_no\" data-id=\"1d55c0dc\" data-element_type=\"section\" data-e-type=\"section\">\n\t\t\t\t\t\t<div class=\"elementor-container elementor-column-gap-default\">\n\t\t\t\t\t<div class=\"elementor-column elementor-col-100 elementor-top-column elementor-element elementor-element-55e6f62b\" data-id=\"55e6f62b\" data-element_type=\"column\" data-e-type=\"column\">\n\t\t\t<div class=\"elementor-widget-wrap elementor-element-populated\">\n\t\t\t\t\t\t<div class=\"elementor-element elementor-element-e74da35 elementor-widget elementor-widget-spacer\" data-id=\"e74da35\" data-element_type=\"widget\" data-e-type=\"widget\" data-widget_type=\"spacer.default\">\n\t\t\t\t<div class=\"elementor-widget-container\">\n\t\t\t\t\t\t\t<div class=\"elementor-spacer\">\n\t\t\t<div class=\"elementor-spacer-inner\"><\/div>\n\t\t<\/div>\n\t\t\t\t\t\t<\/div>\n\t\t\t\t<\/div>\n\t\t\t\t<div class=\"elementor-element elementor-element-2e8a30d8 elementor-widget elementor-widget-text-editor\" data-id=\"2e8a30d8\" data-element_type=\"widget\" data-e-type=\"widget\" data-widget_type=\"text-editor.default\">\n\t\t\t\t<div class=\"elementor-widget-container\">\n\t\t\t\t\t\t\t\t\t<h2 style=\"text-align: center;\"><a href=\"https:\/\/anthroposophy.ca\/branches-and-groups\/barrie-on\/\">Barrie, ON<\/a><\/h2><h2 style=\"text-align: center;\"><a href=\"https:\/\/anthroposophy.ca\/branches-and-groups\/calgary-branch\/\">Calgary<\/a><\/h2><h2 style=\"text-align: center;\"><a href=\"https:\/\/anthroposophy.ca\/branches-and-groups\/duncan-bc\/\">Duncan<\/a><\/h2><h2 style=\"text-align: center;\"><a href=\"https:\/\/anthroposophy.ca\/branches-and-groups\/blog-page_23\/\">Edmonton<\/a><\/h2><h2 style=\"text-align: center;\"><a href=\"https:\/\/anthroposophy.ca\/branches-and-groups\/eastern-townships\/\">Eastern Townships<\/a><\/h2><h2 style=\"text-align: center;\"><a href=\"https:\/\/anthroposophy.ca\/branches-and-groups\/kelowna\/\">Kelowna<\/a><\/h2><h2 style=\"text-align: center;\"><a href=\"https:\/\/anthroposophy.ca\/branches-and-groups\/london-on\/\">London ON<\/a><\/h2><h2 style=\"text-align: center;\"><a href=\"https:\/\/anthroposophy.ca\/branches-and-groups\/blog-page_28\/\">Montr\u00e9al (English)<\/a><\/h2><h2 style=\"text-align: center;\"><a href=\"https:\/\/anthroposophy.ca\/branches-and-groups\/blog-page_29\/\">Montr\u00e9al (Fran\u00e7ais)<\/a><\/h2><h2 style=\"text-align: center;\"><a href=\"https:\/\/anthroposophy.ca\/branches-and-groups\/nelson\/\">Nelson<\/a><\/h2><h2 style=\"text-align: center;\"><a href=\"https:\/\/anthroposophy.ca\/branches-and-groups\/nova-scotia\/\">Nova Scotia<\/a><\/h2><h2 style=\"text-align: center;\"><a href=\"https:\/\/anthroposophy.ca\/branches-and-groups\/ottawa\/\">Confluence of Three Rivers (Ottawa, ON)<\/a><\/h2><h2 style=\"text-align: center;\"><a href=\"https:\/\/anthroposophy.ca\/branches-and-groups\/suageen-cedar-branch\/\">Saugeen Cedar Branch<\/a><\/h2><h2 style=\"text-align: center;\"><a href=\"https:\/\/anthroposophy.ca\/branches-and-groups\/sherbrooke-fran\/\">Sherbrooke (Fran\u00e7ais)<\/a><\/h2><h2 style=\"text-align: center;\"><a href=\"https:\/\/anthroposophy.ca\/branches-and-groups\/sunshine-coas\/\">Sunshine Coast<\/a><\/h2><h2 style=\"text-align: center;\"><a href=\"https:\/\/anthroposophy.ca\/branches-and-groups\/thornhi\/\">Thornhill<\/a><\/h2><h2 style=\"text-align: center;\"><a href=\"https:\/\/anthroposophy.ca\/branches-and-groups\/toronto\/\">Toronto<\/a><\/h2><h2 style=\"text-align: center;\"><a href=\"https:\/\/anthroposophy.ca\/branches-and-groups\/val-david\/\">Val David (Fran\u00e7ais)<\/a><\/h2><h2 style=\"text-align: center;\"><a href=\"https:\/\/anthroposophy.ca\/branches-and-groups\/vancouuver\/\">Vancouver<\/a><\/h2><h2><a href=\"https:\/\/anthroposophy.ca\/en\/branches-and-groups\/duncan-bc\/\">Vancouver Island (Duncan Area)<\/a><\/h2>\t\t\t\t\t\t\t\t<\/div>\n\t\t\t\t<\/div>\n\t\t\t\t<div class=\"elementor-element elementor-element-7c41b19 elementor-widget elementor-widget-spacer\" data-id=\"7c41b19\" data-element_type=\"widget\" data-e-type=\"widget\" data-widget_type=\"spacer.default\">\n\t\t\t\t<div class=\"elementor-widget-container\">\n\t\t\t\t\t\t\t<div class=\"elementor-spacer\">\n\t\t\t<div class=\"elementor-spacer-inner\"><\/div>\n\t\t<\/div>\n\t\t\t\t\t\t<\/div>\n\t\t\t\t<\/div>\n\t\t\t\t\t<\/div>\n\t\t<\/div>\n\t\t\t\t\t<\/div>\n\t\t<\/section>\n\t\t\t\t<\/div>\n\t\t","protected":false},"excerpt":{"rendered":"<p>Barrie, ON Calgary Duncan Edmonton Eastern Townships Kelowna London ON Montr\u00e9al (English) Montr\u00e9al (Fran\u00e7ais) Nelson Nova Scotia Confluence of Three Rivers (Ottawa, ON) Saugeen Cedar Branch Sherbrooke (Fran\u00e7ais) Sunshine Coast Thornhill Toronto Val David (Fran\u00e7ais) Vancouver Vancouver Island (Duncan Area)<\/p>\n","protected":false},"author":6,"featured_media":0,"parent":19,"menu_order":0,"comment_status":"closed","ping_status":"closed","template":"elementor_header_footer","meta":{"inline_featured_image":false,"footnotes":""},"class_list":["post-2846","page","type-page","status-publish","hentry"],"_links":{"self":[{"href":"https:\/\/anthroposophy.ca\/en\/wp-json\/wp\/v2\/pages\/2846","targetHints":{"allow":["GET"]}}],"collection":[{"href":"https:\/\/anthroposophy.ca\/en\/wp-json\/wp\/v2\/pages"}],"about":[{"href":"https:\/\/anthroposophy.ca\/en\/wp-json\/wp\/v2\/types\/page"}],"author":[{"embeddable":true,"href":"https:\/\/anthroposophy.ca\/en\/wp-json\/wp\/v2\/users\/6"}],"replies":[{"embeddable":true,"href":"https:\/\/anthroposophy.ca\/en\/wp-json\/wp\/v2\/comments?post=2846"}],"version-history":[{"count":5,"href":"https:\/\/anthroposophy.ca\/en\/wp-json\/wp\/v2\/pages\/2846\/revisions"}],"predecessor-version":[{"id":15826,"href":"https:\/\/anthroposophy.ca\/en\/wp-json\/wp\/v2\/pages\/2846\/revisions\/15826"}],"up":[{"embeddable":true,"href":"https:\/\/anthroposophy.ca\/en\/wp-json\/wp\/v2\/pages\/19"}],"wp:attachment":[{"href":"https:\/\/anthroposophy.ca\/en\/wp-json\/wp\/v2\/media?parent=2846"}],"curies":[{"name":"wp","href":"https:\/\/api.w.org\/{rel}","templated":true}]}}