{"id":439,"date":"2013-06-24T16:14:00","date_gmt":"2013-06-24T20:14:00","guid":{"rendered":"http:\/\/www.asc.wdtest.info\/sherbrooke-fran\/"},"modified":"2025-11-30T13:52:06","modified_gmt":"2025-11-30T18:52:06","slug":"sherbrooke-fran","status":"publish","type":"page","link":"https:\/\/anthroposophy.ca\/en\/branches-and-groups\/sherbrooke-fran\/","title":{"rendered":"Sherbrooke (Fran\u00e7ais). Quebec"},"content":{"rendered":"\t\t<div data-elementor-type=\"wp-page\" data-elementor-id=\"439\" class=\"elementor elementor-439\">\n\t\t\t\t<div class=\"elementor-element elementor-element-27f1aa29 e-flex e-con-boxed e-con e-parent\" data-id=\"27f1aa29\" data-element_type=\"container\" data-e-type=\"container\">\n\t\t\t\t\t<div class=\"e-con-inner\">\n\t\t\t\t<div class=\"elementor-element elementor-element-72bb6f6 elementor-widget elementor-widget-spacer\" data-id=\"72bb6f6\" data-element_type=\"widget\" data-e-type=\"widget\" data-widget_type=\"spacer.default\">\n\t\t\t\t<div class=\"elementor-widget-container\">\n\t\t\t\t\t\t\t<div class=\"elementor-spacer\">\n\t\t\t<div class=\"elementor-spacer-inner\"><\/div>\n\t\t<\/div>\n\t\t\t\t\t\t<\/div>\n\t\t\t\t<\/div>\n\t\t\t\t<div class=\"elementor-element elementor-element-3db005f9 elementor-widget elementor-widget-text-editor\" data-id=\"3db005f9\" data-element_type=\"widget\" data-e-type=\"widget\" data-widget_type=\"text-editor.default\">\n\t\t\t\t<div class=\"elementor-widget-container\">\n\t\t\t\t\t\t\t\t\t<p class=\"Standard\"><i><span lang=\"FR-CA\">Vers les Sources<\/span><\/i><span lang=\"FR-CA\">, Estrie, QC<\/span><\/p>\n<p class=\"Standard\"><span lang=\"FR-CA\">\u00a0<\/span><\/p>\n<p class=\"Standard\"><span lang=\"FR-CA\">Une graine a \u00e9t\u00e9 sem\u00e9e il y a une douzaine d&#8217;ann\u00e9es quand quelques personnes se sont rencontr\u00e9es pour c\u00e9l\u00e9brer les f\u00eates cardinales et r\u00e9fl\u00e9chir aux Imaginations cosmiques.<\/span><\/p>\n<p class=\"Standard\"><span lang=\"FR-CA\">Nous avions toutes un lien avec l&#8217;\u00e9cole <\/span><i><span lang=\"FR-CA\">Les-enfants-de-la-Terre \u00e0<\/span><\/i><span lang=\"FR-CA\"> Waterville, comme parents ou grands-parents, enseignants actuels ou \u00e0 la retraite, eurythmiste ou pianiste \u00e0 l&#8217;eurythmie.<\/span><\/p>\n<p class=\"Standard\"><span lang=\"FR-CA\">Peu \u00e0 peu l\u2019id\u00e9e de cultiver l\u2019anthroposophie en un groupe o\u00f9 les exp\u00e9riences individuelles trouveraient un \u00e9cho a fait son chemin, puis celle de se joindre \u00e0 la Soci\u00e9t\u00e9 anthroposophique \u00e0 cause du lien avec le Goetheanum.<\/span><\/p>\n<p class=\"Standard\"><span lang=\"FR-CA\">Nous nous rencontrons mensuellement de ao\u00fbt \u00e0 juin afin de partager notre travail sur des th\u00e8mes tels :<\/span><\/p>\n<p class=\"Standard\"><span lang=\"FR-CA\">les <\/span><i><span lang=\"FR-CA\">Lignes directrices<\/span><\/i><i><span lang=\"FR-CA\">, <\/span><\/i><span lang=\"FR-CA\">les <\/span><i><span lang=\"FR-CA\">Lettres aux membres,<\/span><\/i><span lang=\"FR-CA\"> la <\/span><i><span lang=\"FR-CA\">Pierre de fondation<\/span><\/i><span lang=\"FR-CA\">, notre biographie, les <\/span><i><span lang=\"FR-CA\">Six exercices<\/span><\/i><span lang=\"FR-CA\">&#8230;.en travaillant \u00e0 maintenir une solidarit\u00e9 spirituelle entre nous.<\/span><\/p>\n<p class=\"Standard\"><span lang=\"FR-CA\">De ce groupe a \u00e9merg\u00e9 celui de l<i>&#8216;<\/i><\/span><i><span lang=\"FR-CA\">Olivier<\/span><\/i><i> <\/i><span lang=\"FR-CA\">s&#8217;int\u00e9ressant aux liens avec les personnes d\u00e9c\u00e9d\u00e9es et celui des <\/span><i><span lang=\"FR-CA\">Festivals<\/span><\/i><i><span lang=\"FR-CA\">.<\/span><\/i><\/p>\n<p class=\"Standard\"><span lang=\"FR-CA\">Micheline Gagnon, pour <\/span><i><span lang=\"FR-CA\">Vers les Sources,<\/span><\/i><span lang=\"FR-CA\"> groupe francophone<\/span><span lang=\"FR-CA\">.<\/span><\/p>\n<p class=\"Standard\"><span lang=\"FR-CA\">micheline.gagnon@gmail.com<\/span><\/p>\n<p class=\"Standard\"><span lang=\"FR-CA\">\u00a0<\/span><\/p>\n<p class=\"Standard\"><span lang=\"FR-CA\">\u00a0<\/span><\/p>\n<p class=\"Standard\"><span lang=\"FR-CA\">\u00a0<\/span><\/p>\t\t\t\t\t\t\t\t<\/div>\n\t\t\t\t<\/div>\n\t\t\t\t\t<\/div>\n\t\t\t\t<\/div>\n\t\t\t\t<\/div>\n\t\t","protected":false},"excerpt":{"rendered":"<p>Vers les Sources, Estrie, QC \u00a0 Une graine a \u00e9t\u00e9 sem\u00e9e il y a une douzaine d&#8217;ann\u00e9es quand quelques personnes se sont rencontr\u00e9es pour c\u00e9l\u00e9brer les f\u00eates cardinales et r\u00e9fl\u00e9chir aux Imaginations cosmiques. Nous avions toutes un lien avec l&#8217;\u00e9cole Les-enfants-de-la-Terre \u00e0 Waterville, comme parents&#8230;<\/p>\n","protected":false},"author":6,"featured_media":0,"parent":19,"menu_order":0,"comment_status":"closed","ping_status":"closed","template":"elementor_header_footer","meta":{"inline_featured_image":false,"footnotes":""},"class_list":["post-439","page","type-page","status-publish","hentry"],"_links":{"self":[{"href":"https:\/\/anthroposophy.ca\/en\/wp-json\/wp\/v2\/pages\/439","targetHints":{"allow":["GET"]}}],"collection":[{"href":"https:\/\/anthroposophy.ca\/en\/wp-json\/wp\/v2\/pages"}],"about":[{"href":"https:\/\/anthroposophy.ca\/en\/wp-json\/wp\/v2\/types\/page"}],"author":[{"embeddable":true,"href":"https:\/\/anthroposophy.ca\/en\/wp-json\/wp\/v2\/users\/6"}],"replies":[{"embeddable":true,"href":"https:\/\/anthroposophy.ca\/en\/wp-json\/wp\/v2\/comments?post=439"}],"version-history":[{"count":6,"href":"https:\/\/anthroposophy.ca\/en\/wp-json\/wp\/v2\/pages\/439\/revisions"}],"predecessor-version":[{"id":15398,"href":"https:\/\/anthroposophy.ca\/en\/wp-json\/wp\/v2\/pages\/439\/revisions\/15398"}],"up":[{"embeddable":true,"href":"https:\/\/anthroposophy.ca\/en\/wp-json\/wp\/v2\/pages\/19"}],"wp:attachment":[{"href":"https:\/\/anthroposophy.ca\/en\/wp-json\/wp\/v2\/media?parent=439"}],"curies":[{"name":"wp","href":"https:\/\/api.w.org\/{rel}","templated":true}]}}