{"id":441,"date":"2013-05-30T19:36:00","date_gmt":"2013-05-30T23:36:00","guid":{"rendered":"http:\/\/www.asc.wdtest.info\/val-david\/"},"modified":"2025-11-30T13:49:53","modified_gmt":"2025-11-30T18:49:53","slug":"val-david","status":"publish","type":"page","link":"https:\/\/anthroposophy.ca\/en\/branches-and-groups\/val-david\/","title":{"rendered":"Val David (Fran\u00e7ais)"},"content":{"rendered":"\t\t<div data-elementor-type=\"wp-page\" data-elementor-id=\"441\" class=\"elementor elementor-441\">\n\t\t\t\t<div class=\"elementor-element elementor-element-7cd831bf e-flex e-con-boxed e-con e-parent\" data-id=\"7cd831bf\" data-element_type=\"container\" data-e-type=\"container\">\n\t\t\t\t\t<div class=\"e-con-inner\">\n\t\t\t\t<div class=\"elementor-element elementor-element-ed09ccd elementor-widget elementor-widget-spacer\" data-id=\"ed09ccd\" data-element_type=\"widget\" data-e-type=\"widget\" data-widget_type=\"spacer.default\">\n\t\t\t\t<div class=\"elementor-widget-container\">\n\t\t\t\t\t\t\t<div class=\"elementor-spacer\">\n\t\t\t<div class=\"elementor-spacer-inner\"><\/div>\n\t\t<\/div>\n\t\t\t\t\t\t<\/div>\n\t\t\t\t<\/div>\n\t\t\t\t<div class=\"elementor-element elementor-element-36632413 elementor-widget elementor-widget-text-editor\" data-id=\"36632413\" data-element_type=\"widget\" data-e-type=\"widget\" data-widget_type=\"text-editor.default\">\n\t\t\t\t<div class=\"elementor-widget-container\">\n\t\t\t\t\t\t\t\t\tMaison Emmanuel (Camphill community) contact Mary Small or Armelle Ferrandiz: 819-322-7014\r\n\r\nLa Branche Laurentia: contact Noemi Glen: 450-340-0637\r\n\r\nClass Holder: H\u00e9l\u00e8ne Besnard: 819-219-1800\r\n\r\nEurythmy ensemble Interval: Armelle Ferrandiz: 819-325-4227\r\n\r\n\u00c9cole Imagine \u2013Waldorf primary school 819-322-7786\r\n\r\n&nbsp;\t\t\t\t\t\t\t\t<\/div>\n\t\t\t\t<\/div>\n\t\t\t\t\t<\/div>\n\t\t\t\t<\/div>\n\t\t\t\t<\/div>\n\t\t","protected":false},"excerpt":{"rendered":"<p>Maison Emmanuel (Camphill community) contact Mary Small or Armelle Ferrandiz: 819-322-7014 La Branche Laurentia: contact Noemi Glen: 450-340-0637 Class Holder: H\u00e9l\u00e8ne Besnard: 819-219-1800 Eurythmy ensemble Interval: Armelle Ferrandiz: 819-325-4227 \u00c9cole Imagine \u2013Waldorf primary school 819-322-7786 &nbsp;<\/p>\n","protected":false},"author":6,"featured_media":0,"parent":19,"menu_order":0,"comment_status":"closed","ping_status":"closed","template":"elementor_header_footer","meta":{"inline_featured_image":false,"footnotes":""},"class_list":["post-441","page","type-page","status-publish","hentry"],"_links":{"self":[{"href":"https:\/\/anthroposophy.ca\/en\/wp-json\/wp\/v2\/pages\/441","targetHints":{"allow":["GET"]}}],"collection":[{"href":"https:\/\/anthroposophy.ca\/en\/wp-json\/wp\/v2\/pages"}],"about":[{"href":"https:\/\/anthroposophy.ca\/en\/wp-json\/wp\/v2\/types\/page"}],"author":[{"embeddable":true,"href":"https:\/\/anthroposophy.ca\/en\/wp-json\/wp\/v2\/users\/6"}],"replies":[{"embeddable":true,"href":"https:\/\/anthroposophy.ca\/en\/wp-json\/wp\/v2\/comments?post=441"}],"version-history":[{"count":6,"href":"https:\/\/anthroposophy.ca\/en\/wp-json\/wp\/v2\/pages\/441\/revisions"}],"predecessor-version":[{"id":15385,"href":"https:\/\/anthroposophy.ca\/en\/wp-json\/wp\/v2\/pages\/441\/revisions\/15385"}],"up":[{"embeddable":true,"href":"https:\/\/anthroposophy.ca\/en\/wp-json\/wp\/v2\/pages\/19"}],"wp:attachment":[{"href":"https:\/\/anthroposophy.ca\/en\/wp-json\/wp\/v2\/media?parent=441"}],"curies":[{"name":"wp","href":"https:\/\/api.w.org\/{rel}","templated":true}]}}