{"id":8156,"date":"2021-08-26T14:29:19","date_gmt":"2021-08-26T18:29:19","guid":{"rendered":"https:\/\/anthroposophy.ca\/?page_id=8156"},"modified":"2026-04-22T14:04:00","modified_gmt":"2026-04-22T18:04:00","slug":"renewing-contribution","status":"publish","type":"page","link":"https:\/\/anthroposophy.ca\/en\/renewing-contribution\/","title":{"rendered":"Renewing Your Contribution and Making a Donation"},"content":{"rendered":"\t\t<div data-elementor-type=\"wp-page\" data-elementor-id=\"8156\" class=\"elementor elementor-8156\">\n\t\t\t\t\t\t<section class=\"elementor-section elementor-top-section elementor-element elementor-element-700c67e elementor-section-boxed elementor-section-height-default elementor-section-height-default parallax_section_no qode_elementor_container_no elementor-invisible\" data-id=\"700c67e\" data-element_type=\"section\" data-e-type=\"section\" data-settings=\"{&quot;background_background&quot;:&quot;classic&quot;,&quot;animation&quot;:&quot;fadeInUp&quot;}\">\n\t\t\t\t\t\t<div class=\"elementor-container elementor-column-gap-default\">\n\t\t\t\t\t<div class=\"elementor-column elementor-col-100 elementor-top-column elementor-element elementor-element-b7ee395\" data-id=\"b7ee395\" data-element_type=\"column\" data-e-type=\"column\">\n\t\t\t<div class=\"elementor-widget-wrap elementor-element-populated\">\n\t\t\t\t\t\t<div class=\"elementor-element elementor-element-6082da1 elementor-widget elementor-widget-spacer\" data-id=\"6082da1\" data-element_type=\"widget\" data-e-type=\"widget\" data-widget_type=\"spacer.default\">\n\t\t\t\t<div class=\"elementor-widget-container\">\n\t\t\t\t\t\t\t<div class=\"elementor-spacer\">\n\t\t\t<div class=\"elementor-spacer-inner\"><\/div>\n\t\t<\/div>\n\t\t\t\t\t\t<\/div>\n\t\t\t\t<\/div>\n\t\t\t\t<div class=\"elementor-element elementor-element-d561317 elementor-widget elementor-widget-text-editor\" data-id=\"d561317\" data-element_type=\"widget\" data-e-type=\"widget\" data-widget_type=\"text-editor.default\">\n\t\t\t\t<div class=\"elementor-widget-container\">\n\t\t\t\t\t\t\t\t\t<p><strong>We value your membership and your participation in the life of the Anthroposophical Society in Canada!<\/strong><\/p><p><a href=\"https:\/\/anthroposophy.ca\/wp-content\/uploads\/2026\/04\/contribution-form-bilingual-.png\"><img fetchpriority=\"high\" decoding=\"async\" class=\"alignnone  wp-image-16278\" src=\"https:\/\/anthroposophy.ca\/wp-content\/uploads\/2026\/04\/contribution-form-bilingual--300x157.png\" alt=\"\" width=\"485\" height=\"253\" srcset=\"https:\/\/anthroposophy.ca\/wp-content\/uploads\/2026\/04\/contribution-form-bilingual--300x157.png 300w, https:\/\/anthroposophy.ca\/wp-content\/uploads\/2026\/04\/contribution-form-bilingual--1024x535.png 1024w, https:\/\/anthroposophy.ca\/wp-content\/uploads\/2026\/04\/contribution-form-bilingual--768x402.png 768w, https:\/\/anthroposophy.ca\/wp-content\/uploads\/2026\/04\/contribution-form-bilingual--700x366.png 700w, https:\/\/anthroposophy.ca\/wp-content\/uploads\/2026\/04\/contribution-form-bilingual-.png 1136w\" sizes=\"(max-width: 485px) 100vw, 485px\" \/><\/a><\/p><p>ENGLISH: (voir ci-dessous (en fran\u00e7ais)<\/p><p>With your annual membership contribution, you are supporting the development of Anthroposophy in this country, and in the world. The suggested contribution amount annually is $320.00.<\/p><p>$120 is given directly to the Goetheanum, regardless of whatever your contribution is. Any amount over $120 is used by the Canadian society. The Council hopes you can contribution $200 (for use in Canada) as well as $120 (for the Goetheanum) for a total of $320 per year.<\/p><p>However, membership in the Society is not dependent on one\u2019s financial contribution. We want you to contribution what you are able to give. If you cannot make the full contribution, we ask that each year you get in touch with us, so we can make provisions based on your circumstances.<\/p><p>Membership is not automatically renewed.<\/p><p><strong>En fran\u00e7ais<\/strong><\/p><p>Nous appr\u00e9cions votre adh\u00e9sion et votre participation \u00e0 la vie de la Soci\u00e9t\u00e9 anthroposophique du Canada !<\/p><p>Votre cotisation annuelle contribue au d\u00e9veloppement de l&#8217;anthroposophie au Canada et partout dans le monde. Le montant sugg\u00e9r\u00e9 est de 320 $ par an.<\/p><p>120 $ sont vers\u00e9s directement au Goetheanum, quel que soit le montant de votre cotisation. Tout montant exc\u00e9dant 120 $ est utilis\u00e9 par la Soci\u00e9t\u00e9 canadienne. Le Conseil esp\u00e8re que vous pourrez cotiser 200 $ (pour le Canada) et 120 $ (pour le Goetheanum), pour un total de 320 $ par ann\u00e9e.<\/p><p>Toutefois, l&#8217;adh\u00e9sion \u00e0 la Soci\u00e9t\u00e9 n&#8217;est pas conditionn\u00e9e par le montant de votre cotisation. Nous vous encourageons \u00e0 cotiser selon vos moyens. Si vous ne pouvez pas payer la cotisation compl\u00e8te, nous vous demandons de communiquer avec nous chaque ann\u00e9e afin que nous puissions prendre des dispositions en fonction de votre situation.<\/p><p>L&#8217;adh\u00e9sion n&#8217;est pas renouvel\u00e9e automatiquement.<\/p>\t\t\t\t\t\t\t\t<\/div>\n\t\t\t\t<\/div>\n\t\t\t\t<div class=\"elementor-element elementor-element-562be8b elementor-widget elementor-widget-heading\" data-id=\"562be8b\" data-element_type=\"widget\" data-e-type=\"widget\" data-widget_type=\"heading.default\">\n\t\t\t\t<div class=\"elementor-widget-container\">\n\t\t\t\t\t<h2 class=\"elementor-heading-title elementor-size-default\">RENEWING CONTRIBUTION FORM\/FORMULAIRE DE RENOUVELLEMENT DE COTISATION<\/h2>\t\t\t\t<\/div>\n\t\t\t\t<\/div>\n\t\t\t\t<div class=\"elementor-element elementor-element-6d02375 elementor-widget elementor-widget-shortcode\" data-id=\"6d02375\" data-element_type=\"widget\" data-e-type=\"widget\" data-widget_type=\"shortcode.default\">\n\t\t\t\t<div class=\"elementor-widget-container\">\n\t\t\t\t\t\t\t<div class=\"elementor-shortcode\"><div id='formContainer950888815' class='sfForm rednaoFormContainer SfFormElementContainer bootstrap-wrapper'><\/div><script>\n            var ajaxurl = 'https:\/\/anthroposophy.ca\/wp-admin\/admin-ajax.php';\n            var smartFormsCurrentTime=new Date('Fri Apr 24 2026 23:11:34 +0000');\n            \tvar smartFormsSaveNonce=\"6bc3152ece\";\n            \tvar smartFormsUserName=\"\";\n            \tvar smartFormsFirstName=\"\";\n            \tvar smartFormsLastName=\"\";\n            \tvar smartFormsEmail=\"\";\n                var smartFormsPath=\"https:\/\/anthroposophy.ca\/wp-content\/plugins\/smart-forms\/\";\n                var smartDonationsRootPath=\"\";\n                var smartDonationsSandbox=\"\";\n                var smartFormsAdditionalFields3=[{\"id\":\"rednaogrouppanel\"},{\"id\":\"rednaogrouppanel\"},{\"id\":\"rednaocurrency\"},{\"id\":\"rednaocurrency\"},{\"id\":\"rednaogrouppanel\"},{\"id\":\"rednaocurrency\"},{\"id\":\"rednaocurrency\"},{\"id\":\"rednaocurrency\"},{\"id\":\"rednaogrouppanel\"},{\"id\":\"rednaocurrency\"},{\"id\":\"rednaocurrency\"},{\"id\":\"rednaocurrency\"},{\"id\":\"rednaocurrency\"},{\"id\":\"rednaocurrency\"},{\"id\":\"rednaocurrency\"},{\"id\":\"rednaocurrency\"},{\"id\":\"rednaocurrency\"},{\"id\":\"rednaocurrency\"},{\"id\":\"rednaocurrency\"},{\"id\":\"rednaocurrency\"},{\"id\":\"rednaocurrency\"},{\"id\":\"rednaocurrency\"},{\"id\":\"rednaocurrency\"},{\"id\":\"rednaogrouppanel\"},{\"id\":\"rednaocurrency\"},{\"id\":\"rednaocurrency\"},{\"id\":\"rednaocurrency\"},{\"id\":\"rednaocurrency\"},{\"id\":\"rednaocurrency\"},{\"id\":\"rednaocurrency\"},{\"id\":\"rednaocurrency\"},{\"id\":\"rednaocurrency\"},{\"id\":\"rednaocurrency\"},{\"id\":\"rednaocurrency\"},{\"id\":\"rednaocurrency\"},{\"id\":\"rednaocurrency\"},{\"id\":\"rednaogrouppanel\"},{\"id\":\"rednaocurrency\"}];\n                var smartFormsDesignMode=false;\n                if(!window.smartFormsItemsToLoad)\n                    window.smartFormsItemsToLoad=new Array();                                                   \n        <\/script><\/div>\n\t\t\t\t\t\t<\/div>\n\t\t\t\t<\/div>\n\t\t\t\t<div class=\"elementor-element elementor-element-59a0726 elementor-widget elementor-widget-spacer\" data-id=\"59a0726\" data-element_type=\"widget\" data-e-type=\"widget\" data-widget_type=\"spacer.default\">\n\t\t\t\t<div class=\"elementor-widget-container\">\n\t\t\t\t\t\t\t<div class=\"elementor-spacer\">\n\t\t\t<div class=\"elementor-spacer-inner\"><\/div>\n\t\t<\/div>\n\t\t\t\t\t\t<\/div>\n\t\t\t\t<\/div>\n\t\t\t\t\t<\/div>\n\t\t<\/div>\n\t\t\t\t\t<\/div>\n\t\t<\/section>\n\t\t\t\t<section class=\"elementor-section elementor-top-section elementor-element elementor-element-d274f8f elementor-section-boxed elementor-section-height-default elementor-section-height-default parallax_section_no qode_elementor_container_no\" data-id=\"d274f8f\" data-element_type=\"section\" data-e-type=\"section\">\n\t\t\t\t\t\t<div class=\"elementor-container elementor-column-gap-default\">\n\t\t\t\t\t<div class=\"elementor-column elementor-col-100 elementor-top-column elementor-element elementor-element-f60183b\" data-id=\"f60183b\" data-element_type=\"column\" data-e-type=\"column\">\n\t\t\t<div class=\"elementor-widget-wrap elementor-element-populated\">\n\t\t\t\t\t\t<div class=\"elementor-element elementor-element-7289caa elementor-widget elementor-widget-text-editor\" data-id=\"7289caa\" data-element_type=\"widget\" data-e-type=\"widget\" data-widget_type=\"text-editor.default\">\n\t\t\t\t<div class=\"elementor-widget-container\">\n\t\t\t\t\t\t\t\t\t<h3>Enquiries:<\/h3><p>1-877-892-3656 or<br \/><a href=\"mailto:info@anthroposophy.ca\">info@anthroposophy.ca<\/a><\/p><h3>Payment methods:<\/h3><p>Visit <a href=\"https:\/\/www.canadahelps.org\/en\/dn\/13497\">www.canadahelps.org<\/a>, and make your contribution with a credit card or PayPal. Please bear in mind that CanadaHelps charge a fee of 3.5% for monthly payments and 4% for single payments and adjust your donation accordingly.<\/p><p>OR<\/p><p>Send a cheque or money order payable to:<br \/>Anthroposophical Society in Canada, #130A \u2013 1<br \/>Hesperus Rd., Thornhill, ON L4J 0G9.<\/p><p>Post-dated cheques are also welcome.<\/p><p>OR<\/p><p>Send an Interac e-transfer and e-mail to <a href=\"mailto:info@anthroposophy.ca\">info@anthroposophy.ca<\/a><\/p><h3>Donations over and above membership:<\/h3><p>The Society supports and encourages Members to make general donations beyond the budgeted contribution amount for use where it is most needed. The Society will also gratefully receive requests for extra donations to be directed to specific activities they wish to support. However, in the event the Society determines that the activity ceases to operate, achieve its objects and\/or becomes redundant or unused, the Society reserves the right to redirect funds related to such activity to general donation revenues and hence to areas of greatest need in the Society\u2019s charitable work.<\/p><h3>Tax receipts:<\/h3><p>(Society charitable registration number: 135250298RR0001)<br \/>Receipts are mailed early in the new year from the Society or directly from Canada Helps.<\/p><p>\u00a0<\/p><p>\u00a0<\/p><p>Renseignements\u00a0:<\/p><p>1-877-892-3656 ou<br \/>info@anthroposophy.ca<\/p><p>Modes de paiement\u00a0:<\/p><p>Visitez le site www.canadahelps.org et faites votre don par carte de cr\u00e9dit ou PayPal. Veuillez noter que CanadaHelps pr\u00e9l\u00e8ve des frais de 3,5\u00a0% pour les paiements mensuels et de 4\u00a0% pour les paiements uniques. Ajustez votre don en cons\u00e9quence.<\/p><p>OU<br \/>Envoyez un ch\u00e8que ou un mandat-poste \u00e0 l\u2019ordre de\u00a0:<\/p><p>Soci\u00e9t\u00e9 anthroposophique du Canada, 130A \u2013 1<\/p><p>Chemin Hesperus, Thornhill (Ontario) L4J 0G9.<\/p><p>Les ch\u00e8ques postdat\u00e9s sont aussi accept\u00e9s.<\/p><p>OU<\/p><p>Envoyez un virement Interac et un courriel \u00e0 info@anthroposophy.ca<\/p><p>Dons suppl\u00e9mentaires\u00a0:<\/p><p>La Soci\u00e9t\u00e9 encourage ses membres \u00e0 faire des dons g\u00e9n\u00e9raux, au-del\u00e0 du montant de leur cotisation, afin de les utiliser l\u00e0 o\u00f9 les besoins sont les plus criants. La Soci\u00e9t\u00e9 acceptera avec gratitude les demandes de dons suppl\u00e9mentaires destin\u00e9s \u00e0 des activit\u00e9s sp\u00e9cifiques que les donateurs souhaitent soutenir. Cependant, si la Soci\u00e9t\u00e9 constate qu&#8217;une activit\u00e9 cesse, n&#8217;atteint pas ses objectifs ou devient superflue ou inutilis\u00e9e, elle se r\u00e9serve le droit de r\u00e9affecter les fonds y aff\u00e9rents aux dons g\u00e9n\u00e9raux et, par cons\u00e9quent, aux domaines les plus prioritaires de son \u0153uvre caritative.<\/p><p>Re\u00e7us fiscaux\u00a0:<\/p><p>(Num\u00e9ro d&#8217;enregistrement d&#8217;organisme de bienfaisance de la Soci\u00e9t\u00e9\u00a0: 135250298RR0001)<\/p><p>Les re\u00e7us sont post\u00e9s au d\u00e9but de la nouvelle ann\u00e9e par la Soci\u00e9t\u00e9 ou directement par Canada Helps.<\/p>\t\t\t\t\t\t\t\t<\/div>\n\t\t\t\t<\/div>\n\t\t\t\t<div class=\"elementor-element elementor-element-4b0c1cb elementor-widget elementor-widget-spacer\" data-id=\"4b0c1cb\" data-element_type=\"widget\" data-e-type=\"widget\" data-widget_type=\"spacer.default\">\n\t\t\t\t<div class=\"elementor-widget-container\">\n\t\t\t\t\t\t\t<div class=\"elementor-spacer\">\n\t\t\t<div class=\"elementor-spacer-inner\"><\/div>\n\t\t<\/div>\n\t\t\t\t\t\t<\/div>\n\t\t\t\t<\/div>\n\t\t\t\t\t<\/div>\n\t\t<\/div>\n\t\t\t\t\t<\/div>\n\t\t<\/section>\n\t\t\t\t<\/div>\n\t\t","protected":false},"excerpt":{"rendered":"<p>We value your membership and your participation in the life of the Anthroposophical Society in Canada! ENGLISH: (voir ci-dessous (en fran\u00e7ais) With your annual membership contribution, you are supporting the development of Anthroposophy in this country, and in the world. The suggested contribution amount annually&#8230;<\/p>\n","protected":false},"author":6,"featured_media":0,"parent":0,"menu_order":0,"comment_status":"closed","ping_status":"closed","template":"elementor_header_footer","meta":{"inline_featured_image":false,"footnotes":""},"class_list":["post-8156","page","type-page","status-publish","hentry"],"_links":{"self":[{"href":"https:\/\/anthroposophy.ca\/en\/wp-json\/wp\/v2\/pages\/8156","targetHints":{"allow":["GET"]}}],"collection":[{"href":"https:\/\/anthroposophy.ca\/en\/wp-json\/wp\/v2\/pages"}],"about":[{"href":"https:\/\/anthroposophy.ca\/en\/wp-json\/wp\/v2\/types\/page"}],"author":[{"embeddable":true,"href":"https:\/\/anthroposophy.ca\/en\/wp-json\/wp\/v2\/users\/6"}],"replies":[{"embeddable":true,"href":"https:\/\/anthroposophy.ca\/en\/wp-json\/wp\/v2\/comments?post=8156"}],"version-history":[{"count":5,"href":"https:\/\/anthroposophy.ca\/en\/wp-json\/wp\/v2\/pages\/8156\/revisions"}],"predecessor-version":[{"id":16282,"href":"https:\/\/anthroposophy.ca\/en\/wp-json\/wp\/v2\/pages\/8156\/revisions\/16282"}],"wp:attachment":[{"href":"https:\/\/anthroposophy.ca\/en\/wp-json\/wp\/v2\/media?parent=8156"}],"curies":[{"name":"wp","href":"https:\/\/api.w.org\/{rel}","templated":true}]}}