{"id":1008,"date":"2015-08-06T16:04:15","date_gmt":"2015-08-06T20:04:15","guid":{"rendered":"http:\/\/www.asc.wdtest.info\/?page_id=1008&#038;lang=fr"},"modified":"2022-04-08T15:54:36","modified_gmt":"2022-04-08T19:54:36","slug":"waldorf-education","status":"publish","type":"page","link":"https:\/\/anthroposophy.ca\/fr\/initiatives\/waldorf-education\/","title":{"rendered":"Les \u00e9coles Waldorf"},"content":{"rendered":"<div id=\"attachment_9190\" style=\"width: 650px\" class=\"wp-caption aligncenter\"><a href=\"https:\/\/www.anthroposophy.ca\/wp-content\/uploads\/2015\/08\/WaldorfEdTWS1.jpg\" rel=\"attachment wp-att-1059\"><img fetchpriority=\"high\" decoding=\"async\" aria-describedby=\"caption-attachment-9190\" class=\"size-large wp-image-1059\" src=\"https:\/\/www.anthroposophy.ca\/wp-content\/uploads\/2015\/08\/WaldorfEdTWS1-1024x768.jpg\" alt=\"Waldorf Education\" width=\"640\" height=\"480\" srcset=\"https:\/\/anthroposophy.ca\/wp-content\/uploads\/2015\/08\/WaldorfEdTWS1-1024x768.jpg 1024w, https:\/\/anthroposophy.ca\/wp-content\/uploads\/2015\/08\/WaldorfEdTWS1-300x225.jpg 300w, https:\/\/anthroposophy.ca\/wp-content\/uploads\/2015\/08\/WaldorfEdTWS1-768x576.jpg 768w\" sizes=\"(max-width: 640px) 100vw, 640px\" \/><\/a><p id=\"caption-attachment-9190\" class=\"wp-caption-text\">Photo credits: Toronto Waldorf School<\/p><\/div>\n<p>La p\u00e9dagogie Waldorf a \u00e9t\u00e9 fond\u00e9e par Rudolf Steiner en 1919 en r\u00e9ponse au chaos social et politique qui a suivi la fin de la Premi\u00e8re Guerre Mondiale. Le curriculum tient compte du d\u00e9veloppement int\u00e9gral de l&rsquo;\u00eatre humain et des grandes \u00e9tapes qui marquent sa croissance et son d\u00e9veloppement. Les enseignants Waldorf prennent grand soin d\u2019entretenir une vie volontaire saine, des sentiments chaleureux \u00e9manant du c\u0153ur ainsi qu\u2019une clart\u00e9 rigoureuse dans la pens\u00e9e humaine. Le programme d&rsquo;\u00e9tudes se veut un mod\u00e8le d\u2019\u00e9quilibre humain pour les jeunes afin qu\u2019ils soient pr\u00e9par\u00e9s \u00e0 une vie d\u2019adulte libre et responsable.<br \/>\nUn objectif important du programme consiste \u00e0 faire revivre \u00e0 l\u2019\u00e2me humaine le chemin qui a conduit \u00e0 l&rsquo;\u00e9mergence de l&rsquo;individualit\u00e9 libre et, \u00e0 ce titre, les contes, l\u00e9gendes et mythologies des peuples composent un ensemble d\u2019images \u00e9vocatrices du d\u00e9veloppement humain \u00e0 travers les si\u00e8cles. Les dipl\u00f4m\u00e9s re\u00e7oivent une formation acad\u00e9mique et artistique qui oriente insensiblement les \u00e9tudiants vers la d\u00e9couverte progressive du motif central de leur vie. L\u2019enseignement Waldorf int\u00e8gre certains aspects des \u00e9tudes classiques de jadis ( mythes, philosophie etc) tout en rejoignant l\u2019exp\u00e9rience moderne acquise depuis les 100 ann\u00e9es de son existence. La p\u00e9riode actuelle de l\u2019histoire soumet l\u2019\u00eatre humain \u00e0 rude \u00e9preuve. La comp\u00e9tition aveugle vers un succ\u00e8s incertain et perturbateur pour la nature humaine saine commande une prudence et une sagesse que les \u00e9ducateurs Waldorf s\u2019efforcent d\u2019incarner avec le souci v\u00e9ritable de l\u2019humain dans l\u2019homme. Il s\u2019agit de r\u00e9pondre aux v\u00e9ritables besoins de notre temps en favorisant l\u2019\u00e9mergence de la plus authentique cr\u00e9ativit\u00e9 dont l\u2019\u00eatre humain est capable. Pour plus d&rsquo;informations sur les initiatives \u00e9ducatives Waldorf au Canada : recherchez \u00abWaldorf Schools in North America\u00bb ou \u00abWaldorf Early Childhood education\u00bb.<\/p>\n","protected":false},"excerpt":{"rendered":"<p>La p\u00e9dagogie Waldorf a \u00e9t\u00e9 fond\u00e9e par Rudolf Steiner en 1919 en r\u00e9ponse au chaos social et politique qui a suivi la fin de la Premi\u00e8re Guerre Mondiale. Le curriculum tient compte du d\u00e9veloppement int\u00e9gral de l&rsquo;\u00eatre humain et des grandes \u00e9tapes qui marquent sa&#8230;<\/p>\n","protected":false},"author":6,"featured_media":0,"parent":938,"menu_order":0,"comment_status":"open","ping_status":"open","template":"","meta":{"inline_featured_image":false,"footnotes":""},"class_list":["post-1008","page","type-page","status-publish","hentry"],"_links":{"self":[{"href":"https:\/\/anthroposophy.ca\/fr\/wp-json\/wp\/v2\/pages\/1008","targetHints":{"allow":["GET"]}}],"collection":[{"href":"https:\/\/anthroposophy.ca\/fr\/wp-json\/wp\/v2\/pages"}],"about":[{"href":"https:\/\/anthroposophy.ca\/fr\/wp-json\/wp\/v2\/types\/page"}],"author":[{"embeddable":true,"href":"https:\/\/anthroposophy.ca\/fr\/wp-json\/wp\/v2\/users\/6"}],"replies":[{"embeddable":true,"href":"https:\/\/anthroposophy.ca\/fr\/wp-json\/wp\/v2\/comments?post=1008"}],"version-history":[{"count":6,"href":"https:\/\/anthroposophy.ca\/fr\/wp-json\/wp\/v2\/pages\/1008\/revisions"}],"predecessor-version":[{"id":10543,"href":"https:\/\/anthroposophy.ca\/fr\/wp-json\/wp\/v2\/pages\/1008\/revisions\/10543"}],"up":[{"embeddable":true,"href":"https:\/\/anthroposophy.ca\/fr\/wp-json\/wp\/v2\/pages\/938"}],"wp:attachment":[{"href":"https:\/\/anthroposophy.ca\/fr\/wp-json\/wp\/v2\/media?parent=1008"}],"curies":[{"name":"wp","href":"https:\/\/api.w.org\/{rel}","templated":true}]}}