{"id":10539,"date":"2022-04-08T15:40:43","date_gmt":"2022-04-08T19:40:43","guid":{"rendered":"https:\/\/anthroposophy.ca\/initiatives\/leurythmie\/"},"modified":"2022-04-08T15:40:43","modified_gmt":"2022-04-08T19:40:43","slug":"leurythmie","status":"publish","type":"page","link":"https:\/\/anthroposophy.ca\/fr\/initiatives\/leurythmie\/","title":{"rendered":"L\u2019eurythmie"},"content":{"rendered":"<h2 class=\"cke_editable editable-text cke_editable_inline cke_focus cke_show_borders element cke_contents_ltr wsite-content-title\" tabindex=\"0\" spellcheck=\"true\"><\/h2>\n<p class=\"cke_editable editable-text cke_editable_inline cke_focus cke_show_borders element cke_contents_ltr wsite-content-title\" tabindex=\"0\" spellcheck=\"true\"><a href=\"https:\/\/anthroposophy.ca\/wp-content\/uploads\/2015\/08\/Eurythmy-e1520969550748.png\"><img fetchpriority=\"high\" decoding=\"async\" class=\"wp-image-840 size-medium alignleft\" src=\"https:\/\/anthroposophy.ca\/wp-content\/uploads\/2015\/08\/Eurythmy-300x202.png\" alt=\"Eurythmy\" width=\"300\" height=\"202\" \/><\/a><span style=\"color: #3f3f3f;\">Le mot eurythmie vient du grec et signifie mouvement beau ou harmonieux.  C&rsquo;est une forme d&rsquo;art expressif, \u00e9galement appel\u00e9e chant et parole rendus visibles.<br \/>\nC&rsquo;est une forme d&rsquo;art du mouvement r\u00e9solument novatrice et moderne. Art de transformation et de gu\u00e9rison dans tous les sens du terme, l&rsquo;eurythmie en est encore \u00e0 ses balbutiements. L\u2019expression visible des aspects invisibles de la parole et de la musique qui impriment leurs mouvements dans l\u2019air a pour fondement la capacit\u00e9 de l\u2019\u00eatre humain \u00e0 les percevoir ou, du moins, \u00e0 transformer le corps physique en un instrument capable de les traduire en s\u2019immergeant dans la vibration de la force vitale de l\u2019\u00e2me. Son but est de rendre les mouvements imprim\u00e9s dans l\u2019air visible, de telle sorte qu\u2019un po\u00e8me, une chanson ou une ambiance se mat\u00e9rialisent et atteignent notre sensibilit\u00e9 int\u00e9rieure. L&rsquo;eurythmie est une discipline artistique qui combine mouvements du corps, fluidit\u00e9 de l&rsquo;\u00e2me et l\u2019\u00e9criture rendue visible de l&rsquo;esprit. Il se pratique par la r\u00e9p\u00e9tition de gestes qui correspondent aux sons de la parole et aux tonalit\u00e9s musicales rendus visibles et perceptibles selon le degr\u00e9 de sensibilit\u00e9 int\u00e9rieure du spectateur. Les gestes eurythmiques s\u2019encha\u00eenent comme dans une chor\u00e9graphie. L&rsquo;eurythmie part du principe que les mouvements de la parole ( nuances et tonalit\u00e9) sont vivants et s\u2019incarnent dans une s\u00e9rie de sch\u00e9mas visibles appartenant \u00e0 la vie elle-m\u00eame.<br \/>\nPour plus d&rsquo;informations, recherchez la formation en eurythmie au Canada.<br \/>\nOu cliquez sur le lien ci-dessous:<br \/>\n<\/span><\/span><\/p>\n<p class=\"cke_editable editable-text cke_editable_inline cke_focus cke_show_borders element cke_contents_ltr wsite-content-title\" tabindex=\"0\" spellcheck=\"true\"><a href=\"https:\/\/www.aurieleurythmy.org\"><span style=\"color: #3f3f3f;\"><span class=\"\">Auriel Eurythmie<\/span><\/span><\/a><\/p>\n<p>Pour plus d&rsquo;informations sur les cours et les \u00e9v\u00e9nements au Canada, cliquez sur le lien ci-dessous :<\/p>\n<p><a href=\"https:\/\/www.eurythmycanada.info\">Eurthymy Canada<\/a><\/p>\n<p>&nbsp;<\/p>\n<p>&nbsp;<\/p>\n","protected":false},"excerpt":{"rendered":"<p>Le mot eurythmie vient du grec et signifie mouvement beau ou harmonieux. C&rsquo;est une forme d&rsquo;art expressif, \u00e9galement appel\u00e9e chant et parole rendus visibles. C&rsquo;est une forme d&rsquo;art du mouvement r\u00e9solument novatrice et moderne. Art de transformation et de gu\u00e9rison dans tous les sens du&#8230;<\/p>\n","protected":false},"author":6,"featured_media":0,"parent":938,"menu_order":0,"comment_status":"closed","ping_status":"closed","template":"","meta":{"inline_featured_image":false,"footnotes":""},"class_list":["post-10539","page","type-page","status-publish","hentry"],"_links":{"self":[{"href":"https:\/\/anthroposophy.ca\/fr\/wp-json\/wp\/v2\/pages\/10539","targetHints":{"allow":["GET"]}}],"collection":[{"href":"https:\/\/anthroposophy.ca\/fr\/wp-json\/wp\/v2\/pages"}],"about":[{"href":"https:\/\/anthroposophy.ca\/fr\/wp-json\/wp\/v2\/types\/page"}],"author":[{"embeddable":true,"href":"https:\/\/anthroposophy.ca\/fr\/wp-json\/wp\/v2\/users\/6"}],"replies":[{"embeddable":true,"href":"https:\/\/anthroposophy.ca\/fr\/wp-json\/wp\/v2\/comments?post=10539"}],"version-history":[{"count":0,"href":"https:\/\/anthroposophy.ca\/fr\/wp-json\/wp\/v2\/pages\/10539\/revisions"}],"up":[{"embeddable":true,"href":"https:\/\/anthroposophy.ca\/fr\/wp-json\/wp\/v2\/pages\/938"}],"wp:attachment":[{"href":"https:\/\/anthroposophy.ca\/fr\/wp-json\/wp\/v2\/media?parent=10539"}],"curies":[{"name":"wp","href":"https:\/\/api.w.org\/{rel}","templated":true}]}}