{"id":10867,"date":"2022-05-29T13:16:11","date_gmt":"2022-05-29T17:16:11","guid":{"rendered":"https:\/\/anthroposophy.ca\/perspectives\/"},"modified":"2025-09-21T14:17:26","modified_gmt":"2025-09-21T18:17:26","slug":"perspectives","status":"publish","type":"page","link":"https:\/\/anthroposophy.ca\/fr\/perspectives\/","title":{"rendered":"Perspectives"},"content":{"rendered":"\t\t<div data-elementor-type=\"wp-page\" data-elementor-id=\"10867\" class=\"elementor elementor-10867 elementor-6819\">\n\t\t\t\t\t\t<section class=\"elementor-section elementor-top-section elementor-element elementor-element-0aa0362 elementor-section-boxed elementor-section-height-default elementor-section-height-default parallax_section_no qode_elementor_container_no\" data-id=\"0aa0362\" data-element_type=\"section\" data-e-type=\"section\">\n\t\t\t\t\t\t<div class=\"elementor-container elementor-column-gap-default\">\n\t\t\t\t\t<div class=\"elementor-column elementor-col-100 elementor-top-column elementor-element elementor-element-2feb09e\" data-id=\"2feb09e\" data-element_type=\"column\" data-e-type=\"column\">\n\t\t\t<div class=\"elementor-widget-wrap elementor-element-populated\">\n\t\t\t\t\t\t<section class=\"elementor-section elementor-inner-section elementor-element elementor-element-ee73719 elementor-section-boxed elementor-section-height-default elementor-section-height-default parallax_section_no qode_elementor_container_no\" data-id=\"ee73719\" data-element_type=\"section\" data-e-type=\"section\">\n\t\t\t\t\t\t<div class=\"elementor-container elementor-column-gap-default\">\n\t\t\t\t\t<div class=\"elementor-column elementor-col-50 elementor-inner-column elementor-element elementor-element-a8df86d\" data-id=\"a8df86d\" data-element_type=\"column\" data-e-type=\"column\">\n\t\t\t<div class=\"elementor-widget-wrap\">\n\t\t\t\t\t\t\t<\/div>\n\t\t<\/div>\n\t\t\t\t<div class=\"elementor-column elementor-col-50 elementor-inner-column elementor-element elementor-element-740ea86\" data-id=\"740ea86\" data-element_type=\"column\" data-e-type=\"column\">\n\t\t\t<div class=\"elementor-widget-wrap\">\n\t\t\t\t\t\t\t<\/div>\n\t\t<\/div>\n\t\t\t\t\t<\/div>\n\t\t<\/section>\n\t\t\t\t\t<\/div>\n\t\t<\/div>\n\t\t\t\t\t<\/div>\n\t\t<\/section>\n\t\t\t\t<section class=\"elementor-section elementor-top-section elementor-element elementor-element-ab6ce1d elementor-section-boxed elementor-section-height-default elementor-section-height-default parallax_section_no qode_elementor_container_no\" data-id=\"ab6ce1d\" data-element_type=\"section\" data-e-type=\"section\">\n\t\t\t\t\t\t<div class=\"elementor-container elementor-column-gap-default\">\n\t\t\t\t\t<div class=\"elementor-column elementor-col-100 elementor-top-column elementor-element elementor-element-7301d8a\" data-id=\"7301d8a\" data-element_type=\"column\" data-e-type=\"column\">\n\t\t\t<div class=\"elementor-widget-wrap elementor-element-populated\">\n\t\t\t\t\t\t<div class=\"elementor-element elementor-element-88e7513 elementor-widget elementor-widget-text-editor\" data-id=\"88e7513\" data-element_type=\"widget\" data-e-type=\"widget\" data-widget_type=\"text-editor.default\">\n\t\t\t\t<div class=\"elementor-widget-container\">\n\t\t\t\t\t\t\t\t\t<p><span style=\"font-weight: 400;\"><strong>Perspectives<\/strong> est la revue de la Soci\u00e9t\u00e9 anthroposophique au Canada. Chaque num\u00e9ro contient environ 4 articles \u00e9crits par les membres. Des th\u00e8mes communs sont g\u00e9n\u00e9ralement rassembl\u00e9s pour la parution de chaque num\u00e9ro. Si vous souhaitez apporter votre contribution, veuillez nous envoyer un courriel accompagn\u00e9 de votre article \u00e0 : <\/span><a href=\"mailto:perspectives@anthroposophy.ca\"><span style=\"font-weight: 400;\">perspectives@anthroposophy.ca<\/span><\/a><span style=\"font-weight: 400;\"> Perspectives sera publi\u00e9 deux fois l\u2019an \u2013 une parution \u00e0 l\u2019\u00e9t\u00e9 avec les contributions des membres en g\u00e9n\u00e9ral et une parution l\u2019hiver avec les contributions de la section jeunesse. Cliquez sur les images ci-dessous pour lire ou t\u00e9l\u00e9charger un pdf du journal.<br \/><\/span><\/p>\t\t\t\t\t\t\t\t<\/div>\n\t\t\t\t<\/div>\n\t\t\t\t<div class=\"elementor-element elementor-element-c560b7c elementor-widget elementor-widget-spacer\" data-id=\"c560b7c\" data-element_type=\"widget\" data-e-type=\"widget\" data-widget_type=\"spacer.default\">\n\t\t\t\t<div class=\"elementor-widget-container\">\n\t\t\t\t\t\t\t<div class=\"elementor-spacer\">\n\t\t\t<div class=\"elementor-spacer-inner\"><\/div>\n\t\t<\/div>\n\t\t\t\t\t\t<\/div>\n\t\t\t\t<\/div>\n\t\t\t\t\t<\/div>\n\t\t<\/div>\n\t\t\t\t\t<\/div>\n\t\t<\/section>\n\t\t<div class=\"elementor-element elementor-element-ce98d25 e-flex e-con-boxed e-con e-parent\" data-id=\"ce98d25\" data-element_type=\"container\" data-e-type=\"container\">\n\t\t\t\t\t<div class=\"e-con-inner\">\n\t\t<div class=\"elementor-element elementor-element-d6f7ba9 e-grid e-con-full e-con e-child\" data-id=\"d6f7ba9\" data-element_type=\"container\" data-e-type=\"container\">\n\t\t<div class=\"elementor-element elementor-element-9b12387 e-con-full e-flex e-con e-child\" data-id=\"9b12387\" data-element_type=\"container\" data-e-type=\"container\">\n\t\t\t\t<div class=\"elementor-element elementor-element-ef61faa animated-slow elementor-invisible elementor-widget elementor-widget-image\" data-id=\"ef61faa\" data-element_type=\"widget\" data-e-type=\"widget\" data-settings=\"{&quot;_animation&quot;:&quot;slideInUp&quot;}\" data-widget_type=\"image.default\">\n\t\t\t\t<div class=\"elementor-widget-container\">\n\t\t\t\t\t\t\t\t\t\t\t\t\t\t\t\t<a href=\"https:\/\/anthroposophy.ca\/wp-content\/uploads\/2025\/09\/Perspectives7_2025.pdf\" target=\"_blank\">\n\t\t\t\t\t\t\t<img fetchpriority=\"high\" decoding=\"async\" width=\"250\" height=\"323\" src=\"https:\/\/anthroposophy.ca\/wp-content\/uploads\/2025\/09\/Perspectives7-thumbnail-1.webp\" class=\"attachment-large size-large wp-image-14259\" alt=\"\" srcset=\"https:\/\/anthroposophy.ca\/wp-content\/uploads\/2025\/09\/Perspectives7-thumbnail-1.webp 250w, https:\/\/anthroposophy.ca\/wp-content\/uploads\/2025\/09\/Perspectives7-thumbnail-1-232x300.webp 232w\" sizes=\"(max-width: 250px) 100vw, 250px\" \/>\t\t\t\t\t\t\t\t<\/a>\n\t\t\t\t\t\t\t\t\t\t\t\t\t\t\t<\/div>\n\t\t\t\t<\/div>\n\t\t\t\t<div class=\"elementor-element elementor-element-168fb8e elementor-invisible elementor-widget elementor-widget-text-editor\" data-id=\"168fb8e\" data-element_type=\"widget\" data-e-type=\"widget\" data-settings=\"{&quot;_animation&quot;:&quot;fadeInUp&quot;}\" data-widget_type=\"text-editor.default\">\n\t\t\t\t<div class=\"elementor-widget-container\">\n\t\t\t\t\t\t\t\t\t<p style=\"text-align: center;\"><strong>Perspectives Num\u00e9ro #7<\/strong><\/p><ul><li style=\"text-align: left;\">Apprivoiser la polarisation par la diff\u00e9renciation et l&rsquo;int\u00e9gration<\/li><li style=\"text-align: left;\">R\u00e9flexions sur la polarit\u00e9 et la polarisation<\/li><li>Exp\u00e9riences de polarisation<\/li><li>Po\u00e9sie<\/li><\/ul>\t\t\t\t\t\t\t\t<\/div>\n\t\t\t\t<\/div>\n\t\t\t\t<\/div>\n\t\t<div class=\"elementor-element elementor-element-80dce6b e-con-full e-flex e-con e-child\" data-id=\"80dce6b\" data-element_type=\"container\" data-e-type=\"container\">\n\t\t\t\t<div class=\"elementor-element elementor-element-f357d2d animated-slow elementor-invisible elementor-widget elementor-widget-image\" data-id=\"f357d2d\" data-element_type=\"widget\" data-e-type=\"widget\" data-settings=\"{&quot;_animation&quot;:&quot;slideInUp&quot;}\" data-widget_type=\"image.default\">\n\t\t\t\t<div class=\"elementor-widget-container\">\n\t\t\t\t\t\t\t\t\t\t\t\t\t\t\t\t<a href=\"https:\/\/anthroposophy.ca\/wp-content\/uploads\/2025\/09\/Perspectives6_2024.pdf\" target=\"_blank\">\n\t\t\t\t\t\t\t<img decoding=\"async\" width=\"250\" height=\"323\" src=\"https:\/\/anthroposophy.ca\/wp-content\/uploads\/2025\/09\/Perspectives6-thumbnail-1.webp\" class=\"attachment-full size-full wp-image-14261\" alt=\"\" srcset=\"https:\/\/anthroposophy.ca\/wp-content\/uploads\/2025\/09\/Perspectives6-thumbnail-1.webp 250w, https:\/\/anthroposophy.ca\/wp-content\/uploads\/2025\/09\/Perspectives6-thumbnail-1-232x300.webp 232w\" sizes=\"(max-width: 250px) 100vw, 250px\" \/>\t\t\t\t\t\t\t\t<\/a>\n\t\t\t\t\t\t\t\t\t\t\t\t\t\t\t<\/div>\n\t\t\t\t<\/div>\n\t\t\t\t<div class=\"elementor-element elementor-element-5870c60 elementor-invisible elementor-widget elementor-widget-text-editor\" data-id=\"5870c60\" data-element_type=\"widget\" data-e-type=\"widget\" data-settings=\"{&quot;_animation&quot;:&quot;fadeInUp&quot;}\" data-widget_type=\"text-editor.default\">\n\t\t\t\t<div class=\"elementor-widget-container\">\n\t\t\t\t\t\t\t\t\t<p style=\"text-align: center;\"><strong>Perspectives Num\u00e9ro #6<\/strong><\/p><ul><li style=\"text-align: left;\">Po\u00e9sie<\/li><li style=\"text-align: left;\">Renouveau<\/li><li style=\"text-align: left;\">Renouveau de la Soci\u00e9t\u00e9 Anthroposophique<\/li><li style=\"text-align: left;\">M\u00e9moire et renouveau<\/li><li style=\"text-align: left;\">Renouveau : ce qui \u00e9tait devient nouveau<\/li><\/ul>\t\t\t\t\t\t\t\t<\/div>\n\t\t\t\t<\/div>\n\t\t\t\t<\/div>\n\t\t<div class=\"elementor-element elementor-element-98f1cf3 e-con-full e-flex e-con e-child\" data-id=\"98f1cf3\" data-element_type=\"container\" data-e-type=\"container\">\n\t\t\t\t<div class=\"elementor-element elementor-element-42c9b2a animated-slow elementor-invisible elementor-widget elementor-widget-image\" data-id=\"42c9b2a\" data-element_type=\"widget\" data-e-type=\"widget\" data-settings=\"{&quot;_animation&quot;:&quot;slideInUp&quot;}\" data-widget_type=\"image.default\">\n\t\t\t\t<div class=\"elementor-widget-container\">\n\t\t\t\t\t\t\t\t\t\t\t\t\t\t\t\t<a href=\"https:\/\/anthroposophy.ca\/wp-content\/uploads\/2023\/04\/Perspectives5_2023-final.pdf\" target=\"_blank\">\n\t\t\t\t\t\t\t<img decoding=\"async\" width=\"250\" height=\"323\" src=\"https:\/\/anthroposophy.ca\/wp-content\/uploads\/2025\/09\/Perspectives5-thumbnail-1.webp\" class=\"attachment-full size-full wp-image-14263\" alt=\"\" srcset=\"https:\/\/anthroposophy.ca\/wp-content\/uploads\/2025\/09\/Perspectives5-thumbnail-1.webp 250w, https:\/\/anthroposophy.ca\/wp-content\/uploads\/2025\/09\/Perspectives5-thumbnail-1-232x300.webp 232w\" sizes=\"(max-width: 250px) 100vw, 250px\" \/>\t\t\t\t\t\t\t\t<\/a>\n\t\t\t\t\t\t\t\t\t\t\t\t\t\t\t<\/div>\n\t\t\t\t<\/div>\n\t\t\t\t<div class=\"elementor-element elementor-element-8b903d7 elementor-invisible elementor-widget elementor-widget-text-editor\" data-id=\"8b903d7\" data-element_type=\"widget\" data-e-type=\"widget\" data-settings=\"{&quot;_animation&quot;:&quot;fadeInUp&quot;}\" data-widget_type=\"text-editor.default\">\n\t\t\t\t<div class=\"elementor-widget-container\">\n\t\t\t\t\t\t\t\t\t<p style=\"text-align: center;\"><strong>Perspectives Num\u00e9ro #5<\/strong><\/p><ul><li>R\u00e9flexions sur le l\u00e2cher-prise<\/li><li>R\u00e9alit\u00e9 vertueuse : enseigner pour l&rsquo;avenir<\/li><li>Nous avons encore beaucoup de temps devant nous<\/li><li>L&rsquo;\u00e8re \u00e0 venir<\/li><\/ul>\t\t\t\t\t\t\t\t<\/div>\n\t\t\t\t<\/div>\n\t\t\t\t<\/div>\n\t\t<div class=\"elementor-element elementor-element-b1b53dd e-con-full e-flex e-con e-child\" data-id=\"b1b53dd\" data-element_type=\"container\" data-e-type=\"container\">\n\t\t\t\t<div class=\"elementor-element elementor-element-df5f324 animated-slow elementor-invisible elementor-widget elementor-widget-image\" data-id=\"df5f324\" data-element_type=\"widget\" data-e-type=\"widget\" data-settings=\"{&quot;_animation&quot;:&quot;slideInUp&quot;}\" data-widget_type=\"image.default\">\n\t\t\t\t<div class=\"elementor-widget-container\">\n\t\t\t\t\t\t\t\t\t\t\t\t\t\t\t\t<a href=\"https:\/\/anthroposophy.ca\/wp-content\/uploads\/2022\/07\/Perspectives4_2022final.pdf\" target=\"_blank\">\n\t\t\t\t\t\t\t<img loading=\"lazy\" decoding=\"async\" width=\"250\" height=\"323\" src=\"https:\/\/anthroposophy.ca\/wp-content\/uploads\/2025\/09\/Perspectives4-thumbnail-1.webp\" class=\"attachment-full size-full wp-image-14265\" alt=\"\" srcset=\"https:\/\/anthroposophy.ca\/wp-content\/uploads\/2025\/09\/Perspectives4-thumbnail-1.webp 250w, https:\/\/anthroposophy.ca\/wp-content\/uploads\/2025\/09\/Perspectives4-thumbnail-1-232x300.webp 232w\" sizes=\"(max-width: 250px) 100vw, 250px\" \/>\t\t\t\t\t\t\t\t<\/a>\n\t\t\t\t\t\t\t\t\t\t\t\t\t\t\t<\/div>\n\t\t\t\t<\/div>\n\t\t\t\t<div class=\"elementor-element elementor-element-84f5437 elementor-invisible elementor-widget elementor-widget-text-editor\" data-id=\"84f5437\" data-element_type=\"widget\" data-e-type=\"widget\" data-settings=\"{&quot;_animation&quot;:&quot;fadeInUp&quot;}\" data-widget_type=\"text-editor.default\">\n\t\t\t\t<div class=\"elementor-widget-container\">\n\t\t\t\t\t\t\t\t\t<p style=\"text-align: center;\"><strong>Perspectives Num\u00e9ro #4<\/strong><\/p><ul><li style=\"text-align: left;\">De la douleur et du d\u00e9sespoir \u00e0 l&rsquo;action<\/li><li style=\"text-align: left;\">L&rsquo;\u00e9veil au deuil<\/li><li>Vignettes<\/li><li>Vers un moment pentec\u00f4tiste pour l&rsquo;anthroposophie : de 1922 \u00e0 2022<\/li><\/ul>\t\t\t\t\t\t\t\t<\/div>\n\t\t\t\t<\/div>\n\t\t\t\t<\/div>\n\t\t<div class=\"elementor-element elementor-element-7e9e758 e-con-full e-flex e-con e-child\" data-id=\"7e9e758\" data-element_type=\"container\" data-e-type=\"container\">\n\t\t\t\t<div class=\"elementor-element elementor-element-380fb48 animated-slow elementor-invisible elementor-widget elementor-widget-image\" data-id=\"380fb48\" data-element_type=\"widget\" data-e-type=\"widget\" data-settings=\"{&quot;_animation&quot;:&quot;slideInUp&quot;}\" data-widget_type=\"image.default\">\n\t\t\t\t<div class=\"elementor-widget-container\">\n\t\t\t\t\t\t\t\t\t\t\t\t\t\t\t\t<a href=\"https:\/\/anthroposophy.ca\/wp-content\/uploads\/2021\/06\/Perspective-3.pdf\" target=\"_blank\">\n\t\t\t\t\t\t\t<img loading=\"lazy\" decoding=\"async\" width=\"250\" height=\"323\" src=\"https:\/\/anthroposophy.ca\/wp-content\/uploads\/2025\/09\/Perspectives3-thumbnail-1.webp\" class=\"attachment-full size-full wp-image-14267\" alt=\"\" srcset=\"https:\/\/anthroposophy.ca\/wp-content\/uploads\/2025\/09\/Perspectives3-thumbnail-1.webp 250w, https:\/\/anthroposophy.ca\/wp-content\/uploads\/2025\/09\/Perspectives3-thumbnail-1-232x300.webp 232w\" sizes=\"(max-width: 250px) 100vw, 250px\" \/>\t\t\t\t\t\t\t\t<\/a>\n\t\t\t\t\t\t\t\t\t\t\t\t\t\t\t<\/div>\n\t\t\t\t<\/div>\n\t\t\t\t<div class=\"elementor-element elementor-element-87155f4 elementor-invisible elementor-widget elementor-widget-text-editor\" data-id=\"87155f4\" data-element_type=\"widget\" data-e-type=\"widget\" data-settings=\"{&quot;_animation&quot;:&quot;fadeInUp&quot;}\" data-widget_type=\"text-editor.default\">\n\t\t\t\t<div class=\"elementor-widget-container\">\n\t\t\t\t\t\t\t\t\t<p style=\"text-align: center;\"><strong>Perspectives Num\u00e9ro #3<\/strong><\/p><ul><li>Devant le repr\u00e9sentant de l&rsquo;humanit\u00e9 de Rudolf Steiner<\/li><li>Le c\u0153ur de l&rsquo;\u00e9quilibre<\/li><li>Au carrefour de la justice sociale<\/li><li>L&rsquo;\u00e9quilibre dans les dessins d&rsquo;enfants<\/li><\/ul>\t\t\t\t\t\t\t\t<\/div>\n\t\t\t\t<\/div>\n\t\t\t\t<\/div>\n\t\t<div class=\"elementor-element elementor-element-0f300cf e-con-full e-flex e-con e-child\" data-id=\"0f300cf\" data-element_type=\"container\" data-e-type=\"container\">\n\t\t\t\t<div class=\"elementor-element elementor-element-e40c500 animated-slow elementor-invisible elementor-widget elementor-widget-image\" data-id=\"e40c500\" data-element_type=\"widget\" data-e-type=\"widget\" data-settings=\"{&quot;_animation&quot;:&quot;slideInUp&quot;}\" data-widget_type=\"image.default\">\n\t\t\t\t<div class=\"elementor-widget-container\">\n\t\t\t\t\t\t\t\t\t\t\t\t\t\t\t\t<a href=\"https:\/\/anthroposophy.ca\/wp-content\/uploads\/2021\/06\/Perspectives_number_2_2020_nume\u0301rique.pdf\" target=\"_blank\">\n\t\t\t\t\t\t\t<img loading=\"lazy\" decoding=\"async\" width=\"250\" height=\"323\" src=\"https:\/\/anthroposophy.ca\/wp-content\/uploads\/2025\/09\/Perspectives2-thumbnail-1.webp\" class=\"attachment-full size-full wp-image-14269\" alt=\"\" srcset=\"https:\/\/anthroposophy.ca\/wp-content\/uploads\/2025\/09\/Perspectives2-thumbnail-1.webp 250w, https:\/\/anthroposophy.ca\/wp-content\/uploads\/2025\/09\/Perspectives2-thumbnail-1-232x300.webp 232w\" sizes=\"(max-width: 250px) 100vw, 250px\" \/>\t\t\t\t\t\t\t\t<\/a>\n\t\t\t\t\t\t\t\t\t\t\t\t\t\t\t<\/div>\n\t\t\t\t<\/div>\n\t\t\t\t<div class=\"elementor-element elementor-element-51b6e1d elementor-invisible elementor-widget elementor-widget-text-editor\" data-id=\"51b6e1d\" data-element_type=\"widget\" data-e-type=\"widget\" data-settings=\"{&quot;_animation&quot;:&quot;fadeInUp&quot;}\" data-widget_type=\"text-editor.default\">\n\t\t\t\t<div class=\"elementor-widget-container\">\n\t\t\t\t\t\t\t\t\t<p style=\"text-align: center;\"><strong>Perspectives Num\u00e9ro #2<\/strong><\/p><ul><li style=\"text-align: left;\">Accepter le mal ?<\/li><li style=\"text-align: left;\">Nommer les t\u00e9n\u00e8bres<\/li><\/ul>\t\t\t\t\t\t\t\t<\/div>\n\t\t\t\t<\/div>\n\t\t\t\t<\/div>\n\t\t<div class=\"elementor-element elementor-element-667269c e-con-full e-flex e-con e-child\" data-id=\"667269c\" data-element_type=\"container\" data-e-type=\"container\">\n\t\t\t\t<div class=\"elementor-element elementor-element-1c8c4fb animated-slow elementor-invisible elementor-widget elementor-widget-image\" data-id=\"1c8c4fb\" data-element_type=\"widget\" data-e-type=\"widget\" data-settings=\"{&quot;_animation&quot;:&quot;slideInUp&quot;}\" data-widget_type=\"image.default\">\n\t\t\t\t<div class=\"elementor-widget-container\">\n\t\t\t\t\t\t\t\t\t\t\t\t\t\t\t\t<a href=\"https:\/\/anthroposophy.ca\/wp-content\/uploads\/2021\/06\/Perspectives_nume\u0301ro_1_2019_nume\u0301rique.pdf\" target=\"_blank\">\n\t\t\t\t\t\t\t<img loading=\"lazy\" decoding=\"async\" width=\"250\" height=\"323\" src=\"https:\/\/anthroposophy.ca\/wp-content\/uploads\/2025\/09\/Perspectives1-thumbnail-1.webp\" class=\"attachment-full size-full wp-image-14271\" alt=\"\" srcset=\"https:\/\/anthroposophy.ca\/wp-content\/uploads\/2025\/09\/Perspectives1-thumbnail-1.webp 250w, https:\/\/anthroposophy.ca\/wp-content\/uploads\/2025\/09\/Perspectives1-thumbnail-1-232x300.webp 232w\" sizes=\"(max-width: 250px) 100vw, 250px\" \/>\t\t\t\t\t\t\t\t<\/a>\n\t\t\t\t\t\t\t\t\t\t\t\t\t\t\t<\/div>\n\t\t\t\t<\/div>\n\t\t\t\t<div class=\"elementor-element elementor-element-cda96be elementor-invisible elementor-widget elementor-widget-text-editor\" data-id=\"cda96be\" data-element_type=\"widget\" data-e-type=\"widget\" data-settings=\"{&quot;_animation&quot;:&quot;fadeInUp&quot;}\" data-widget_type=\"text-editor.default\">\n\t\t\t\t<div class=\"elementor-widget-container\">\n\t\t\t\t\t\t\t\t\t<p style=\"text-align: center;\"><strong>Perspectives Num\u00e9ro #1<\/strong><\/p><ul><li style=\"text-align: left;\">Cultiver la pratique artistique \u2013<br \/>Le c\u0153ur battant de l&rsquo;anthroposophie<\/li><li style=\"text-align: left;\">L&rsquo;espace, le temps et l&rsquo;\u00e9ternit\u00e9 dans la<br \/>M\u00e9ditation sur la pierre angulaire<\/li><\/ul>\t\t\t\t\t\t\t\t<\/div>\n\t\t\t\t<\/div>\n\t\t\t\t<\/div>\n\t\t<div class=\"elementor-element elementor-element-50bd15a e-con-full e-flex e-con e-child\" data-id=\"50bd15a\" data-element_type=\"container\" data-e-type=\"container\">\n\t\t\t\t<\/div>\n\t\t<div class=\"elementor-element elementor-element-2b6bfed e-con-full e-flex e-con e-child\" data-id=\"2b6bfed\" data-element_type=\"container\" data-e-type=\"container\">\n\t\t\t\t<\/div>\n\t\t\t\t<\/div>\n\t\t\t\t\t<\/div>\n\t\t\t\t<\/div>\n\t\t\t\t<section class=\"elementor-section elementor-top-section elementor-element elementor-element-bbab30c elementor-section-boxed elementor-section-height-default elementor-section-height-default parallax_section_no qode_elementor_container_no\" data-id=\"bbab30c\" data-element_type=\"section\" data-e-type=\"section\">\n\t\t\t\t\t\t<div class=\"elementor-container elementor-column-gap-default\">\n\t\t\t\t\t<div class=\"elementor-column elementor-col-100 elementor-top-column elementor-element elementor-element-b3ae43d\" data-id=\"b3ae43d\" data-element_type=\"column\" data-e-type=\"column\">\n\t\t\t<div class=\"elementor-widget-wrap elementor-element-populated\">\n\t\t\t\t\t\t<div class=\"elementor-element elementor-element-9a135da elementor-widget elementor-widget-spacer\" data-id=\"9a135da\" data-element_type=\"widget\" data-e-type=\"widget\" data-widget_type=\"spacer.default\">\n\t\t\t\t<div class=\"elementor-widget-container\">\n\t\t\t\t\t\t\t<div class=\"elementor-spacer\">\n\t\t\t<div class=\"elementor-spacer-inner\"><\/div>\n\t\t<\/div>\n\t\t\t\t\t\t<\/div>\n\t\t\t\t<\/div>\n\t\t\t\t\t<\/div>\n\t\t<\/div>\n\t\t\t\t\t<\/div>\n\t\t<\/section>\n\t\t\t\t<\/div>\n\t\t","protected":false},"excerpt":{"rendered":"<p>Perspectives est la revue de la Soci\u00e9t\u00e9 anthroposophique au Canada. Chaque num\u00e9ro contient environ 4 articles \u00e9crits par les membres. Des th\u00e8mes communs sont g\u00e9n\u00e9ralement rassembl\u00e9s pour la parution de chaque num\u00e9ro. Si vous souhaitez apporter votre contribution, veuillez nous envoyer un courriel accompagn\u00e9 de&#8230;<\/p>\n","protected":false},"author":6,"featured_media":0,"parent":0,"menu_order":0,"comment_status":"closed","ping_status":"closed","template":"elementor_header_footer","meta":{"inline_featured_image":false,"footnotes":""},"class_list":["post-10867","page","type-page","status-publish","hentry"],"_links":{"self":[{"href":"https:\/\/anthroposophy.ca\/fr\/wp-json\/wp\/v2\/pages\/10867","targetHints":{"allow":["GET"]}}],"collection":[{"href":"https:\/\/anthroposophy.ca\/fr\/wp-json\/wp\/v2\/pages"}],"about":[{"href":"https:\/\/anthroposophy.ca\/fr\/wp-json\/wp\/v2\/types\/page"}],"author":[{"embeddable":true,"href":"https:\/\/anthroposophy.ca\/fr\/wp-json\/wp\/v2\/users\/6"}],"replies":[{"embeddable":true,"href":"https:\/\/anthroposophy.ca\/fr\/wp-json\/wp\/v2\/comments?post=10867"}],"version-history":[{"count":5,"href":"https:\/\/anthroposophy.ca\/fr\/wp-json\/wp\/v2\/pages\/10867\/revisions"}],"predecessor-version":[{"id":14289,"href":"https:\/\/anthroposophy.ca\/fr\/wp-json\/wp\/v2\/pages\/10867\/revisions\/14289"}],"wp:attachment":[{"href":"https:\/\/anthroposophy.ca\/fr\/wp-json\/wp\/v2\/media?parent=10867"}],"curies":[{"name":"wp","href":"https:\/\/api.w.org\/{rel}","templated":true}]}}