{"id":11301,"date":"2022-08-14T15:16:22","date_gmt":"2022-08-14T19:16:22","guid":{"rendered":"https:\/\/anthroposophy.ca\/adherents\/liste-des-conferenciers\/"},"modified":"2022-08-14T15:16:22","modified_gmt":"2022-08-14T19:16:22","slug":"liste-des-conferenciers","status":"publish","type":"page","link":"https:\/\/anthroposophy.ca\/fr\/adherents\/liste-des-conferenciers\/","title":{"rendered":"Liste des conf\u00e9renciers"},"content":{"rendered":"\t\t<div data-elementor-type=\"wp-page\" data-elementor-id=\"11301\" class=\"elementor elementor-11301 elementor-7626\">\n\t\t\t\t\t\t<section class=\"elementor-section elementor-top-section elementor-element elementor-element-23d0d859 elementor-section-boxed elementor-section-height-default elementor-section-height-default parallax_section_no qode_elementor_container_no\" data-id=\"23d0d859\" data-element_type=\"section\" data-e-type=\"section\">\n\t\t\t\t\t\t<div class=\"elementor-container elementor-column-gap-default\">\n\t\t\t\t\t<div class=\"elementor-column elementor-col-100 elementor-top-column elementor-element elementor-element-7062077\" data-id=\"7062077\" data-element_type=\"column\" data-e-type=\"column\">\n\t\t\t<div class=\"elementor-widget-wrap\">\n\t\t\t\t\t\t\t<\/div>\n\t\t<\/div>\n\t\t\t\t\t<\/div>\n\t\t<\/section>\n\t\t\t\t<section class=\"elementor-section elementor-top-section elementor-element elementor-element-8ef1600 elementor-section-full_width elementor-section-stretched elementor-section-height-default elementor-section-height-default parallax_section_no qode_elementor_container_no\" data-id=\"8ef1600\" data-element_type=\"section\" data-e-type=\"section\" data-settings=\"{&quot;stretch_section&quot;:&quot;section-stretched&quot;,&quot;background_background&quot;:&quot;classic&quot;,&quot;shape_divider_top&quot;:&quot;mountains&quot;}\">\n\t\t\t\t\t<div class=\"elementor-shape elementor-shape-top\" aria-hidden=\"true\" data-negative=\"false\">\n\t\t\t<svg xmlns=\"http:\/\/www.w3.org\/2000\/svg\" viewBox=\"0 0 1000 100\" preserveAspectRatio=\"none\">\n\t<path class=\"elementor-shape-fill\" opacity=\"0.33\" d=\"M473,67.3c-203.9,88.3-263.1-34-320.3,0C66,119.1,0,59.7,0,59.7V0h1000v59.7 c0,0-62.1,26.1-94.9,29.3c-32.8,3.3-62.8-12.3-75.8-22.1C806,49.6,745.3,8.7,694.9,4.7S492.4,59,473,67.3z\"\/>\n\t<path class=\"elementor-shape-fill\" opacity=\"0.66\" d=\"M734,67.3c-45.5,0-77.2-23.2-129.1-39.1c-28.6-8.7-150.3-10.1-254,39.1 s-91.7-34.4-149.2,0C115.7,118.3,0,39.8,0,39.8V0h1000v36.5c0,0-28.2-18.5-92.1-18.5C810.2,18.1,775.7,67.3,734,67.3z\"\/>\n\t<path class=\"elementor-shape-fill\" d=\"M766.1,28.9c-200-57.5-266,65.5-395.1,19.5C242,1.8,242,5.4,184.8,20.6C128,35.8,132.3,44.9,89.9,52.5C28.6,63.7,0,0,0,0 h1000c0,0-9.9,40.9-83.6,48.1S829.6,47,766.1,28.9z\"\/>\n<\/svg>\t\t<\/div>\n\t\t\t\t\t<div class=\"elementor-container elementor-column-gap-default\">\n\t\t\t\t\t<div class=\"elementor-column elementor-col-100 elementor-top-column elementor-element elementor-element-c1c8af0\" data-id=\"c1c8af0\" data-element_type=\"column\" data-e-type=\"column\">\n\t\t\t<div class=\"elementor-widget-wrap elementor-element-populated\">\n\t\t\t\t\t\t<div class=\"elementor-element elementor-element-55a8527 elementor-widget elementor-widget-spacer\" data-id=\"55a8527\" data-element_type=\"widget\" data-e-type=\"widget\" data-widget_type=\"spacer.default\">\n\t\t\t\t<div class=\"elementor-widget-container\">\n\t\t\t\t\t\t\t<div class=\"elementor-spacer\">\n\t\t\t<div class=\"elementor-spacer-inner\"><\/div>\n\t\t<\/div>\n\t\t\t\t\t\t<\/div>\n\t\t\t\t<\/div>\n\t\t\t\t<section class=\"elementor-section elementor-inner-section elementor-element elementor-element-da31c1e elementor-section-boxed elementor-section-height-default elementor-section-height-default parallax_section_no qode_elementor_container_no\" data-id=\"da31c1e\" data-element_type=\"section\" data-e-type=\"section\">\n\t\t\t\t\t\t<div class=\"elementor-container elementor-column-gap-default\">\n\t\t\t\t\t<div class=\"elementor-column elementor-col-33 elementor-inner-column elementor-element elementor-element-ccb6fb9\" data-id=\"ccb6fb9\" data-element_type=\"column\" data-e-type=\"column\">\n\t\t\t<div class=\"elementor-widget-wrap elementor-element-populated\">\n\t\t\t\t\t\t<div class=\"elementor-element elementor-element-8d59beb elementor-widget elementor-widget-image\" data-id=\"8d59beb\" data-element_type=\"widget\" data-e-type=\"widget\" data-widget_type=\"image.default\">\n\t\t\t\t<div class=\"elementor-widget-container\">\n\t\t\t\t\t\t\t\t\t\t\t\t\t\t\t<img fetchpriority=\"high\" decoding=\"async\" width=\"300\" height=\"300\" src=\"https:\/\/anthroposophy.ca\/wp-content\/uploads\/2021\/09\/Robert-McKay_speaker.jpg\" class=\"attachment-large size-large wp-image-10095\" alt=\"\" srcset=\"https:\/\/anthroposophy.ca\/wp-content\/uploads\/2021\/09\/Robert-McKay_speaker.jpg 300w, https:\/\/anthroposophy.ca\/wp-content\/uploads\/2021\/09\/Robert-McKay_speaker-150x150.jpg 150w\" sizes=\"(max-width: 300px) 100vw, 300px\" \/>\t\t\t\t\t\t\t\t\t\t\t\t\t\t\t<\/div>\n\t\t\t\t<\/div>\n\t\t\t\t\t<\/div>\n\t\t<\/div>\n\t\t\t\t<div class=\"elementor-column elementor-col-66 elementor-inner-column elementor-element elementor-element-1918641\" data-id=\"1918641\" data-element_type=\"column\" data-e-type=\"column\">\n\t\t\t<div class=\"elementor-widget-wrap elementor-element-populated\">\n\t\t\t\t\t\t<div class=\"elementor-element elementor-element-fb2f52d elementor-widget elementor-widget-text-editor\" data-id=\"fb2f52d\" data-element_type=\"widget\" data-e-type=\"widget\" data-widget_type=\"text-editor.default\">\n\t\t\t\t<div class=\"elementor-widget-container\">\n\t\t\t\t\t\t\t\t\t<h2 style=\"text-align: left;\"><strong>Robert McKay<\/strong><\/h2>\r\n<span style=\"font-weight: 400;\">Rob est actif dans la soci\u00e9t\u00e9 de plusieurs fa\u00e7ons et a inaugur\u00e9 la branche de Toronto. Il vit \u00e0 Toronto, Ontario et travaille dans le secteur de la sant\u00e9.\r\nSujets de conf\u00e9rences :\r\nLa voie m\u00e9ditative anthroposophique\r\nLa formation des branches de la soci\u00e9t\u00e9\r\nPour rejoindre Rob, \u00e9crire \u00e0 :\r\n<\/span><a href=\"mailto:robertmckay@rogers.com\"><span style=\"font-weight: 400;\">robertmckay@rogers.com<\/span><\/a>\t\t\t\t\t\t\t\t<\/div>\n\t\t\t\t<\/div>\n\t\t\t\t\t<\/div>\n\t\t<\/div>\n\t\t\t\t\t<\/div>\n\t\t<\/section>\n\t\t\t\t<section class=\"elementor-section elementor-inner-section elementor-element elementor-element-210afcb elementor-section-boxed elementor-section-height-default elementor-section-height-default parallax_section_no qode_elementor_container_no\" data-id=\"210afcb\" data-element_type=\"section\" data-e-type=\"section\">\n\t\t\t\t\t\t<div class=\"elementor-container elementor-column-gap-default\">\n\t\t\t\t\t<div class=\"elementor-column elementor-col-33 elementor-inner-column elementor-element elementor-element-a149f57\" data-id=\"a149f57\" data-element_type=\"column\" data-e-type=\"column\">\n\t\t\t<div class=\"elementor-widget-wrap elementor-element-populated\">\n\t\t\t\t\t\t<div class=\"elementor-element elementor-element-8be6101 elementor-widget elementor-widget-image\" data-id=\"8be6101\" data-element_type=\"widget\" data-e-type=\"widget\" data-widget_type=\"image.default\">\n\t\t\t\t<div class=\"elementor-widget-container\">\n\t\t\t\t\t\t\t\t\t\t\t\t\t\t\t<img decoding=\"async\" width=\"300\" height=\"300\" src=\"https:\/\/anthroposophy.ca\/wp-content\/uploads\/2021\/09\/Mark-McGivern_speaker.jpg\" class=\"attachment-large size-large wp-image-10094\" alt=\"\" srcset=\"https:\/\/anthroposophy.ca\/wp-content\/uploads\/2021\/09\/Mark-McGivern_speaker.jpg 300w, https:\/\/anthroposophy.ca\/wp-content\/uploads\/2021\/09\/Mark-McGivern_speaker-150x150.jpg 150w\" sizes=\"(max-width: 300px) 100vw, 300px\" \/>\t\t\t\t\t\t\t\t\t\t\t\t\t\t\t<\/div>\n\t\t\t\t<\/div>\n\t\t\t\t\t<\/div>\n\t\t<\/div>\n\t\t\t\t<div class=\"elementor-column elementor-col-66 elementor-inner-column elementor-element elementor-element-28bce60\" data-id=\"28bce60\" data-element_type=\"column\" data-e-type=\"column\">\n\t\t\t<div class=\"elementor-widget-wrap elementor-element-populated\">\n\t\t\t\t\t\t<div class=\"elementor-element elementor-element-7950d9b elementor-widget elementor-widget-text-editor\" data-id=\"7950d9b\" data-element_type=\"widget\" data-e-type=\"widget\" data-widget_type=\"text-editor.default\">\n\t\t\t\t<div class=\"elementor-widget-container\">\n\t\t\t\t\t\t\t\t\t<h2><strong>Mark McGivern<\/strong><\/h2>\r\n<span style=\"font-weight: 400;\">Mark est un enseignant, ancien professeur Waldorf, \u00e9diteur et \u00e9crivain. Il est le r\u00e9dacteur en chef de la revue Perspectives et l\u2019auteur d\u2019un livre \u00e0 para\u00eetre aux \u00e9ditions Steinerbooks au d\u00e9but de 2022 : Tolkien&rsquo;s Hidden Pictures: \u00ab Rudolf Steiner and the Secret Meaning of Middle Earth \u00bb\r\nMark agit comme mentor dans le cadre du programme offert par le \u00ab Rudolf Steiner College Foundations Program \u00bb. Il vit \u00e0 Victoria, Colombie-Britannique.\r\nSujets de conf\u00e9rences :\r\nTolkien et l&rsquo;anthroposophie\r\nMythologie et \u00e9volution de la conscience\r\nPour rejoindre Mark, \u00e9crire \u00e0 :\r\n<\/span><a href=\"mailto:markmcgivern50@gmail.com\"><span style=\"font-weight: 400;\">markmcgivern50@gmail.com<\/span><\/a>\t\t\t\t\t\t\t\t<\/div>\n\t\t\t\t<\/div>\n\t\t\t\t\t<\/div>\n\t\t<\/div>\n\t\t\t\t\t<\/div>\n\t\t<\/section>\n\t\t\t\t<section class=\"elementor-section elementor-inner-section elementor-element elementor-element-e124ed2 elementor-section-boxed elementor-section-height-default elementor-section-height-default parallax_section_no qode_elementor_container_no\" data-id=\"e124ed2\" data-element_type=\"section\" data-e-type=\"section\">\n\t\t\t\t\t\t<div class=\"elementor-container elementor-column-gap-default\">\n\t\t\t\t\t<div class=\"elementor-column elementor-col-33 elementor-inner-column elementor-element elementor-element-b0921ea\" data-id=\"b0921ea\" data-element_type=\"column\" data-e-type=\"column\">\n\t\t\t<div class=\"elementor-widget-wrap elementor-element-populated\">\n\t\t\t\t\t\t<div class=\"elementor-element elementor-element-21fe1ee elementor-widget elementor-widget-image\" data-id=\"21fe1ee\" data-element_type=\"widget\" data-e-type=\"widget\" data-widget_type=\"image.default\">\n\t\t\t\t<div class=\"elementor-widget-container\">\n\t\t\t\t\t\t\t\t\t\t\t\t\t\t\t<img decoding=\"async\" width=\"300\" height=\"300\" src=\"https:\/\/anthroposophy.ca\/wp-content\/uploads\/2021\/09\/Diane-Walters-_speaker.jpg\" class=\"attachment-large size-large wp-image-10093\" alt=\"\" srcset=\"https:\/\/anthroposophy.ca\/wp-content\/uploads\/2021\/09\/Diane-Walters-_speaker.jpg 300w, https:\/\/anthroposophy.ca\/wp-content\/uploads\/2021\/09\/Diane-Walters-_speaker-150x150.jpg 150w\" sizes=\"(max-width: 300px) 100vw, 300px\" \/>\t\t\t\t\t\t\t\t\t\t\t\t\t\t\t<\/div>\n\t\t\t\t<\/div>\n\t\t\t\t\t<\/div>\n\t\t<\/div>\n\t\t\t\t<div class=\"elementor-column elementor-col-66 elementor-inner-column elementor-element elementor-element-240b336\" data-id=\"240b336\" data-element_type=\"column\" data-e-type=\"column\">\n\t\t\t<div class=\"elementor-widget-wrap elementor-element-populated\">\n\t\t\t\t\t\t<div class=\"elementor-element elementor-element-b567a96 elementor-widget elementor-widget-text-editor\" data-id=\"b567a96\" data-element_type=\"widget\" data-e-type=\"widget\" data-widget_type=\"text-editor.default\">\n\t\t\t\t<div class=\"elementor-widget-container\">\n\t\t\t\t\t\t\t\t\t<h2><strong>Diane Walters, Ma\u00eetrise en Art.<\/strong><\/h2>\r\nDiane a 38 ans d&rsquo;exp\u00e9rience en anthroposophie. Formation en \u00e9ducation Waldorf, en agriculture biodynamique, en p\u00e9dagogie curative\/th\u00e9rapie sociale dans le mouvement Camphill et une ma\u00eetrise de la Barfield School of Contemplative Studies. Dans l\u2019enseignement depuis 25 ans, elle a \u00e9t\u00e9 responsable de la r\u00e9daction du curriculum d&rsquo;\u00e9tudes secondaires pendant 10 ans. Elle travaille actuellement comme conseill\u00e8re p\u00e9dagogique pour des \u00e9coles ind\u00e9pendantes, des \u00e9coles Waldorf et des familles d\u00e9sireuses, partout dans le monde, de scolariser leurs enfants \u00e0 la maison. Voir son podcast sur l\u2019enseignement int\u00e9gral \u00e0 l\u2019adresse suivante : https:\/\/teachingintothefuture.com\/media\/videos-podcasts\/\r\nElle agit comme mentor pour celles et ceux qui suivent le programme d&rsquo;\u00e9tudes de la fondation du Rudolf Steiner College.\r\nSujets de conf\u00e9rences :\r\nImagination, inspiration et intuition dans les strat\u00e9gies d&rsquo;apprentissage et d&rsquo;enseignement.\r\n\u00ab Clown Mind in the Classroom \u00bb: Apprendre par le rire et les larmes.\r\nEnseigner tourn\u00e9 vers l&rsquo;avenir : \u00e9quilibre entre la pr\u00e9sentation de l&rsquo;enseignant et la participation des \u00e9l\u00e8ves.\r\nRejoindre Diane par courriel \u00e0 : <a href=\"mailto:diane@teachingintothefuture.com\">diane@teachingintothefuture.com<\/a>\t\t\t\t\t\t\t\t<\/div>\n\t\t\t\t<\/div>\n\t\t\t\t\t<\/div>\n\t\t<\/div>\n\t\t\t\t\t<\/div>\n\t\t<\/section>\n\t\t\t\t<div class=\"elementor-element elementor-element-a60ce33 elementor-widget-divider--view-line elementor-widget elementor-widget-divider\" data-id=\"a60ce33\" data-element_type=\"widget\" data-e-type=\"widget\" data-widget_type=\"divider.default\">\n\t\t\t\t<div class=\"elementor-widget-container\">\n\t\t\t\t\t\t\t<div class=\"elementor-divider\">\n\t\t\t<span class=\"elementor-divider-separator\">\n\t\t\t\t\t\t<\/span>\n\t\t<\/div>\n\t\t\t\t\t\t<\/div>\n\t\t\t\t<\/div>\n\t\t\t\t<div class=\"elementor-element elementor-element-78413c4 elementor-widget elementor-widget-text-editor\" data-id=\"78413c4\" data-element_type=\"widget\" data-e-type=\"widget\" data-widget_type=\"text-editor.default\">\n\t\t\t\t<div class=\"elementor-widget-container\">\n\t\t\t\t\t\t\t\t\t<h4 style=\"text-align: center;\"><strong>If you are a member and would like to be added to this list please fill out this form.<\/strong><\/h4>\t\t\t\t\t\t\t\t<\/div>\n\t\t\t\t<\/div>\n\t\t\t\t\t<\/div>\n\t\t<\/div>\n\t\t\t\t\t<\/div>\n\t\t<\/section>\n\t\t\t\t<section class=\"elementor-section elementor-top-section elementor-element elementor-element-0fca52c elementor-section-stretched elementor-section-boxed elementor-section-height-default elementor-section-height-default parallax_section_no qode_elementor_container_no\" data-id=\"0fca52c\" data-element_type=\"section\" data-e-type=\"section\" data-settings=\"{&quot;stretch_section&quot;:&quot;section-stretched&quot;}\">\n\t\t\t\t\t\t<div class=\"elementor-container elementor-column-gap-default\">\n\t\t\t\t\t<div class=\"elementor-column elementor-col-33 elementor-top-column elementor-element elementor-element-3dfed7d\" data-id=\"3dfed7d\" data-element_type=\"column\" data-e-type=\"column\">\n\t\t\t<div class=\"elementor-widget-wrap\">\n\t\t\t\t\t\t\t<\/div>\n\t\t<\/div>\n\t\t\t\t<div class=\"elementor-column elementor-col-33 elementor-top-column elementor-element elementor-element-4386683\" data-id=\"4386683\" data-element_type=\"column\" data-e-type=\"column\">\n\t\t\t<div class=\"elementor-widget-wrap elementor-element-populated\">\n\t\t\t\t\t\t<div class=\"elementor-element elementor-element-aff6626 elementor-widget elementor-widget-shortcode\" data-id=\"aff6626\" data-element_type=\"widget\" data-e-type=\"widget\" data-widget_type=\"shortcode.default\">\n\t\t\t\t<div class=\"elementor-widget-container\">\n\t\t\t\t\t\t\t<div class=\"elementor-shortcode\"><div id='formContainer1964882199' class='sfForm rednaoFormContainer SfFormElementContainer bootstrap-wrapper'><\/div><script>\n            var ajaxurl = 'https:\/\/anthroposophy.ca\/wp-admin\/admin-ajax.php';\n            var smartFormsCurrentTime=new Date('Thu Apr 16 2026 16:48:24 +0000');\n            \tvar smartFormsSaveNonce=\"52e5f1cc87\";\n            \tvar smartFormsUserName=\"\";\n            \tvar smartFormsFirstName=\"\";\n            \tvar smartFormsLastName=\"\";\n            \tvar smartFormsEmail=\"\";\n                var smartFormsPath=\"https:\/\/anthroposophy.ca\/wp-content\/plugins\/smart-forms\/\";\n                var smartDonationsRootPath=\"\";\n                var smartDonationsSandbox=\"\";\n                var smartFormsAdditionalFields4=[{\"id\":\"rednaogrouppanel\"}];\n                var smartFormsDesignMode=false;\n                if(!window.smartFormsItemsToLoad)\n                    window.smartFormsItemsToLoad=new Array();                                                   \n        <\/script><\/div>\n\t\t\t\t\t\t<\/div>\n\t\t\t\t<\/div>\n\t\t\t\t\t<\/div>\n\t\t<\/div>\n\t\t\t\t<div class=\"elementor-column elementor-col-33 elementor-top-column elementor-element elementor-element-d986283\" data-id=\"d986283\" data-element_type=\"column\" data-e-type=\"column\">\n\t\t\t<div class=\"elementor-widget-wrap\">\n\t\t\t\t\t\t\t<\/div>\n\t\t<\/div>\n\t\t\t\t\t<\/div>\n\t\t<\/section>\n\t\t\t\t<section class=\"elementor-section elementor-top-section elementor-element elementor-element-d7b2216 elementor-section-boxed elementor-section-height-default elementor-section-height-default parallax_section_no qode_elementor_container_no\" data-id=\"d7b2216\" data-element_type=\"section\" data-e-type=\"section\">\n\t\t\t\t\t\t<div class=\"elementor-container elementor-column-gap-default\">\n\t\t\t\t\t<div class=\"elementor-column elementor-col-100 elementor-top-column elementor-element elementor-element-5ac3c02\" data-id=\"5ac3c02\" data-element_type=\"column\" data-e-type=\"column\">\n\t\t\t<div class=\"elementor-widget-wrap elementor-element-populated\">\n\t\t\t\t\t\t<div class=\"elementor-element elementor-element-ef3d5cc elementor-widget elementor-widget-spacer\" data-id=\"ef3d5cc\" data-element_type=\"widget\" data-e-type=\"widget\" data-widget_type=\"spacer.default\">\n\t\t\t\t<div class=\"elementor-widget-container\">\n\t\t\t\t\t\t\t<div class=\"elementor-spacer\">\n\t\t\t<div class=\"elementor-spacer-inner\"><\/div>\n\t\t<\/div>\n\t\t\t\t\t\t<\/div>\n\t\t\t\t<\/div>\n\t\t\t\t\t<\/div>\n\t\t<\/div>\n\t\t\t\t\t<\/div>\n\t\t<\/section>\n\t\t\t\t<\/div>\n\t\t","protected":false},"excerpt":{"rendered":"<p>Robert McKay Rob est actif dans la soci\u00e9t\u00e9 de plusieurs fa\u00e7ons et a inaugur\u00e9 la branche de Toronto. Il vit \u00e0 Toronto, Ontario et travaille dans le secteur de la sant\u00e9. Sujets de conf\u00e9rences : La voie m\u00e9ditative anthroposophique La formation des branches de la&#8230;<\/p>\n","protected":false},"author":6,"featured_media":0,"parent":1125,"menu_order":0,"comment_status":"closed","ping_status":"closed","template":"elementor_header_footer","meta":{"inline_featured_image":false,"footnotes":""},"class_list":["post-11301","page","type-page","status-publish","hentry"],"_links":{"self":[{"href":"https:\/\/anthroposophy.ca\/fr\/wp-json\/wp\/v2\/pages\/11301","targetHints":{"allow":["GET"]}}],"collection":[{"href":"https:\/\/anthroposophy.ca\/fr\/wp-json\/wp\/v2\/pages"}],"about":[{"href":"https:\/\/anthroposophy.ca\/fr\/wp-json\/wp\/v2\/types\/page"}],"author":[{"embeddable":true,"href":"https:\/\/anthroposophy.ca\/fr\/wp-json\/wp\/v2\/users\/6"}],"replies":[{"embeddable":true,"href":"https:\/\/anthroposophy.ca\/fr\/wp-json\/wp\/v2\/comments?post=11301"}],"version-history":[{"count":1,"href":"https:\/\/anthroposophy.ca\/fr\/wp-json\/wp\/v2\/pages\/11301\/revisions"}],"predecessor-version":[{"id":11302,"href":"https:\/\/anthroposophy.ca\/fr\/wp-json\/wp\/v2\/pages\/11301\/revisions\/11302"}],"up":[{"embeddable":true,"href":"https:\/\/anthroposophy.ca\/fr\/wp-json\/wp\/v2\/pages\/1125"}],"wp:attachment":[{"href":"https:\/\/anthroposophy.ca\/fr\/wp-json\/wp\/v2\/media?parent=11301"}],"curies":[{"name":"wp","href":"https:\/\/api.w.org\/{rel}","templated":true}]}}