{"id":11317,"date":"2022-08-22T16:22:15","date_gmt":"2022-08-22T20:22:15","guid":{"rendered":"https:\/\/anthroposophy.ca\/renouvellement-annuel-de-votre-cotisation-de-membre\/"},"modified":"2022-08-22T16:26:17","modified_gmt":"2022-08-22T20:26:17","slug":"renouvellement-annuel-de-votre-cotisation-de-membre","status":"publish","type":"page","link":"https:\/\/anthroposophy.ca\/fr\/renouvellement-annuel-de-votre-cotisation-de-membre\/","title":{"rendered":"Renouvellement annuel de votre cotisation de membre."},"content":{"rendered":"\t\t<div data-elementor-type=\"wp-page\" data-elementor-id=\"11317\" class=\"elementor elementor-11317 elementor-8156\">\n\t\t\t\t\t\t<section class=\"elementor-section elementor-top-section elementor-element elementor-element-2a06a40 elementor-section-boxed elementor-section-height-default elementor-section-height-default parallax_section_no qode_elementor_container_no\" data-id=\"2a06a40\" data-element_type=\"section\" data-e-type=\"section\">\n\t\t\t\t\t\t<div class=\"elementor-container elementor-column-gap-default\">\n\t\t\t\t\t<div class=\"elementor-column elementor-col-100 elementor-top-column elementor-element elementor-element-5b4ea25\" data-id=\"5b4ea25\" data-element_type=\"column\" data-e-type=\"column\">\n\t\t\t<div class=\"elementor-widget-wrap\">\n\t\t\t\t\t\t\t<\/div>\n\t\t<\/div>\n\t\t\t\t\t<\/div>\n\t\t<\/section>\n\t\t\t\t<section class=\"elementor-section elementor-top-section elementor-element elementor-element-700c67e elementor-section-boxed elementor-section-height-default elementor-section-height-default parallax_section_no qode_elementor_container_no elementor-invisible\" data-id=\"700c67e\" data-element_type=\"section\" data-e-type=\"section\" data-settings=\"{&quot;background_background&quot;:&quot;classic&quot;,&quot;animation&quot;:&quot;fadeInUp&quot;}\">\n\t\t\t\t\t\t<div class=\"elementor-container elementor-column-gap-default\">\n\t\t\t\t\t<div class=\"elementor-column elementor-col-100 elementor-top-column elementor-element elementor-element-b7ee395\" data-id=\"b7ee395\" data-element_type=\"column\" data-e-type=\"column\">\n\t\t\t<div class=\"elementor-widget-wrap elementor-element-populated\">\n\t\t\t\t\t\t<div class=\"elementor-element elementor-element-d561317 elementor-widget elementor-widget-text-editor\" data-id=\"d561317\" data-element_type=\"widget\" data-e-type=\"widget\" data-widget_type=\"text-editor.default\">\n\t\t\t\t<div class=\"elementor-widget-container\">\n\t\t\t\t\t\t\t\t\t<p><strong>Nous appr\u00e9cions votre adh\u00e9sion et votre participation \u00e0 la vie de la Soci\u00e9t\u00e9 anthroposophique au Canada. Votre cotisation annuelle sert \u00e0 soutenir le d\u00e9veloppement de l&rsquo;anthroposophie dans ce pays et dans le monde. Le montant de la contribution annuelle sugg\u00e9r\u00e9e est de 320,00$. L&rsquo;adh\u00e9sion \u00e0 la Soci\u00e9t\u00e9 ne d\u00e9pend pas de la hauteur de votre contribution. Toutefois, si vous \u00eates incapable de verser la totalit\u00e9 de la cotisation, vous devez nous en aviser \u00e0 chaque ann\u00e9e afin que nous puissions constituer des provisions en fonction de votre situation.  Ce n\u2019est qu\u2019ainsi que nous pouvons maintenir votre adh\u00e9sion, car elle n&rsquo;est pas automatiquement renouvel\u00e9e.<\/p>\t\t\t\t\t\t\t\t<\/div>\n\t\t\t\t<\/div>\n\t\t\t\t<div class=\"elementor-element elementor-element-562be8b elementor-widget elementor-widget-heading\" data-id=\"562be8b\" data-element_type=\"widget\" data-e-type=\"widget\" data-widget_type=\"heading.default\">\n\t\t\t\t<div class=\"elementor-widget-container\">\n\t\t\t\t\t<h2 class=\"elementor-heading-title elementor-size-default\">RENEWING CONTRIBUTION FORM<\/h2>\t\t\t\t<\/div>\n\t\t\t\t<\/div>\n\t\t\t\t<div class=\"elementor-element elementor-element-6d02375 elementor-widget elementor-widget-shortcode\" data-id=\"6d02375\" data-element_type=\"widget\" data-e-type=\"widget\" data-widget_type=\"shortcode.default\">\n\t\t\t\t<div class=\"elementor-widget-container\">\n\t\t\t\t\t\t\t<div class=\"elementor-shortcode\"><div id='formContainer1412800801' class='sfForm rednaoFormContainer SfFormElementContainer bootstrap-wrapper'><\/div><script>\n            var ajaxurl = 'https:\/\/anthroposophy.ca\/wp-admin\/admin-ajax.php';\n            var smartFormsCurrentTime=new Date('Mon Apr 06 2026 11:33:50 +0000');\n            \tvar smartFormsSaveNonce=\"bd8784ecdf\";\n            \tvar smartFormsUserName=\"\";\n            \tvar smartFormsFirstName=\"\";\n            \tvar smartFormsLastName=\"\";\n            \tvar smartFormsEmail=\"\";\n                var smartFormsPath=\"https:\/\/anthroposophy.ca\/wp-content\/plugins\/smart-forms\/\";\n                var smartDonationsRootPath=\"\";\n                var smartDonationsSandbox=\"\";\n                var smartFormsAdditionalFields3=[{\"id\":\"rednaogrouppanel\"},{\"id\":\"rednaogrouppanel\"},{\"id\":\"rednaocurrency\"},{\"id\":\"rednaocurrency\"},{\"id\":\"rednaogrouppanel\"},{\"id\":\"rednaocurrency\"},{\"id\":\"rednaocurrency\"},{\"id\":\"rednaocurrency\"},{\"id\":\"rednaogrouppanel\"},{\"id\":\"rednaocurrency\"},{\"id\":\"rednaocurrency\"},{\"id\":\"rednaocurrency\"},{\"id\":\"rednaocurrency\"},{\"id\":\"rednaocurrency\"},{\"id\":\"rednaocurrency\"},{\"id\":\"rednaocurrency\"},{\"id\":\"rednaocurrency\"},{\"id\":\"rednaocurrency\"},{\"id\":\"rednaocurrency\"},{\"id\":\"rednaocurrency\"},{\"id\":\"rednaocurrency\"},{\"id\":\"rednaocurrency\"},{\"id\":\"rednaocurrency\"},{\"id\":\"rednaocurrency\"},{\"id\":\"rednaogrouppanel\"},{\"id\":\"rednaocurrency\"},{\"id\":\"rednaocurrency\"},{\"id\":\"rednaocurrency\"},{\"id\":\"rednaocurrency\"},{\"id\":\"rednaocurrency\"},{\"id\":\"rednaocurrency\"},{\"id\":\"rednaocurrency\"},{\"id\":\"rednaocurrency\"},{\"id\":\"rednaocurrency\"},{\"id\":\"rednaocurrency\"},{\"id\":\"rednaocurrency\"},{\"id\":\"rednaocurrency\"},{\"id\":\"rednaogrouppanel\"},{\"id\":\"rednaocurrency\"}];\n                var smartFormsDesignMode=false;\n                if(!window.smartFormsItemsToLoad)\n                    window.smartFormsItemsToLoad=new Array();                                                   \n        <\/script><\/div>\n\t\t\t\t\t\t<\/div>\n\t\t\t\t<\/div>\n\t\t\t\t<div class=\"elementor-element elementor-element-59a0726 elementor-widget elementor-widget-spacer\" data-id=\"59a0726\" data-element_type=\"widget\" data-e-type=\"widget\" data-widget_type=\"spacer.default\">\n\t\t\t\t<div class=\"elementor-widget-container\">\n\t\t\t\t\t\t\t<div class=\"elementor-spacer\">\n\t\t\t<div class=\"elementor-spacer-inner\"><\/div>\n\t\t<\/div>\n\t\t\t\t\t\t<\/div>\n\t\t\t\t<\/div>\n\t\t\t\t\t<\/div>\n\t\t<\/div>\n\t\t\t\t\t<\/div>\n\t\t<\/section>\n\t\t\t\t<section class=\"elementor-section elementor-top-section elementor-element elementor-element-d274f8f elementor-section-boxed elementor-section-height-default elementor-section-height-default parallax_section_no qode_elementor_container_no\" data-id=\"d274f8f\" data-element_type=\"section\" data-e-type=\"section\">\n\t\t\t\t\t\t<div class=\"elementor-container elementor-column-gap-default\">\n\t\t\t\t\t<div class=\"elementor-column elementor-col-100 elementor-top-column elementor-element elementor-element-f60183b\" data-id=\"f60183b\" data-element_type=\"column\" data-e-type=\"column\">\n\t\t\t<div class=\"elementor-widget-wrap elementor-element-populated\">\n\t\t\t\t\t\t<div class=\"elementor-element elementor-element-7289caa elementor-widget elementor-widget-text-editor\" data-id=\"7289caa\" data-element_type=\"widget\" data-e-type=\"widget\" data-widget_type=\"text-editor.default\">\n\t\t\t\t<div class=\"elementor-widget-container\">\n\t\t\t\t\t\t\t\t\t<h3>POUR NOUS JOINDRE :<\/h3>\r\n1-877-892-3656\r\n<a href=\"mailto:info@anthroposophy.ca\">info@anthroposophy.ca<\/a>\r\n<h3>Payment methods:<\/h3>\r\nVisit <a href=\"https:\/\/www.canadahelps.org\/en\/dn\/13497\">www.canadahelps.org<\/a>, and make your contribution with a credit card or PayPal. Please bear in mind that CanadaHelps charge a fee of 3.5% for monthly payments and 4% for single payments and adjust your donation accordingly.\r\n\r\nOR\r\n\r\nSend a cheque or money order payable to:\r\nAnthroposophical Society in Canada, #130A \u2013 1\r\nHesperus Rd., Thornhill, ON L4J 0G9.\r\n\r\nPost-dated cheques are also welcome.\r\n\r\nOR\r\n\r\nSend an Interac e-transfer and e-mail to <a href=\"mailto:info@anthroposophy.ca\">info@anthroposophy.ca<\/a>\r\n<h3>Donations over and above membership:<\/h3>\r\nThe Society supports and encourages Members to make general donations beyond the budgeted contribution amount for use where it is most needed. The Society will also gratefully receive requests for extra donations to be directed to specific activities they wish to support. However, in the event the Society determines that the activity ceases to operate, achieve its objects and\/or becomes redundant or unused, the Society reserves the right to redirect funds related to such activity to general donation revenues and hence to areas of greatest need in the Society\u2019s charitable work.\r\n<h3>Tax receipts:<\/h3>\r\n(Society charitable registration number: 135250298RR0001)\r\nReceipts are mailed in early 2022 from the Society or directly from Canada Helps.\t\t\t\t\t\t\t\t<\/div>\n\t\t\t\t<\/div>\n\t\t\t\t<div class=\"elementor-element elementor-element-4b0c1cb elementor-widget elementor-widget-spacer\" data-id=\"4b0c1cb\" data-element_type=\"widget\" data-e-type=\"widget\" data-widget_type=\"spacer.default\">\n\t\t\t\t<div class=\"elementor-widget-container\">\n\t\t\t\t\t\t\t<div class=\"elementor-spacer\">\n\t\t\t<div class=\"elementor-spacer-inner\"><\/div>\n\t\t<\/div>\n\t\t\t\t\t\t<\/div>\n\t\t\t\t<\/div>\n\t\t\t\t\t<\/div>\n\t\t<\/div>\n\t\t\t\t\t<\/div>\n\t\t<\/section>\n\t\t\t\t<\/div>\n\t\t","protected":false},"excerpt":{"rendered":"<p>Nous appr\u00e9cions votre adh\u00e9sion et votre participation \u00e0 la vie de la Soci\u00e9t\u00e9 anthroposophique au Canada. Votre cotisation annuelle sert \u00e0 soutenir le d\u00e9veloppement de l&rsquo;anthroposophie dans ce pays et dans le monde. Le montant de la contribution annuelle sugg\u00e9r\u00e9e est de 320,00$. L&rsquo;adh\u00e9sion \u00e0&#8230;<\/p>\n","protected":false},"author":6,"featured_media":0,"parent":0,"menu_order":0,"comment_status":"closed","ping_status":"closed","template":"elementor_header_footer","meta":{"inline_featured_image":false,"footnotes":""},"class_list":["post-11317","page","type-page","status-publish","hentry"],"_links":{"self":[{"href":"https:\/\/anthroposophy.ca\/fr\/wp-json\/wp\/v2\/pages\/11317","targetHints":{"allow":["GET"]}}],"collection":[{"href":"https:\/\/anthroposophy.ca\/fr\/wp-json\/wp\/v2\/pages"}],"about":[{"href":"https:\/\/anthroposophy.ca\/fr\/wp-json\/wp\/v2\/types\/page"}],"author":[{"embeddable":true,"href":"https:\/\/anthroposophy.ca\/fr\/wp-json\/wp\/v2\/users\/6"}],"replies":[{"embeddable":true,"href":"https:\/\/anthroposophy.ca\/fr\/wp-json\/wp\/v2\/comments?post=11317"}],"version-history":[{"count":3,"href":"https:\/\/anthroposophy.ca\/fr\/wp-json\/wp\/v2\/pages\/11317\/revisions"}],"predecessor-version":[{"id":11321,"href":"https:\/\/anthroposophy.ca\/fr\/wp-json\/wp\/v2\/pages\/11317\/revisions\/11321"}],"wp:attachment":[{"href":"https:\/\/anthroposophy.ca\/fr\/wp-json\/wp\/v2\/media?parent=11317"}],"curies":[{"name":"wp","href":"https:\/\/api.w.org\/{rel}","templated":true}]}}