{"id":11438,"date":"2022-10-05T12:57:26","date_gmt":"2022-10-05T16:57:26","guid":{"rendered":"https:\/\/anthroposophy.ca\/?page_id=11438"},"modified":"2025-11-30T14:02:08","modified_gmt":"2025-11-30T19:02:08","slug":"festival-nord-americain","status":"publish","type":"page","link":"https:\/\/anthroposophy.ca\/fr\/festival-nord-americain\/","title":{"rendered":"Festival Nord-am\u00e9ricain"},"content":{"rendered":"\t\t<div data-elementor-type=\"wp-page\" data-elementor-id=\"11438\" class=\"elementor elementor-11438 elementor-bc-flex-widget\">\n\t\t\t\t\t\t<section class=\"elementor-section elementor-top-section elementor-element elementor-element-8e4d3cc elementor-section-boxed elementor-section-height-default elementor-section-height-default parallax_section_no qode_elementor_container_no\" data-id=\"8e4d3cc\" data-element_type=\"section\" data-e-type=\"section\" data-settings=\"{&quot;background_background&quot;:&quot;classic&quot;}\">\n\t\t\t\t\t\t<div class=\"elementor-container elementor-column-gap-default\">\n\t\t\t\t\t<div class=\"elementor-column elementor-col-100 elementor-top-column elementor-element elementor-element-0cb9c72\" data-id=\"0cb9c72\" data-element_type=\"column\" data-e-type=\"column\" data-settings=\"{&quot;background_background&quot;:&quot;classic&quot;}\">\n\t\t\t<div class=\"elementor-widget-wrap elementor-element-populated\">\n\t\t\t\t\t\t<div class=\"elementor-element elementor-element-aeba8cd elementor-widget elementor-widget-image\" data-id=\"aeba8cd\" data-element_type=\"widget\" data-e-type=\"widget\" data-widget_type=\"image.default\">\n\t\t\t\t<div class=\"elementor-widget-container\">\n\t\t\t\t\t\t\t\t\t\t\t\t\t\t\t<img fetchpriority=\"high\" decoding=\"async\" width=\"200\" height=\"300\" src=\"https:\/\/anthroposophy.ca\/wp-content\/uploads\/2022\/08\/festival_star-200x300.jpg\" class=\"attachment-medium size-medium wp-image-11354\" alt=\"\" srcset=\"https:\/\/anthroposophy.ca\/wp-content\/uploads\/2022\/08\/festival_star-200x300.jpg 200w, https:\/\/anthroposophy.ca\/wp-content\/uploads\/2022\/08\/festival_star.jpg 300w\" sizes=\"(max-width: 200px) 100vw, 200px\" \/>\t\t\t\t\t\t\t\t\t\t\t\t\t\t\t<\/div>\n\t\t\t\t<\/div>\n\t\t\t\t<div class=\"elementor-element elementor-element-3a0b13a elementor-widget elementor-widget-heading\" data-id=\"3a0b13a\" data-element_type=\"widget\" data-e-type=\"widget\" data-widget_type=\"heading.default\">\n\t\t\t\t<div class=\"elementor-widget-container\">\n\t\t\t\t\t<h1 class=\"elementor-heading-title elementor-size-default\">Pour qu\u2019\u00e9volue vers le bien<\/h1>\t\t\t\t<\/div>\n\t\t\t\t<\/div>\n\t\t\t\t<div class=\"elementor-element elementor-element-615e27f elementor-widget elementor-widget-heading\" data-id=\"615e27f\" data-element_type=\"widget\" data-e-type=\"widget\" data-widget_type=\"heading.default\">\n\t\t\t\t<div class=\"elementor-widget-container\">\n\t\t\t\t\t<h4 class=\"elementor-heading-title elementor-size-default\">Une c\u00e9l\u00e9bration de l\u2019initiative<\/h4>\t\t\t\t<\/div>\n\t\t\t\t<\/div>\n\t\t\t\t\t<\/div>\n\t\t<\/div>\n\t\t\t\t\t<\/div>\n\t\t<\/section>\n\t\t\t\t<section class=\"elementor-section elementor-top-section elementor-element elementor-element-348c115 elementor-section-boxed elementor-section-height-default elementor-section-height-default parallax_section_no qode_elementor_container_no\" data-id=\"348c115\" data-element_type=\"section\" data-e-type=\"section\">\n\t\t\t\t\t\t<div class=\"elementor-container elementor-column-gap-default\">\n\t\t\t\t\t<div class=\"elementor-column elementor-col-100 elementor-top-column elementor-element elementor-element-9279f45\" data-id=\"9279f45\" data-element_type=\"column\" data-e-type=\"column\" data-settings=\"{&quot;background_background&quot;:&quot;classic&quot;}\">\n\t\t\t<div class=\"elementor-widget-wrap elementor-element-populated\">\n\t\t\t\t\t\t<div class=\"elementor-element elementor-element-1ed2144 elementor-widget elementor-widget-text-editor\" data-id=\"1ed2144\" data-element_type=\"widget\" data-e-type=\"widget\" data-widget_type=\"text-editor.default\">\n\t\t\t\t<div class=\"elementor-widget-container\">\n\t\t\t\t\t\t\t\t\t<h4 style=\"text-align: center;\">10-16 ao\u00fbt 2023<\/h4>\n<p style=\"text-align: center;\"><strong>Congr\u00e8s anthroposophique nord-am\u00e9ricain pour comm\u00e9morer le centenaire de l\u2019assembl\u00e9e de fondation de la Soci\u00e9t\u00e9 anthroposophique g\u00e9n\u00e9rale<\/strong><\/p>\n<p><strong>Lieu:<\/strong> The Interlake, au Manitoba situ\u00e9 \u00e0 une heure au nord de Winnipeg, \u00e0 sept heures de route au nord de Minneapolis<\/p>\n<p>Constanza Kaliks et Peter Selg, membres de la direction au Goeth\u00e9anum, ont confirm\u00e9 leur pr\u00e9sence.<\/p>\n<p><div id=\"attachment_11602\" style=\"width: 242px\" class=\"wp-caption alignright\"><a href=\"https:\/\/anthroposophy.ca\/wp-content\/uploads\/2022\/10\/Festival_Programme_Provisoir.pdf\"><img decoding=\"async\" aria-describedby=\"caption-attachment-11602\" class=\"size-medium wp-image-11601\" src=\"https:\/\/anthroposophy.ca\/wp-content\/uploads\/2022\/10\/Festival_Programme_Provisoir-232x300.jpg\" alt=\"\" width=\"232\" height=\"300\" \/><\/a><p id=\"caption-attachment-11602\" class=\"wp-caption-text\"><a href=\"https:\/\/thatgoodmaybecome.ca\/fr\/\">Festival programme provisoir<\/a><\/p><\/div><\/p>\n<p>Pour marquer ce moment important de la biographie de la Soci\u00e9t\u00e9 anthroposophique g\u00e9n\u00e9rale, la Soci\u00e9t\u00e9 anthroposophique au Canada pr\u00e9pare un grand \u00e9v\u00e9nement qui aura lieu \u00e0 l\u2019\u00e9t\u00e9 2023. Cet \u00e9v\u00e9nement se tiendra au centre m\u00eame de notre continent, au Manitoba, dans la r\u00e9gion d\u2019Interlake, situ\u00e9e \u00e0 une heure de route au nord de Winnipeg. Ce lieu a \u00e9t\u00e9 choisi comme \u00e9tant accessible non seulement aux membres de partout au Canada, mais \u00e9galement aux amis habitant le Midwest des \u00c9tats-Unis.<\/p>\n<p>Au c\u0153ur de cette comm\u00e9moration se trouve une question fondamentale\u00a0: que veut dire, dans le sens le plus large, prendre de l\u2019initiative de mani\u00e8re \u00e0 pouvoir avancer vers l\u2019avenir en toute conscience ? Un des aspects de cette recherche nous pousse \u00e0 explorer comment la Pierre de fondation d\u00e9pos\u00e9e dans le c\u0153ur des membres a \u00e9t\u00e9 cultiv\u00e9e jusqu\u2019ici. Comment avons-nous v\u00e9cu jusqu\u2019ici la r\u00e9alit\u00e9 du Congr\u00e8s de No\u00ebl comme \u00e9tant un v\u00e9ritable tournant des \u00e2ges ? Quelles imaginations ont \u00e9t\u00e9 d\u00e9velopp\u00e9es pour nous aider \u00e0 porter l\u2019anthroposophie vers l\u2019avenir ?<\/p>\n<p>Au cours de cet \u00e9v\u00e9nement, nous voulons c\u00e9l\u00e9brer les initiatives anthroposophiques du continent nord-am\u00e9ricain. Nous nous pencherons sur la question de d\u00e9couvrir comment ces initiatives, \u0153uvrant au sein de la culture de notre \u00e9poque, peuvent devenir des ponts reliant l\u2019anthroposophie \u00e0 tous les individus, dans les r\u00e9gions et partout au pays, dont les projets ont une port\u00e9e spirituelle. Or, cet effort de cr\u00e9er des ponts doit n\u00e9cessairement comprendre le d\u00e9veloppement des arts et l\u2019implication des jeunes. En effet; ces deux aspects seront les composantes fondamentales de l\u2019\u00e9v\u00e9nement.<\/p>\n\t\t\t\t\t\t\t\t<\/div>\n\t\t\t\t<\/div>\n\t\t\t\t\t<\/div>\n\t\t<\/div>\n\t\t\t\t\t<\/div>\n\t\t<\/section>\n\t\t\t\t<section class=\"elementor-section elementor-top-section elementor-element elementor-element-1a84c68 elementor-section-boxed elementor-section-height-default elementor-section-height-default parallax_section_no qode_elementor_container_no\" data-id=\"1a84c68\" data-element_type=\"section\" data-e-type=\"section\">\n\t\t\t\t\t\t<div class=\"elementor-container elementor-column-gap-default\">\n\t\t\t\t\t<div class=\"elementor-column elementor-col-100 elementor-top-column elementor-element elementor-element-5f0ea33\" data-id=\"5f0ea33\" data-element_type=\"column\" data-e-type=\"column\" data-settings=\"{&quot;background_background&quot;:&quot;classic&quot;}\">\n\t\t\t<div class=\"elementor-widget-wrap elementor-element-populated\">\n\t\t\t\t\t\t<div class=\"elementor-element elementor-element-858afd5 elementor-widget elementor-widget-text-editor\" data-id=\"858afd5\" data-element_type=\"widget\" data-e-type=\"widget\" data-widget_type=\"text-editor.default\">\n\t\t\t\t<div class=\"elementor-widget-container\">\n\t\t\t\t\t\t\t\t\t<h2><a href=\"https:\/\/anthroposophy.ca\/wp-content\/uploads\/2022\/10\/Kim_Hunter.jpg\"><img decoding=\"async\" class=\"alignright size-full wp-image-11442\" src=\"https:\/\/anthroposophy.ca\/wp-content\/uploads\/2022\/10\/Kim_Hunter.jpg\" alt=\"\" width=\"181\" height=\"300\" \/><\/a>Faites la connaissance de Kim Hunter,<\/h2>\n<h3>Membre du comit\u00e9 organisateur du Manitoba Festival 2023<\/h3>\n<p><em>\u2013Susan Koppersmith<\/em><\/p>\n<p>Kim habite l\u2019\u00eele de Salt Spring en Colombie-Britannique. Avant de devenir professeur de jardin d\u2019enfants Waldorf, elle a travaill\u00e9 dans le monde du spectacle comme ing\u00e9nieure du son, \u00e9clairagiste, g\u00e9rante de tourn\u00e9es pour les artistes, et organisatrice de festivals au Canada et \u00e0 l\u2019\u00e9tranger. Elle poursuit ce m\u00e9tier depuis 36 ans, travaillant \u00e0 la gestion du Vancouver International Children\u2019s Festival et le Vancouver Folk Music Festival, ainsi que le Festival du Bois \u2013 un \u00e9v\u00e9nement francophone qui se tient \u00e0 Maillardville, en banlieue de Vancouver.<\/p>\n<p>Un groupe de planification compos\u00e9 de douze membres se r\u00e9unit mensuellement via Zoom depuis un an. Nous sommes en train de cr\u00e9er un site web pour l\u2019\u00e9v\u00e9nement et l\u2019agenda de planification prend forme. Les participants auront donc la possibilit\u00e9 de s\u2019inscrire en ligne. Nous avons d\u00e9j\u00e0 mis en place des modalit\u00e9s d\u2019h\u00e9bergement. L\u2019enthousiasme bat son plein ! Nous esp\u00e9rons pouvoir compter sur la participation de membres des diff\u00e9rentes Sections\u00a0: Arts plastiques, Agriculture, Belles-Lettres, et Sciences de la nature, entre autres.<\/p>\n<p>En septembre prochain, Kim ira au Manitoba pour voir de pr\u00e8s la propri\u00e9t\u00e9 de Monika Pudelko, l\u00e0 o\u00f9 le congr\u00e8s aura lieu. Elle travaillera sur place avec Monika pour commencer \u00e0 r\u00e9gler certains d\u00e9tails pratiques. Nous sommes tr\u00e8s confiants, connaissant les comp\u00e9tences de Kim en mati\u00e8re d\u2019organisation de manifestations culturelles. Quand je lui ai demand\u00e9 ce qui l\u2019enthousiasmait le plus par rapport \u00e0 ce congr\u00e8s 2023, Kim a r\u00e9pondu :<\/p>\n<p><em>Absolument tout ce qui concerne cette rencontre au Manitoba me passionne. Cette r\u00e9gion du Canada se situe au centre m\u00eame de l\u2019Am\u00e9rique du Nord. C\u2019est l\u00e0 que le ciel est le plus vaste, ou le paysage est le plus plat. Il est probable que le nom \u00ab\u00a0Manitoba\u00a0\u00bb provient de la langue crie et signifie \u00ab\u00a0L\u2019homme-dans-le-wahpaow\u00a0\u00bb (dans \u00ab\u00a0le d\u00e9troit du grand Esprit.\u00a0\u00bb)<\/em><\/p>\n<p><em>L\u2019id\u00e9e que nous allons pouvoir nous retrouver ensemble pour comm\u00e9morer le centenaire de l\u2019assembl\u00e9e de fondation de la Soci\u00e9t\u00e9 anthroposophique g\u00e9n\u00e9rale me passionne. Dans le but de r\u00e9fl\u00e9chir \u00e0 notre histoire et de tourner ensuite notre regard vers l\u2019avenir, gr\u00e2ce \u00e0 la collaboration de sp\u00e9cialistes \u0153uvrant dans les diff\u00e9rents domaines, nous explorerons \u2013 en r\u00e9alit\u00e9 nous voulons \u00abvivre\u00a0\u00bb \u2013 un \u00e9lan inspirateur qui puisse nous servir de pierre de fondation pour les 100 prochaines ann\u00e9es, \u00e0 cet endroit, au centre m\u00eame du continent\u00a0: \u00ab\u00a0Pour qu\u2019\u00e9volue vers le bien\u2026\u00a0\u00bb<\/em><\/p>\n<p>Restez \u00e0 l\u2019\u00e9coute ! D\u2019autres d\u00e9tails sur ce congr\u00e8s seront divulgu\u00e9s au courant des prochains mois !<\/p>\n<p><a href=\"https:\/\/anthroposophy.ca\/wp-content\/uploads\/2022\/08\/festival_star-200x300.jpg\"><img loading=\"lazy\" decoding=\"async\" class=\"aligncenter wp-image-11353\" src=\"https:\/\/anthroposophy.ca\/wp-content\/uploads\/2022\/08\/festival_star-200x300.jpg\" alt=\"\" width=\"100\" height=\"150\" srcset=\"https:\/\/anthroposophy.ca\/wp-content\/uploads\/2022\/08\/festival_star-200x300.jpg 200w, https:\/\/anthroposophy.ca\/wp-content\/uploads\/2022\/08\/festival_star.jpg 300w\" sizes=\"(max-width: 100px) 100vw, 100px\" \/><\/a><\/p>\n\t\t\t\t\t\t\t\t<\/div>\n\t\t\t\t<\/div>\n\t\t\t\t\t<\/div>\n\t\t<\/div>\n\t\t\t\t\t<\/div>\n\t\t<\/section>\n\t\t\t\t<\/div>\n\t\t","protected":false},"excerpt":{"rendered":"<p>Pour qu\u2019\u00e9volue vers le bien Une c\u00e9l\u00e9bration de l\u2019initiative 10-16 ao\u00fbt 2023 Congr\u00e8s anthroposophique nord-am\u00e9ricain pour comm\u00e9morer le centenaire de l\u2019assembl\u00e9e de fondation de la Soci\u00e9t\u00e9 anthroposophique g\u00e9n\u00e9rale Lieu: The Interlake, au Manitoba situ\u00e9 \u00e0 une heure au nord de Winnipeg, \u00e0 sept heures de&#8230;<\/p>\n","protected":false},"author":6,"featured_media":0,"parent":0,"menu_order":0,"comment_status":"closed","ping_status":"closed","template":"","meta":{"inline_featured_image":false,"footnotes":""},"class_list":["post-11438","page","type-page","status-publish","hentry"],"_links":{"self":[{"href":"https:\/\/anthroposophy.ca\/fr\/wp-json\/wp\/v2\/pages\/11438","targetHints":{"allow":["GET"]}}],"collection":[{"href":"https:\/\/anthroposophy.ca\/fr\/wp-json\/wp\/v2\/pages"}],"about":[{"href":"https:\/\/anthroposophy.ca\/fr\/wp-json\/wp\/v2\/types\/page"}],"author":[{"embeddable":true,"href":"https:\/\/anthroposophy.ca\/fr\/wp-json\/wp\/v2\/users\/6"}],"replies":[{"embeddable":true,"href":"https:\/\/anthroposophy.ca\/fr\/wp-json\/wp\/v2\/comments?post=11438"}],"version-history":[{"count":6,"href":"https:\/\/anthroposophy.ca\/fr\/wp-json\/wp\/v2\/pages\/11438\/revisions"}],"predecessor-version":[{"id":11513,"href":"https:\/\/anthroposophy.ca\/fr\/wp-json\/wp\/v2\/pages\/11438\/revisions\/11513"}],"wp:attachment":[{"href":"https:\/\/anthroposophy.ca\/fr\/wp-json\/wp\/v2\/media?parent=11438"}],"curies":[{"name":"wp","href":"https:\/\/api.w.org\/{rel}","templated":true}]}}