{"id":1152,"date":"2015-08-06T16:12:18","date_gmt":"2015-08-06T20:12:18","guid":{"rendered":"http:\/\/www.asc.wdtest.info\/fr\/initiatives\/adult-education\/"},"modified":"2019-04-28T15:55:45","modified_gmt":"2019-04-28T19:55:45","slug":"education-aux-adultes","status":"publish","type":"page","link":"https:\/\/anthroposophy.ca\/fr\/initiatives\/education-aux-adultes\/","title":{"rendered":"\u00c9ducation aux adultes"},"content":{"rendered":"<p><img fetchpriority=\"high\" decoding=\"async\" class=\"size-large wp-image-1055 aligncenter\" src=\"https:\/\/anthroposophy.ca\/wp-content\/uploads\/2015\/08\/Adult2VB-1024x483.jpg\" alt=\"Adult Education\" width=\"640\" height=\"302\" srcset=\"https:\/\/anthroposophy.ca\/wp-content\/uploads\/2015\/08\/Adult2VB-1024x483.jpg 1024w, https:\/\/anthroposophy.ca\/wp-content\/uploads\/2015\/08\/Adult2VB-300x141.jpg 300w, https:\/\/anthroposophy.ca\/wp-content\/uploads\/2015\/08\/Adult2VB-768x362.jpg 768w\" sizes=\"(max-width: 640px) 100vw, 640px\" \/><\/p>\n<blockquote><p><i><span style=\"font-weight: 400;\"><em>L&rsquo;Anthroposophie est une voie de connaissance pour guider le spirituel en l&rsquo;\u00eatre humain vers le spirituel dans l&rsquo;univers. Elle na\u00eet en l&rsquo;homme comme un besoin dans son coeur, de la vie des sentiments, et ne se justifie que dans la mesure o\u00f9 elle comble ce besoin int\u00e9rieur.<\/em><br \/>\n<\/span><\/i><span style=\"font-weight: 400;\">&#8211; Rudolf Steiner<\/span><\/p><\/blockquote>\n<p>Par l&rsquo;observation, l&rsquo;\u00e9tude, la m\u00e9ditation et les arts, nous pouvons nous \u00e9veiller \u00e0 notre nature int\u00e9rieure, aux r\u00e9alit\u00e9s spirituelles du monde qui nous environne et \u00e0 la compr\u00e9hension de notre place dans le cosmos. Cet \u00e9veil et cette prise de conscience m\u00e8nent \u00e0 une attitude de r\u00e9v\u00e9rence envers toute vie. Steiner a appel\u00e9 ce processus \u201cAnthropo-sophie\u201d ou \u201cconnaissance de l&rsquo;homme\u201d. Il a dit un jour que l&rsquo;Anthroposophie peut \u00eatre comprise comme \u201cla prise de conscience de sa propre humanit\u00e9\u201d.<\/p>\n<p>Steiner a \u00e9galement d\u00e9crit cette voie de connaissance comme \u00e9tant la \u201cscience spirituelle\u201d \u2013 un parcours scientifique rigoureux de recherche sur les grandes interrogations de nature terrestre et spirituelle. En d\u00e9veloppant cette voie, il reconnut les travaux scientifiques pr\u00e9curseurs de Johann Wolfgang von Goethe, qui fonda un processus d&rsquo;exp\u00e9rimentation bas\u00e9 sur les ph\u00e9nom\u00e8nes perceptibles par les sens.<\/p>\n<p><img decoding=\"async\" class=\"alignleft size-medium wp-image-1056\" src=\"https:\/\/anthroposophy.ca\/wp-content\/uploads\/2015\/08\/Adult3RC-300x201.jpg\" alt=\"Adult Education\" width=\"300\" height=\"201\" srcset=\"https:\/\/anthroposophy.ca\/wp-content\/uploads\/2015\/08\/Adult3RC-300x201.jpg 300w, https:\/\/anthroposophy.ca\/wp-content\/uploads\/2015\/08\/Adult3RC-768x514.jpg 768w, https:\/\/anthroposophy.ca\/wp-content\/uploads\/2015\/08\/Adult3RC.jpg 1024w, https:\/\/anthroposophy.ca\/wp-content\/uploads\/2015\/08\/Adult3RC-140x94.jpg 140w\" sizes=\"(max-width: 300px) 100vw, 300px\" \/><img decoding=\"async\" class=\"alignleft size-medium wp-image-1057\" src=\"https:\/\/anthroposophy.ca\/wp-content\/uploads\/2015\/08\/Adult4RC-300x201.jpg\" alt=\"Adult Education\" width=\"300\" height=\"201\" srcset=\"https:\/\/anthroposophy.ca\/wp-content\/uploads\/2015\/08\/Adult4RC-300x201.jpg 300w, https:\/\/anthroposophy.ca\/wp-content\/uploads\/2015\/08\/Adult4RC-768x514.jpg 768w, https:\/\/anthroposophy.ca\/wp-content\/uploads\/2015\/08\/Adult4RC.jpg 1024w, https:\/\/anthroposophy.ca\/wp-content\/uploads\/2015\/08\/Adult4RC-140x94.jpg 140w\" sizes=\"(max-width: 300px) 100vw, 300px\" \/><\/p>\n<p>&nbsp;<\/p>\n<p>&nbsp;<\/p>\n<p>&nbsp;<\/p>\n<p>&nbsp;<\/p>\n<p>&nbsp;<\/p>\n<p>&nbsp;<\/p>\n<p>Pour obtenir plus d&rsquo;information sur les programmes d&rsquo;\u00e9ducation aux adultes:<\/p>\n<ul>\n<li><a href=\"http:\/\/www.rsct.ca\/\">Rudolf Steiner Centre<\/a>\n<ul>\n<li><a href=\"http:\/\/westcoastinstitute.org\/\">West Coast Institute for Studies in Anthroposophy<\/a><\/li>\n<li><a href=\"http:\/\/www.institutsteinerquebec.org\/\">Institut Rudolf Steiner au Qu\u00e9bec<\/a><\/li>\n<\/ul>\n<\/li>\n<\/ul>\n","protected":false},"excerpt":{"rendered":"<p>L&rsquo;Anthroposophie est une voie de connaissance pour guider le spirituel en l&rsquo;\u00eatre humain vers le spirituel dans l&rsquo;univers. Elle na\u00eet en l&rsquo;homme comme un besoin dans son coeur, de la vie des sentiments, et ne se justifie que dans la mesure o\u00f9 elle comble ce&#8230;<\/p>\n","protected":false},"author":6,"featured_media":0,"parent":938,"menu_order":0,"comment_status":"closed","ping_status":"closed","template":"","meta":{"inline_featured_image":false,"footnotes":""},"class_list":["post-1152","page","type-page","status-publish","hentry"],"_links":{"self":[{"href":"https:\/\/anthroposophy.ca\/fr\/wp-json\/wp\/v2\/pages\/1152","targetHints":{"allow":["GET"]}}],"collection":[{"href":"https:\/\/anthroposophy.ca\/fr\/wp-json\/wp\/v2\/pages"}],"about":[{"href":"https:\/\/anthroposophy.ca\/fr\/wp-json\/wp\/v2\/types\/page"}],"author":[{"embeddable":true,"href":"https:\/\/anthroposophy.ca\/fr\/wp-json\/wp\/v2\/users\/6"}],"replies":[{"embeddable":true,"href":"https:\/\/anthroposophy.ca\/fr\/wp-json\/wp\/v2\/comments?post=1152"}],"version-history":[{"count":7,"href":"https:\/\/anthroposophy.ca\/fr\/wp-json\/wp\/v2\/pages\/1152\/revisions"}],"predecessor-version":[{"id":5094,"href":"https:\/\/anthroposophy.ca\/fr\/wp-json\/wp\/v2\/pages\/1152\/revisions\/5094"}],"up":[{"embeddable":true,"href":"https:\/\/anthroposophy.ca\/fr\/wp-json\/wp\/v2\/pages\/938"}],"wp:attachment":[{"href":"https:\/\/anthroposophy.ca\/fr\/wp-json\/wp\/v2\/media?parent=1152"}],"curies":[{"name":"wp","href":"https:\/\/api.w.org\/{rel}","templated":true}]}}