{"id":1512,"date":"2013-09-18T11:42:00","date_gmt":"2013-09-18T15:42:00","guid":{"rendered":"http:\/\/www.asc.wdtest.info\/fr\/branches-et-groupes\/barrie-on\/"},"modified":"2026-04-15T10:49:59","modified_gmt":"2026-04-15T14:49:59","slug":"barrie-on","status":"publish","type":"page","link":"https:\/\/anthroposophy.ca\/fr\/branches-et-groupes\/barrie-on\/","title":{"rendered":"Barrie, Ontario"},"content":{"rendered":"\t\t<div data-elementor-type=\"wp-page\" data-elementor-id=\"1512\" class=\"elementor elementor-1512 elementor-438\">\n\t\t\t\t\t\t<section class=\"elementor-section elementor-top-section elementor-element elementor-element-7431c6ce elementor-section-boxed elementor-section-height-default elementor-section-height-default parallax_section_no qode_elementor_container_no\" data-id=\"7431c6ce\" data-element_type=\"section\" data-e-type=\"section\">\n\t\t\t\t\t\t<div class=\"elementor-container elementor-column-gap-default\">\n\t\t\t\t\t<div class=\"elementor-column elementor-col-100 elementor-top-column elementor-element elementor-element-30ea305c\" data-id=\"30ea305c\" data-element_type=\"column\" data-e-type=\"column\">\n\t\t\t<div class=\"elementor-widget-wrap elementor-element-populated\">\n\t\t\t\t\t\t<div class=\"elementor-element elementor-element-f2bdefa elementor-widget elementor-widget-spacer\" data-id=\"f2bdefa\" data-element_type=\"widget\" data-e-type=\"widget\" data-widget_type=\"spacer.default\">\n\t\t\t\t<div class=\"elementor-widget-container\">\n\t\t\t\t\t\t\t<div class=\"elementor-spacer\">\n\t\t\t<div class=\"elementor-spacer-inner\"><\/div>\n\t\t<\/div>\n\t\t\t\t\t\t<\/div>\n\t\t\t\t<\/div>\n\t\t\t\t<div class=\"elementor-element elementor-element-7a5a58d8 elementor-widget elementor-widget-text-editor\" data-id=\"7a5a58d8\" data-element_type=\"widget\" data-e-type=\"widget\" data-widget_type=\"text-editor.default\">\n\t\t\t\t<div class=\"elementor-widget-container\">\n\t\t\t\t\t\t\t\t\t<h3 style=\"text-align: center;\"><b>Huronia Branch<\/b><\/h3><h4 style=\"text-align: center;\">Barrie Ontario<\/h4><p><a href=\"https:\/\/anthroposophy.ca\/wp-content\/uploads\/2013\/09\/Inauguration-1996.jpeg\" rel=\"attachment wp-att-1836\"><img fetchpriority=\"high\" decoding=\"async\" class=\"wp-image-1836 size-full aligncenter\" src=\"https:\/\/anthroposophy.ca\/wp-content\/uploads\/2013\/09\/Inauguration-1996.jpeg\" alt=\"Inauguration 1996\" width=\"415\" height=\"286\" srcset=\"https:\/\/anthroposophy.ca\/wp-content\/uploads\/2013\/09\/Inauguration-1996.jpeg 415w, https:\/\/anthroposophy.ca\/wp-content\/uploads\/2013\/09\/Inauguration-1996-300x207.jpeg 300w\" sizes=\"(max-width: 415px) 100vw, 415px\" \/><\/a><\/p><div>\u00a0<\/div><div><strong>CONTACT<br \/><\/strong>Nick at zenithairnh@gmail.com\u00a0<\/div><div>\u00a0<\/div><div>\u00a0<\/div><div>The Huronia Branch will be twenty-three years old this fall. Here&rsquo;s a nostalgic portrait from a year later at our first Michaelmas festival, while Novalis Hall in Camphill Nottawasaga was still under construction.<\/div><div>\u00a0<\/div><div class=\"MsoNormal\"><strong>WHO CAN PARTICIPATE<br \/><\/strong>The Huronia Branch of the Anthroposophical Society in Canada has been in existence since 1995. Anyone who is interested in studying and working with the legacy of Rudolf Steiner and anthroposophy is welcome to join our meetings.<\/div><div class=\"MsoNormal\"><div class=\"page\" title=\"Page 1\"><div class=\"layoutArea\"><div class=\"column\"><p><strong>FORMAT OF OUR MEETINGS<br \/><\/strong>The format of the meetings attempts to create a balance by dividing our time into three segments: Study, Artistic work, and Decisions on Actions.<\/p><p><strong>STUDY SEGMENT<br \/><\/strong>After a special verse that always opens our meeting, and \u2013 currently \u2013 a brief contemplation of one of Steiner\u2019s updated descriptions of the precepts of Buddha\u2019s Eightfold Path, we start the study with an aspect of Steiner\u2019s writings that we have all prepared ahead. We\u2019ve been attempting to carry this out through \u2018Goethean Conversation,\u2019 the aim of which is to allow the conversational interaction to create a living entity in itself. We\u2019d like to say here that the emphasis so far has been on \u2018attempting\u2019!<\/p><p>In the past we have focused on esoteric studies, spiritual biographies, the three-fold social order, current cultural trends, and other topics inviting an anthroposophical approach. We were very interested, at one time, in taking turns giving individual presentations on special subjects. Some of our members have been very knowledgeable, and had interesting points of view. In addition, the challenge of preparing and delivering a presentation was good training for all of us. More recently, however, we have come to feel that lectures given by one person while the rest listen is not sufficiently active. So, for some time, we have chosen a series by Rudolf Steiner (mostly later works) and, after individually working on a lecture at home over the previous month, we bring the fruits of this to the meeting. Currently, this seems to be more engaging for everyone.<\/p><p><strong>ARTISTIC SEGMENT<br \/><\/strong>Through the years, we\u2019ve been lucky to have artists in the Branch to act as facilitators for our artistic segment, although anyone can present an artistic session. The emphasis tends to change, depending on the skills of the current members. We\u2019ve done painting, sculpture, music, eurythmy, poetry, mini-dramas, and nature observation and drawing. We currently have in the Branch a musician, a painter, and three people who are involved with eurythmy \u2013 so we\u2019ve had lots of colour, music, and movement recently.<\/p><p><strong>ACTIONS SEGMENT<br \/><\/strong>Lastly, we have a brief business meeting to address future action, practical logistics, and any financial considerations. Here we also share announcements about any local activities that are coming up.<\/p><p>We like to review how we made out with our goals for the meeting: How did we do? How could we improve? Sometimes we discuss issues of group dynamics. We are now attempting to apply the no-cross-talk \/ consensus process to our decision-making, hoping to avoid such passions as have<\/p><\/div><\/div><\/div><div class=\"page\" title=\"Page 2\"><div class=\"layoutArea\"><div class=\"column\"><p>been aroused by seemingly neutral topics such as, \u2018What shall we choose as our book-study next year?\u2019 Flawed as we are, we\u2019re still hoping to emerge from these sessions unscathed in the future!<\/p><p>The meeting closes with a repeat of the current month\u2019s aspect of the Eightfold Path that had been contributed in the beginning.<\/p><p><strong>SOCIAL GATHERING<br \/><\/strong>After the meeting we all gather in the kitchen and dining area of Natura for coffee and cake and a chance to catch up on each other\u2019s doings since last month, or for various extensions of the earlier discussion.<\/p><p><strong>NEWSLETTER<br \/><\/strong>Newsletters, plain or fancy, have come and gone over the years. Currently we\u2019re mostly sending out just the minutes, along with announcements of special activities around the Huronia region and Toronto.<\/p><p><strong>BYLAWS<br \/><\/strong>We have worked up a set of bylaws, and would be glad to share them with any similar group to whom they might be helpful.<\/p><p><strong>THE HURONIA LIBRARY FOR ANTHROPOSOPHY<br \/><\/strong>The Huronia Library for Anthroposophy was initiated in 1996, and is located at the Natura Medical Arts Centre, 105 Toronto Street, in Barrie, Ontario. It contains books by Rudolf Steiner and anthroposophical authors, along with some other authors on related subjects. It contains about 600 volumes, not counting periodicals. Except in special circumstances, the books are available only to Branch members. We do not mail out books at this time.<\/p><p><strong>\u2018FIRST CLASS\u2019<br \/><\/strong>\u2018Class\u2019 meetings are held at the Natura Medical Arts Centre on the first Saturday of every month except July and August. Contacts: Werner: 705 424-3574, or Ute: 289 597-5616.<\/p><p><strong>MEETING TIMES AND LOCATION<br \/><\/strong>We\u2019d be happy to welcome you at our meetings \u2013 either as a visitor or a member. Meeting sizes in the past have ranged from six to twenty six. Currently, we have about seven to twelve or thirteen people at a meeting.<\/p><p><strong>WHERE?<\/strong><br \/>We meet at the Natura Medical Arts Centre, at 105 Toronto Street, in downtown Barrie, Ontario. Barrie is located on the shores of Lake Simcoe. That\u2019s the big lake north of Toronto and east of Lake Huron. It\u2019s about 63 kilometres (40 miles) north of the intersection of Rutherford Road and the 400 Highway in north Toronto (Vaughan), and takes about 30 to 40 minutes to get here from there.<\/p><p><strong>TO GET HERE<\/strong><br \/>Coming north from Toronto on the 400 Highway, take the first of the two Dunlop Street exits after you reach Barrie. This leads right onto Dunlop Street going east. Continue on Dunlop for two to three minutes. Turn left at the fifth traffic light onto Toronto Street. Number 105 is on your right. On weekends there\u2019s lots of free parking across the street by the park, and some beside the building.<\/p><\/div><\/div><\/div><div class=\"page\" title=\"Page 3\"><div class=\"layoutArea\"><div class=\"column\"><p><strong>WHEN?<\/strong><br \/>We meet at 2PM on the third Sunday of the month. The exception is during July and August, when we usually have a picnic meeting in a country setting.<\/p><p>\u00a0<\/p><\/div><\/div><\/div><\/div>\t\t\t\t\t\t\t\t<\/div>\n\t\t\t\t<\/div>\n\t\t\t\t\t<\/div>\n\t\t<\/div>\n\t\t\t\t\t<\/div>\n\t\t<\/section>\n\t\t\t\t<section class=\"elementor-section elementor-top-section elementor-element elementor-element-49ff9813 elementor-section-full_width elementor-section-stretched elementor-section-height-default elementor-section-height-default parallax_section_no qode_elementor_container_no\" data-id=\"49ff9813\" data-element_type=\"section\" data-e-type=\"section\" data-settings=\"{&quot;stretch_section&quot;:&quot;section-stretched&quot;,&quot;background_background&quot;:&quot;classic&quot;,&quot;shape_divider_top&quot;:&quot;mountains&quot;}\">\n\t\t\t\t\t<div class=\"elementor-shape elementor-shape-top\" aria-hidden=\"true\" data-negative=\"false\">\n\t\t\t<svg xmlns=\"http:\/\/www.w3.org\/2000\/svg\" viewBox=\"0 0 1000 100\" preserveAspectRatio=\"none\">\n\t<path class=\"elementor-shape-fill\" opacity=\"0.33\" d=\"M473,67.3c-203.9,88.3-263.1-34-320.3,0C66,119.1,0,59.7,0,59.7V0h1000v59.7 c0,0-62.1,26.1-94.9,29.3c-32.8,3.3-62.8-12.3-75.8-22.1C806,49.6,745.3,8.7,694.9,4.7S492.4,59,473,67.3z\"\/>\n\t<path class=\"elementor-shape-fill\" opacity=\"0.66\" d=\"M734,67.3c-45.5,0-77.2-23.2-129.1-39.1c-28.6-8.7-150.3-10.1-254,39.1 s-91.7-34.4-149.2,0C115.7,118.3,0,39.8,0,39.8V0h1000v36.5c0,0-28.2-18.5-92.1-18.5C810.2,18.1,775.7,67.3,734,67.3z\"\/>\n\t<path class=\"elementor-shape-fill\" d=\"M766.1,28.9c-200-57.5-266,65.5-395.1,19.5C242,1.8,242,5.4,184.8,20.6C128,35.8,132.3,44.9,89.9,52.5C28.6,63.7,0,0,0,0 h1000c0,0-9.9,40.9-83.6,48.1S829.6,47,766.1,28.9z\"\/>\n<\/svg>\t\t<\/div>\n\t\t\t\t\t<div class=\"elementor-container elementor-column-gap-default\">\n\t\t\t\t\t<div class=\"elementor-column elementor-col-100 elementor-top-column elementor-element elementor-element-5a2f6637\" data-id=\"5a2f6637\" data-element_type=\"column\" data-e-type=\"column\">\n\t\t\t<div class=\"elementor-widget-wrap elementor-element-populated\">\n\t\t\t\t\t\t<div class=\"elementor-element elementor-element-5fc536fc elementor-invisible elementor-widget elementor-widget-heading\" data-id=\"5fc536fc\" data-element_type=\"widget\" data-e-type=\"widget\" data-settings=\"{&quot;_animation&quot;:&quot;fadeInUp&quot;}\" data-widget_type=\"heading.default\">\n\t\t\t\t<div class=\"elementor-widget-container\">\n\t\t\t\t\t<h2 class=\"elementor-heading-title elementor-size-default\">Why Do You Become A Member?<\/h2>\t\t\t\t<\/div>\n\t\t\t\t<\/div>\n\t\t\t\t<div class=\"elementor-element elementor-element-cd4c47e animated-slow elementor-invisible elementor-widget elementor-widget-bridge_testimonials_carousel\" data-id=\"cd4c47e\" data-element_type=\"widget\" data-e-type=\"widget\" data-settings=\"{&quot;_animation&quot;:&quot;fadeInUp&quot;}\" data-widget_type=\"bridge_testimonials_carousel.default\">\n\t\t\t\t<div class=\"elementor-widget-container\">\n\t\t\t\t\t<div class='testimonials_c_holder clearfix '><div class=\"testimonials_c testimonials_c_carousel\" data-show-navigation=\"yes\" data-animation-speed=\"5000\" data-auto-rotate-slides=\"15\" data-number-per-slide=\"3\"><ul class=\"slides\"><li id=\"testimonials-c-15225\" class=\"testimonial_content\"><div class=\"testimonial_content_inner\"><div class=\"testimonial_text_holder\"><div class=\"testimonial_text_inner\" style=\"\"><p>\"J'ai d\u00e9couvert l'anthroposophie il y a 42 ans \u00e0 Kelowna, en Colombie-Britannique. C'\u00e9tait comme si une porte s'\u00e9tait ouverte et qu'une lumi\u00e8re \u00e9clatante m'avait envahi. J'ai rapidement compris que Rudolf Steiner \u00e9tait mon ma\u00eetre et que l'anthroposophie serait mon guide et ma voie dans la vie.\"<\/p><p class=\"testimonial_author\" style=\"font-weight: 700;\">Edna Cox, Port Alberni, BC<\/p><\/div><\/div><\/div><\/li><li id=\"testimonials-c-15229\" class=\"testimonial_content\"><div class=\"testimonial_content_inner\"><div class=\"testimonial_text_holder\"><div class=\"testimonial_text_inner\" style=\"\"><p>\"Je me sentais affam\u00e9 \u00e0 l'universit\u00e9, et les activit\u00e9s de la Soci\u00e9t\u00e9 m'ont apport\u00e9 la nourriture dont j'avais tant besoin.\"<\/p><p class=\"testimonial_author\" style=\"font-weight: 700;\">Mark McAlister  Thornhill, ON<\/p><\/div><\/div><\/div><\/li><li id=\"testimonials-c-15230\" class=\"testimonial_content\"><div class=\"testimonial_content_inner\"><div class=\"testimonial_text_holder\"><div class=\"testimonial_text_inner\" style=\"\"><p>\"C'est normal que je contribue \u00e0 faire vivre l'anthroposophie !\"<\/p><p class=\"testimonial_author\" style=\"font-weight: 700;\">Suzanne Routhier, PQ<\/p><\/div><\/div><\/div><\/li><li id=\"testimonials-c-15232\" class=\"testimonial_content\"><div class=\"testimonial_content_inner\"><div class=\"testimonial_text_holder\"><div class=\"testimonial_text_inner\" style=\"\"><p>\"Je suis devenue membre afin de soutenir et d'encourager le travail spirituel de l'anthroposophie. J'\u00e9tais \u00e9tudiante en eurythmie en Angleterre et j'\u00e9tais inspir\u00e9e par la g\u00e9n\u00e9ration pr\u00e9c\u00e9dente, notamment John Davy, qui venait de d\u00e9c\u00e9der, Eileen Hutchins et d'autres, et je souhaitais faire partie de cette communaut\u00e9.\"<\/p><p class=\"testimonial_author\" style=\"font-weight: 700;\">Margaret Osmond, NS<\/p><\/div><\/div><\/div><\/li><\/ul><\/div><\/div>\t\t\t\t<\/div>\n\t\t\t\t<\/div>\n\t\t\t\t\t<\/div>\n\t\t<\/div>\n\t\t\t\t\t<\/div>\n\t\t<\/section>\n\t\t\t\t<\/div>\n\t\t","protected":false},"excerpt":{"rendered":"<p>Huronia Branch Barrie Ontario \u00a0CONTACTNick at zenithairnh@gmail.com\u00a0\u00a0\u00a0The Huronia Branch will be twenty-three years old this fall. Here&rsquo;s a nostalgic portrait from a year later at our first Michaelmas festival, while Novalis Hall in Camphill Nottawasaga was still under construction.\u00a0WHO CAN PARTICIPATEThe Huronia Branch of the&#8230;<\/p>\n","protected":false},"author":6,"featured_media":0,"parent":1119,"menu_order":0,"comment_status":"closed","ping_status":"closed","template":"elementor_header_footer","meta":{"inline_featured_image":false,"footnotes":""},"class_list":["post-1512","page","type-page","status-publish","hentry"],"_links":{"self":[{"href":"https:\/\/anthroposophy.ca\/fr\/wp-json\/wp\/v2\/pages\/1512","targetHints":{"allow":["GET"]}}],"collection":[{"href":"https:\/\/anthroposophy.ca\/fr\/wp-json\/wp\/v2\/pages"}],"about":[{"href":"https:\/\/anthroposophy.ca\/fr\/wp-json\/wp\/v2\/types\/page"}],"author":[{"embeddable":true,"href":"https:\/\/anthroposophy.ca\/fr\/wp-json\/wp\/v2\/users\/6"}],"replies":[{"embeddable":true,"href":"https:\/\/anthroposophy.ca\/fr\/wp-json\/wp\/v2\/comments?post=1512"}],"version-history":[{"count":5,"href":"https:\/\/anthroposophy.ca\/fr\/wp-json\/wp\/v2\/pages\/1512\/revisions"}],"predecessor-version":[{"id":16086,"href":"https:\/\/anthroposophy.ca\/fr\/wp-json\/wp\/v2\/pages\/1512\/revisions\/16086"}],"up":[{"embeddable":true,"href":"https:\/\/anthroposophy.ca\/fr\/wp-json\/wp\/v2\/pages\/1119"}],"wp:attachment":[{"href":"https:\/\/anthroposophy.ca\/fr\/wp-json\/wp\/v2\/media?parent=1512"}],"curies":[{"name":"wp","href":"https:\/\/api.w.org\/{rel}","templated":true}]}}