{"id":1520,"date":"2015-01-15T14:53:00","date_gmt":"2015-01-15T19:53:00","guid":{"rendered":"http:\/\/www.asc.wdtest.info\/fr\/branches-et-groupes\/duncan-bc\/"},"modified":"2025-11-30T13:55:44","modified_gmt":"2025-11-30T18:55:44","slug":"duncan-bc","status":"publish","type":"page","link":"https:\/\/anthroposophy.ca\/fr\/branches-et-groupes\/duncan-bc\/","title":{"rendered":"Vancouver Island, BC"},"content":{"rendered":"\t\t<div data-elementor-type=\"wp-page\" data-elementor-id=\"1520\" class=\"elementor elementor-1520 elementor-434\">\n\t\t\t\t\t\t<section class=\"elementor-section elementor-top-section elementor-element elementor-element-4a4b4a34 elementor-section-boxed elementor-section-height-default elementor-section-height-default parallax_section_no qode_elementor_container_no\" data-id=\"4a4b4a34\" data-element_type=\"section\" data-e-type=\"section\">\n\t\t\t\t\t\t<div class=\"elementor-container elementor-column-gap-default\">\n\t\t\t\t\t<div class=\"elementor-column elementor-col-100 elementor-top-column elementor-element elementor-element-3f46261d\" data-id=\"3f46261d\" data-element_type=\"column\" data-e-type=\"column\">\n\t\t\t<div class=\"elementor-widget-wrap elementor-element-populated\">\n\t\t\t\t\t\t<div class=\"elementor-element elementor-element-dc0c75a elementor-widget elementor-widget-spacer\" data-id=\"dc0c75a\" data-element_type=\"widget\" data-e-type=\"widget\" data-widget_type=\"spacer.default\">\n\t\t\t\t<div class=\"elementor-widget-container\">\n\t\t\t\t\t\t\t<div class=\"elementor-spacer\">\n\t\t\t<div class=\"elementor-spacer-inner\"><\/div>\n\t\t<\/div>\n\t\t\t\t\t\t<\/div>\n\t\t\t\t<\/div>\n\t\t\t\t<div class=\"elementor-element elementor-element-7e0ea5b elementor-widget elementor-widget-text-editor\" data-id=\"7e0ea5b\" data-element_type=\"widget\" data-e-type=\"widget\" data-widget_type=\"text-editor.default\">\n\t\t\t\t<div class=\"elementor-widget-container\">\n\t\t\t\t\t\t\t\t\t<p><strong>VANCOUVER ISLAND, BC<\/strong><br \/>The Vancouver Island Branch began in 1994\/5 and was revived in March of 2021. The Branch meets regularly on the fourth Thursday of each month from 6:00 pm to 8:00 pm. For more on this branch, contact Kate Reynolds at katerey53@gmail.com<\/p><p><strong>INITIATIVES LOCATED ON VANCOUVER ISLAND AND THE GULF ISLANDS:<\/strong><\/p><p><strong>Glenora Farm, a Camphill Community<\/strong><br \/>4766 Waters Rd. Duncan BC<br \/>For more information contact:<br \/>Adola McWilliam, adolamcw@gmail.com or 250-746-6341<br \/>Olaf Lampson, olaf.lampson@shaw.ca or 250-746-1740<\/p><p><strong>Sunrise Waldorf School<\/strong><br \/>2148 Lakeside Rd, Duncan \u2013 250-743-7253<\/p><p><strong>Frogsong Farm School<\/strong><br \/>This Waldorf inspired school is located in Cobble Hill. Contact<br \/>steinerfarmschool@gmail.com<\/p><p><strong>West Coast Institute for Studies in Anthroposophy<\/strong><br \/>www.westcoastinstitute.org<\/p><p>The WCI is registered as a Charitable Society under the Societies Act of BC. The purposes of the Society are:<br \/>To promote the study of anthroposophy as expounded by Rudolf Steiner and others. To undertake activities, including research and publication, which are directed to adult education that is concerned with the development of academic, artistic and the social aspects of the individual person, and which are directed to the purpose of understanding and serving the world out of insights which are drawn from anthroposophy and from other sources. To provide consulting and\/or advisory services within the objects of the Society. The Institute currently provides Waldorf Early Childhood Educator Training, Waldorf Birth to three Educator Training and Early Childhood Intensive Courses. For more information contact info@westcoastinstitute.org<\/p><p><strong>Freya-Sophia Waldorf Store and Steiner Bookstore;<\/strong><br \/>www.freyasophiawaldorfstore.ca<br \/>All things natural for children; toys, wool clothing, art supplies, handwork supplies, books. Warmth, wonder and wisdom for children and adults. Our BOOKSTORE has hundreds of anthroposophical titles on all subjects together with a huge selection of educational and parenting resources. We offer telephone and online ordering but first and foremost we are a brick-and-mortar location, offering an immense selection of beautiful and inspiring resources, gifts and supplies for your viewing and browsing<br \/>pleasure.<\/p><p>All established Waldorf and Steiner suppliers and publishers are represented in our store including Mercurius, Sarah\u2019s Silks, Ecoparade, Goki, Fire the Imagination, Grimms, Ostheimer, Holztigger, Warmth and Weather (hocosa, engel), Floris Books, Temple Lodge, Wynstone Press, Clairview, Interactions, New View, Waldorf Publications, WECAN, Teach Wonderment, Lemonpress, Alkion Press, Donald Sampson, Nature Institute, Karl Konig Institute, Jamie York, Reg Down, as well as dozens of other Canadian and U.S. suppliers, authors and publishers. We are the official distributor of Steiner Books for Western Canada. Check out the Steiner Books website to see the full selection. https:\/\/steinerbooks.presswarehouse.com\/<\/p><p>Open 10 \u2013 3 Wednesday through Saturday. Call 250-597-4763 or<br \/>info@freyasophiawaldorfstore.ca for inquiries, orders or requests. We are happy to mail your orders to any location in Canada. If you would like to contact the owner, Nicolette Genier, directly or request after hour shopping opportunities her email is Nicolette111@icloud.com. We welcome and encourage browsing. We hope you will come visit us!<\/p><p>To see our store: FSWS Google 36 tour link: Tour Link:<br \/>https:\/\/goo.gl\/maps\/6sQKYnn4niSCgu71A<\/p><p><strong>River Song Farm:<\/strong> 4041 John\u2019s Road, Duncan<br \/>Biodynamic Agriculture Workshops, Monthly gatherings, prep making and stirrings at Riversong Farm. To be on the email list for BD events contact sol-steiner@freyasophiawaldorfstore.ca . For BD questions and inquiries, please reach out to farmer Joe at bluegreenconcepts@gmail.com.<\/p><p><strong>River Song Initiative<\/strong> (Children\u2019s mixed age program)<br \/>This Waldorf inspired initiative is a multi-grade one room classroom in a yurt, on the farm. For more information, contact Hans-Peter Mothes at<br \/>riversonginitiative@gmail.com<\/p><p><strong>Cowichan Valley Threshold Circle<\/strong><br \/>A monthly gathering at the farm for support of wakes in the community. The group engages in anthroposophical study of death as well as practical matters. Contact Michelle at bluegreenconcepts@gmail.com<\/p><p><strong>Living into Anthroposophy<\/strong> <em>Series of Explorations with Josef Graf<\/em><br \/>These explorations, based on the spiritual science of anthroposophy, are not lectures. They are explorations via discussion. They are held at Riversong Farm in Glenora from October to April. All are welcome. The explorations will proceed on a donation basis. Appropriate for all levels. Josef Graf teaches anthroposophical watercolour painting in Duncan. He also offers life issues counselling, lends support for study groups, and facilitates educational forums for several different anthroposophical themes, in the form of interactive explorations. For more information email Joseph at jgraf5@pm.me<\/p><p><strong>The Ita Wegman Study Group<\/strong><br \/>Meets the first and third Saturday of every month @ 4:00 pm in Trillium at Glenora Farm (4766 Waters Rd, Duncan, BC). All are welcome. If you wish to be on the mailing list for this group email aptruman@gmail.com or call Patricia (250)710-4206 for more information. Please check by email or phone before attending to confirm that there have been no changes to our schedule or venue<\/p><p><strong>Knowledge of Higher Worlds Study Group<\/strong><br \/>Meets every Thursday at 7:00 pm from September to June. Contact ddous@shaw.ca<\/p><p><strong>Anthroposophical Library<\/strong><\/p><p>There is an extensive collection of Anthroposophical books available for loan.\u00a0 The Library is located at Glenora Farm. For more information contact Adola McWilliam,\u00a0adolamcw@gmail.com 250-746-6341 or Kate Reynolds katerey53@gmail.com, 250-802-0027.<\/p><p><strong>Christian Community<\/strong><br \/>Rev. Erica Maclennan makes visits monthly for services and Christian community events. For Duncan, contact Patricia Truman at aptruman@gmail.com<br \/><strong>Devotional Circle<\/strong> (connected to the Christian Community) Meets once per month and for festivals. Contact Marilyn Lange 250-737-1881 or<br \/>langemj@gmail.com<\/p><p><strong>Singing<\/strong><br \/>A Singing group meets every Monday afternoon. Contact Marilyn Lange 250-737-1881 or langemj@gmail.com<\/p><p><br \/><strong>Eurythmy workshops with Mary Brian and Martha<\/strong> Muller Contact marybrian7@gmail.com or 250-929-1874<\/p><p><strong>Pan-Eurythmy<\/strong><br \/>This initiative began following a Meditation workshop with Thomas Meyer and Agnes Hardorp in March 2025. The group meets every second Sunday morning. For more information contact Regina at reginarowing@gmail.com or 250-748-9554<\/p><p><strong>Anthro-Bridge<\/strong><br \/>To be put on the e-list for notice of anthroposophical events in the wider Vancouver area, contact Anthony Perzel at ajperzel@telus.net<br \/>To be notified of Waldorf-Steiner inspired events in our community please contact Nicolette: info@freyasophiawaldorfstore.ca<\/p><p><strong>Past Events<\/strong><br \/>October 2023, Are Thoresen<br \/>March 2025, Meditation with Thomas Meyer and Agnes Hardorp<br \/>May 2025, Craig Holdridge<\/p><p>\u00a0<\/p>\t\t\t\t\t\t\t\t<\/div>\n\t\t\t\t<\/div>\n\t\t\t\t\t<\/div>\n\t\t<\/div>\n\t\t\t\t\t<\/div>\n\t\t<\/section>\n\t\t\t\t<section class=\"elementor-section elementor-top-section elementor-element elementor-element-b83678a elementor-section-boxed elementor-section-height-default elementor-section-height-default parallax_section_no qode_elementor_container_no\" data-id=\"b83678a\" data-element_type=\"section\" data-e-type=\"section\">\n\t\t\t\t\t\t<div class=\"elementor-container elementor-column-gap-default\">\n\t\t\t\t\t<div class=\"elementor-column elementor-col-100 elementor-top-column elementor-element elementor-element-2906087\" data-id=\"2906087\" data-element_type=\"column\" data-e-type=\"column\">\n\t\t\t<div class=\"elementor-widget-wrap elementor-element-populated\">\n\t\t\t\t\t\t<div class=\"elementor-element elementor-element-a3f2966 elementor-widget elementor-widget-spacer\" data-id=\"a3f2966\" data-element_type=\"widget\" data-e-type=\"widget\" data-widget_type=\"spacer.default\">\n\t\t\t\t<div class=\"elementor-widget-container\">\n\t\t\t\t\t\t\t<div class=\"elementor-spacer\">\n\t\t\t<div class=\"elementor-spacer-inner\"><\/div>\n\t\t<\/div>\n\t\t\t\t\t\t<\/div>\n\t\t\t\t<\/div>\n\t\t\t\t\t<\/div>\n\t\t<\/div>\n\t\t\t\t\t<\/div>\n\t\t<\/section>\n\t\t\t\t<section class=\"elementor-section elementor-top-section elementor-element elementor-element-67d4def6 elementor-section-full_width elementor-section-stretched elementor-section-height-default elementor-section-height-default parallax_section_no qode_elementor_container_no\" data-id=\"67d4def6\" data-element_type=\"section\" data-e-type=\"section\" data-settings=\"{&quot;stretch_section&quot;:&quot;section-stretched&quot;,&quot;background_background&quot;:&quot;classic&quot;,&quot;shape_divider_top&quot;:&quot;mountains&quot;}\">\n\t\t\t\t\t<div class=\"elementor-shape elementor-shape-top\" aria-hidden=\"true\" data-negative=\"false\">\n\t\t\t<svg xmlns=\"http:\/\/www.w3.org\/2000\/svg\" viewBox=\"0 0 1000 100\" preserveAspectRatio=\"none\">\n\t<path class=\"elementor-shape-fill\" opacity=\"0.33\" d=\"M473,67.3c-203.9,88.3-263.1-34-320.3,0C66,119.1,0,59.7,0,59.7V0h1000v59.7 c0,0-62.1,26.1-94.9,29.3c-32.8,3.3-62.8-12.3-75.8-22.1C806,49.6,745.3,8.7,694.9,4.7S492.4,59,473,67.3z\"\/>\n\t<path class=\"elementor-shape-fill\" opacity=\"0.66\" d=\"M734,67.3c-45.5,0-77.2-23.2-129.1-39.1c-28.6-8.7-150.3-10.1-254,39.1 s-91.7-34.4-149.2,0C115.7,118.3,0,39.8,0,39.8V0h1000v36.5c0,0-28.2-18.5-92.1-18.5C810.2,18.1,775.7,67.3,734,67.3z\"\/>\n\t<path class=\"elementor-shape-fill\" d=\"M766.1,28.9c-200-57.5-266,65.5-395.1,19.5C242,1.8,242,5.4,184.8,20.6C128,35.8,132.3,44.9,89.9,52.5C28.6,63.7,0,0,0,0 h1000c0,0-9.9,40.9-83.6,48.1S829.6,47,766.1,28.9z\"\/>\n<\/svg>\t\t<\/div>\n\t\t\t\t\t<div class=\"elementor-container elementor-column-gap-default\">\n\t\t\t\t\t<div class=\"elementor-column elementor-col-100 elementor-top-column elementor-element elementor-element-6036f43c\" data-id=\"6036f43c\" data-element_type=\"column\" data-e-type=\"column\">\n\t\t\t<div class=\"elementor-widget-wrap elementor-element-populated\">\n\t\t\t\t\t\t<div class=\"elementor-element elementor-element-fe91e8f elementor-invisible elementor-widget elementor-widget-heading\" data-id=\"fe91e8f\" data-element_type=\"widget\" data-e-type=\"widget\" data-settings=\"{&quot;_animation&quot;:&quot;fadeInUp&quot;}\" data-widget_type=\"heading.default\">\n\t\t\t\t<div class=\"elementor-widget-container\">\n\t\t\t\t\t<h2 class=\"elementor-heading-title elementor-size-default\">Why Do You Become A Member?<\/h2>\t\t\t\t<\/div>\n\t\t\t\t<\/div>\n\t\t\t\t<div class=\"elementor-element elementor-element-76b89976 animated-slow elementor-invisible elementor-widget elementor-widget-bridge_testimonials_carousel\" data-id=\"76b89976\" data-element_type=\"widget\" data-e-type=\"widget\" data-settings=\"{&quot;_animation&quot;:&quot;fadeInUp&quot;}\" data-widget_type=\"bridge_testimonials_carousel.default\">\n\t\t\t\t<div class=\"elementor-widget-container\">\n\t\t\t\t\t<div class='testimonials_c_holder clearfix '><div class=\"testimonials_c testimonials_c_carousel\" data-show-navigation=\"yes\" data-animation-speed=\"5000\" data-auto-rotate-slides=\"15\" data-number-per-slide=\"3\"><ul class=\"slides\"><li id=\"testimonials-c-15225\" class=\"testimonial_content\"><div class=\"testimonial_content_inner\"><div class=\"testimonial_text_holder\"><div class=\"testimonial_text_inner\" style=\"\"><p>\"J'ai d\u00e9couvert l'anthroposophie il y a 42 ans \u00e0 Kelowna, en Colombie-Britannique. C'\u00e9tait comme si une porte s'\u00e9tait ouverte et qu'une lumi\u00e8re \u00e9clatante m'avait envahi. J'ai rapidement compris que Rudolf Steiner \u00e9tait mon ma\u00eetre et que l'anthroposophie serait mon guide et ma voie dans la vie.\"<\/p><p class=\"testimonial_author\" style=\"font-weight: 700;\">Edna Cox, Port Alberni, BC<\/p><\/div><\/div><\/div><\/li><li id=\"testimonials-c-15229\" class=\"testimonial_content\"><div class=\"testimonial_content_inner\"><div class=\"testimonial_text_holder\"><div class=\"testimonial_text_inner\" style=\"\"><p>\"Je me sentais affam\u00e9 \u00e0 l'universit\u00e9, et les activit\u00e9s de la Soci\u00e9t\u00e9 m'ont apport\u00e9 la nourriture dont j'avais tant besoin.\"<\/p><p class=\"testimonial_author\" style=\"font-weight: 700;\">Mark McAlister  Thornhill, ON<\/p><\/div><\/div><\/div><\/li><li id=\"testimonials-c-15230\" class=\"testimonial_content\"><div class=\"testimonial_content_inner\"><div class=\"testimonial_text_holder\"><div class=\"testimonial_text_inner\" style=\"\"><p>\"C'est normal que je contribue \u00e0 faire vivre l'anthroposophie !\"<\/p><p class=\"testimonial_author\" style=\"font-weight: 700;\">Suzanne Routhier, PQ<\/p><\/div><\/div><\/div><\/li><li id=\"testimonials-c-15232\" class=\"testimonial_content\"><div class=\"testimonial_content_inner\"><div class=\"testimonial_text_holder\"><div class=\"testimonial_text_inner\" style=\"\"><p>\"Je suis devenue membre afin de soutenir et d'encourager le travail spirituel de l'anthroposophie. J'\u00e9tais \u00e9tudiante en eurythmie en Angleterre et j'\u00e9tais inspir\u00e9e par la g\u00e9n\u00e9ration pr\u00e9c\u00e9dente, notamment John Davy, qui venait de d\u00e9c\u00e9der, Eileen Hutchins et d'autres, et je souhaitais faire partie de cette communaut\u00e9.\"<\/p><p class=\"testimonial_author\" style=\"font-weight: 700;\">Margaret Osmond, NS<\/p><\/div><\/div><\/div><\/li><\/ul><\/div><\/div>\t\t\t\t<\/div>\n\t\t\t\t<\/div>\n\t\t\t\t\t<\/div>\n\t\t<\/div>\n\t\t\t\t\t<\/div>\n\t\t<\/section>\n\t\t\t\t<\/div>\n\t\t","protected":false},"excerpt":{"rendered":"<p>VANCOUVER ISLAND, BCThe Vancouver Island Branch began in 1994\/5 and was revived in March of 2021. The Branch meets regularly on the fourth Thursday of each month from 6:00 pm to 8:00 pm. For more on this branch, contact Kate Reynolds at katerey53@gmail.com INITIATIVES LOCATED&#8230;<\/p>\n","protected":false},"author":6,"featured_media":0,"parent":1119,"menu_order":0,"comment_status":"closed","ping_status":"closed","template":"elementor_header_footer","meta":{"inline_featured_image":false,"footnotes":""},"class_list":["post-1520","page","type-page","status-publish","hentry"],"_links":{"self":[{"href":"https:\/\/anthroposophy.ca\/fr\/wp-json\/wp\/v2\/pages\/1520","targetHints":{"allow":["GET"]}}],"collection":[{"href":"https:\/\/anthroposophy.ca\/fr\/wp-json\/wp\/v2\/pages"}],"about":[{"href":"https:\/\/anthroposophy.ca\/fr\/wp-json\/wp\/v2\/types\/page"}],"author":[{"embeddable":true,"href":"https:\/\/anthroposophy.ca\/fr\/wp-json\/wp\/v2\/users\/6"}],"replies":[{"embeddable":true,"href":"https:\/\/anthroposophy.ca\/fr\/wp-json\/wp\/v2\/comments?post=1520"}],"version-history":[{"count":5,"href":"https:\/\/anthroposophy.ca\/fr\/wp-json\/wp\/v2\/pages\/1520\/revisions"}],"predecessor-version":[{"id":15463,"href":"https:\/\/anthroposophy.ca\/fr\/wp-json\/wp\/v2\/pages\/1520\/revisions\/15463"}],"up":[{"embeddable":true,"href":"https:\/\/anthroposophy.ca\/fr\/wp-json\/wp\/v2\/pages\/1119"}],"wp:attachment":[{"href":"https:\/\/anthroposophy.ca\/fr\/wp-json\/wp\/v2\/media?parent=1520"}],"curies":[{"name":"wp","href":"https:\/\/api.w.org\/{rel}","templated":true}]}}