{"id":1521,"date":"2013-05-23T15:26:00","date_gmt":"2013-05-23T19:26:00","guid":{"rendered":"http:\/\/www.asc.wdtest.info\/fr\/branches-et-groupes\/blog-page_23\/"},"modified":"2025-11-30T13:55:13","modified_gmt":"2025-11-30T18:55:13","slug":"blog-page_23","status":"publish","type":"page","link":"https:\/\/anthroposophy.ca\/fr\/branches-et-groupes\/blog-page_23\/","title":{"rendered":"Edmonton, Alberta"},"content":{"rendered":"\t\t<div data-elementor-type=\"wp-page\" data-elementor-id=\"1521\" class=\"elementor elementor-1521 elementor-447\">\n\t\t\t\t\t\t<section class=\"elementor-section elementor-top-section elementor-element elementor-element-1b471ce elementor-section-boxed elementor-section-height-default elementor-section-height-default parallax_section_no qode_elementor_container_no\" data-id=\"1b471ce\" data-element_type=\"section\" data-e-type=\"section\">\n\t\t\t\t\t\t<div class=\"elementor-container elementor-column-gap-default\">\n\t\t\t\t\t<div class=\"elementor-column elementor-col-100 elementor-top-column elementor-element elementor-element-38ea35c2\" data-id=\"38ea35c2\" data-element_type=\"column\" data-e-type=\"column\">\n\t\t\t<div class=\"elementor-widget-wrap elementor-element-populated\">\n\t\t\t\t\t\t<div class=\"elementor-element elementor-element-0a4f7db elementor-widget elementor-widget-spacer\" data-id=\"0a4f7db\" data-element_type=\"widget\" data-e-type=\"widget\" data-widget_type=\"spacer.default\">\n\t\t\t\t<div class=\"elementor-widget-container\">\n\t\t\t\t\t\t\t<div class=\"elementor-spacer\">\n\t\t\t<div class=\"elementor-spacer-inner\"><\/div>\n\t\t<\/div>\n\t\t\t\t\t\t<\/div>\n\t\t\t\t<\/div>\n\t\t\t\t<div class=\"elementor-element elementor-element-30218325 elementor-widget elementor-widget-text-editor\" data-id=\"30218325\" data-element_type=\"widget\" data-e-type=\"widget\" data-widget_type=\"text-editor.default\">\n\t\t\t\t<div class=\"elementor-widget-container\">\n\t\t\t\t\t\t\t\t\t<div class=\"gmail_default\"><p><strong>Edmonton Group<\/strong><\/p><p>In the book <em>What is Anthroposophy?<\/em> Rudolf Steiner observes (21\/07\/1923):<\/p><p>\u201cThe present age calls for one thing and that is to look honestly into our own interiority, and come to know impartially our own spirit \u2013 the spirit that illuminates the soul from inside, as it were.\u201d He describes this as \u201cthe third level of initiation required in our time: <em>the initiation of self-knowledge<\/em>\u201d [the first two levels being \u201cthrough the cosmos and through the sages\u201d].<\/p><p><strong>Our main Edmonton activity at present is a Study Group<\/strong> based at the WISE (Waldorf) Charter School, located at 7211 \u2013 96a Avenue NW.<\/p><p>We meet weekly on a Monday evening from 7 p.m. until about 8:45.\u00a0 We begin with a half-hour of eurythmy exercise, followed by a Steiner book or lecture study.\u00a0 We read the text aloud and discuss the questions that arise for us.\u00a0 We are not a large group, but very committed and engaged, each with our own history in relation to anthroposophy.<\/p><p>New members are welcome!<\/p><p>Greg Moore leads this group: <a href=\"mailto:gregmoore@shaw.ca\">gregmoore@shaw.ca<\/a><\/p><p><strong>Eurythmy (and Therapeutic Eurythmy) in Edmonton<\/strong>: For those interested in-person group eurythmy classes or potential entrance into the individual therapeutic practicum beginning October 20th, 2025, please contact Simone @ <a href=\"mailto:sdiafolla@proton.me\" target=\"_blank\" rel=\"noopener\">sdiafolla@proton.me<\/a>.\u00a0\u00bb<\/p><p><strong>General Enquiries:<\/strong> Megan Collins at megcollins2003@yahoo.com<\/p><p class=\"Default\"><a href=\"https:\/\/anthroposophy.ca\/wp-content\/uploads\/2025\/10\/river-6671128_1280.jpg\"><img fetchpriority=\"high\" decoding=\"async\" class=\"alignnone size-medium wp-image-14488\" src=\"https:\/\/anthroposophy.ca\/wp-content\/uploads\/2025\/10\/river-6671128_1280-300x192.jpg\" alt=\"\" width=\"300\" height=\"192\" srcset=\"https:\/\/anthroposophy.ca\/wp-content\/uploads\/2025\/10\/river-6671128_1280-300x192.jpg 300w, https:\/\/anthroposophy.ca\/wp-content\/uploads\/2025\/10\/river-6671128_1280-1024x655.jpg 1024w, https:\/\/anthroposophy.ca\/wp-content\/uploads\/2025\/10\/river-6671128_1280-768x491.jpg 768w, https:\/\/anthroposophy.ca\/wp-content\/uploads\/2025\/10\/river-6671128_1280-700x448.jpg 700w, https:\/\/anthroposophy.ca\/wp-content\/uploads\/2025\/10\/river-6671128_1280.jpg 1280w\" sizes=\"(max-width: 300px) 100vw, 300px\" \/><\/a><\/p><\/div>\t\t\t\t\t\t\t\t<\/div>\n\t\t\t\t<\/div>\n\t\t\t\t<div class=\"elementor-element elementor-element-c1fa9a0 elementor-widget elementor-widget-spacer\" data-id=\"c1fa9a0\" data-element_type=\"widget\" data-e-type=\"widget\" data-widget_type=\"spacer.default\">\n\t\t\t\t<div class=\"elementor-widget-container\">\n\t\t\t\t\t\t\t<div class=\"elementor-spacer\">\n\t\t\t<div class=\"elementor-spacer-inner\"><\/div>\n\t\t<\/div>\n\t\t\t\t\t\t<\/div>\n\t\t\t\t<\/div>\n\t\t\t\t\t<\/div>\n\t\t<\/div>\n\t\t\t\t\t<\/div>\n\t\t<\/section>\n\t\t\t\t<section class=\"elementor-section elementor-top-section elementor-element elementor-element-58716399 elementor-section-full_width elementor-section-stretched elementor-section-height-default elementor-section-height-default parallax_section_no qode_elementor_container_no\" data-id=\"58716399\" data-element_type=\"section\" data-e-type=\"section\" data-settings=\"{&quot;stretch_section&quot;:&quot;section-stretched&quot;,&quot;background_background&quot;:&quot;classic&quot;,&quot;shape_divider_top&quot;:&quot;mountains&quot;}\">\n\t\t\t\t\t<div class=\"elementor-shape elementor-shape-top\" aria-hidden=\"true\" data-negative=\"false\">\n\t\t\t<svg xmlns=\"http:\/\/www.w3.org\/2000\/svg\" viewBox=\"0 0 1000 100\" preserveAspectRatio=\"none\">\n\t<path class=\"elementor-shape-fill\" opacity=\"0.33\" d=\"M473,67.3c-203.9,88.3-263.1-34-320.3,0C66,119.1,0,59.7,0,59.7V0h1000v59.7 c0,0-62.1,26.1-94.9,29.3c-32.8,3.3-62.8-12.3-75.8-22.1C806,49.6,745.3,8.7,694.9,4.7S492.4,59,473,67.3z\"\/>\n\t<path class=\"elementor-shape-fill\" opacity=\"0.66\" d=\"M734,67.3c-45.5,0-77.2-23.2-129.1-39.1c-28.6-8.7-150.3-10.1-254,39.1 s-91.7-34.4-149.2,0C115.7,118.3,0,39.8,0,39.8V0h1000v36.5c0,0-28.2-18.5-92.1-18.5C810.2,18.1,775.7,67.3,734,67.3z\"\/>\n\t<path class=\"elementor-shape-fill\" d=\"M766.1,28.9c-200-57.5-266,65.5-395.1,19.5C242,1.8,242,5.4,184.8,20.6C128,35.8,132.3,44.9,89.9,52.5C28.6,63.7,0,0,0,0 h1000c0,0-9.9,40.9-83.6,48.1S829.6,47,766.1,28.9z\"\/>\n<\/svg>\t\t<\/div>\n\t\t\t\t\t<div class=\"elementor-container elementor-column-gap-default\">\n\t\t\t\t\t<div class=\"elementor-column elementor-col-100 elementor-top-column elementor-element elementor-element-338be7a2\" data-id=\"338be7a2\" data-element_type=\"column\" data-e-type=\"column\">\n\t\t\t<div class=\"elementor-widget-wrap elementor-element-populated\">\n\t\t\t\t\t\t<div class=\"elementor-element elementor-element-2fd0bdab elementor-invisible elementor-widget elementor-widget-heading\" data-id=\"2fd0bdab\" data-element_type=\"widget\" data-e-type=\"widget\" data-settings=\"{&quot;_animation&quot;:&quot;fadeInUp&quot;}\" data-widget_type=\"heading.default\">\n\t\t\t\t<div class=\"elementor-widget-container\">\n\t\t\t\t\t<h2 class=\"elementor-heading-title elementor-size-default\">Why Do You Become A Member?<\/h2>\t\t\t\t<\/div>\n\t\t\t\t<\/div>\n\t\t\t\t<div class=\"elementor-element elementor-element-2f6c630a animated-slow elementor-invisible elementor-widget elementor-widget-bridge_testimonials_carousel\" data-id=\"2f6c630a\" data-element_type=\"widget\" data-e-type=\"widget\" data-settings=\"{&quot;_animation&quot;:&quot;fadeInUp&quot;}\" data-widget_type=\"bridge_testimonials_carousel.default\">\n\t\t\t\t<div class=\"elementor-widget-container\">\n\t\t\t\t\t<div class='testimonials_c_holder clearfix '><div class=\"testimonials_c testimonials_c_carousel\" data-show-navigation=\"yes\" data-animation-speed=\"5000\" data-auto-rotate-slides=\"15\" data-number-per-slide=\"3\"><ul class=\"slides\"><li id=\"testimonials-c-15225\" class=\"testimonial_content\"><div class=\"testimonial_content_inner\"><div class=\"testimonial_text_holder\"><div class=\"testimonial_text_inner\" style=\"\"><p>\"J'ai d\u00e9couvert l'anthroposophie il y a 42 ans \u00e0 Kelowna, en Colombie-Britannique. C'\u00e9tait comme si une porte s'\u00e9tait ouverte et qu'une lumi\u00e8re \u00e9clatante m'avait envahi. J'ai rapidement compris que Rudolf Steiner \u00e9tait mon ma\u00eetre et que l'anthroposophie serait mon guide et ma voie dans la vie.\"<\/p><p class=\"testimonial_author\" style=\"font-weight: 700;\">Edna Cox, Port Alberni, BC<\/p><\/div><\/div><\/div><\/li><li id=\"testimonials-c-15229\" class=\"testimonial_content\"><div class=\"testimonial_content_inner\"><div class=\"testimonial_text_holder\"><div class=\"testimonial_text_inner\" style=\"\"><p>\"Je me sentais affam\u00e9 \u00e0 l'universit\u00e9, et les activit\u00e9s de la Soci\u00e9t\u00e9 m'ont apport\u00e9 la nourriture dont j'avais tant besoin.\"<\/p><p class=\"testimonial_author\" style=\"font-weight: 700;\">Mark McAlister  Thornhill, ON<\/p><\/div><\/div><\/div><\/li><li id=\"testimonials-c-15230\" class=\"testimonial_content\"><div class=\"testimonial_content_inner\"><div class=\"testimonial_text_holder\"><div class=\"testimonial_text_inner\" style=\"\"><p>\"C'est normal que je contribue \u00e0 faire vivre l'anthroposophie !\"<\/p><p class=\"testimonial_author\" style=\"font-weight: 700;\">Suzanne Routhier, PQ<\/p><\/div><\/div><\/div><\/li><li id=\"testimonials-c-15232\" class=\"testimonial_content\"><div class=\"testimonial_content_inner\"><div class=\"testimonial_text_holder\"><div class=\"testimonial_text_inner\" style=\"\"><p>\"Je suis devenue membre afin de soutenir et d'encourager le travail spirituel de l'anthroposophie. J'\u00e9tais \u00e9tudiante en eurythmie en Angleterre et j'\u00e9tais inspir\u00e9e par la g\u00e9n\u00e9ration pr\u00e9c\u00e9dente, notamment John Davy, qui venait de d\u00e9c\u00e9der, Eileen Hutchins et d'autres, et je souhaitais faire partie de cette communaut\u00e9.\"<\/p><p class=\"testimonial_author\" style=\"font-weight: 700;\">Margaret Osmond, NS<\/p><\/div><\/div><\/div><\/li><\/ul><\/div><\/div>\t\t\t\t<\/div>\n\t\t\t\t<\/div>\n\t\t\t\t\t<\/div>\n\t\t<\/div>\n\t\t\t\t\t<\/div>\n\t\t<\/section>\n\t\t\t\t<\/div>\n\t\t","protected":false},"excerpt":{"rendered":"<p>Edmonton Group In the book What is Anthroposophy? Rudolf Steiner observes (21\/07\/1923): \u201cThe present age calls for one thing and that is to look honestly into our own interiority, and come to know impartially our own spirit \u2013 the spirit that illuminates the soul from&#8230;<\/p>\n","protected":false},"author":6,"featured_media":0,"parent":1119,"menu_order":0,"comment_status":"closed","ping_status":"closed","template":"elementor_header_footer","meta":{"inline_featured_image":false,"footnotes":""},"class_list":["post-1521","page","type-page","status-publish","hentry"],"_links":{"self":[{"href":"https:\/\/anthroposophy.ca\/fr\/wp-json\/wp\/v2\/pages\/1521","targetHints":{"allow":["GET"]}}],"collection":[{"href":"https:\/\/anthroposophy.ca\/fr\/wp-json\/wp\/v2\/pages"}],"about":[{"href":"https:\/\/anthroposophy.ca\/fr\/wp-json\/wp\/v2\/types\/page"}],"author":[{"embeddable":true,"href":"https:\/\/anthroposophy.ca\/fr\/wp-json\/wp\/v2\/users\/6"}],"replies":[{"embeddable":true,"href":"https:\/\/anthroposophy.ca\/fr\/wp-json\/wp\/v2\/comments?post=1521"}],"version-history":[{"count":5,"href":"https:\/\/anthroposophy.ca\/fr\/wp-json\/wp\/v2\/pages\/1521\/revisions"}],"predecessor-version":[{"id":15445,"href":"https:\/\/anthroposophy.ca\/fr\/wp-json\/wp\/v2\/pages\/1521\/revisions\/15445"}],"up":[{"embeddable":true,"href":"https:\/\/anthroposophy.ca\/fr\/wp-json\/wp\/v2\/pages\/1119"}],"wp:attachment":[{"href":"https:\/\/anthroposophy.ca\/fr\/wp-json\/wp\/v2\/media?parent=1521"}],"curies":[{"name":"wp","href":"https:\/\/api.w.org\/{rel}","templated":true}]}}