{"id":1527,"date":"2013-05-29T16:46:00","date_gmt":"2013-05-29T20:46:00","guid":{"rendered":"http:\/\/www.asc.wdtest.info\/fr\/branches-et-groupes\/blog-page_28\/"},"modified":"2025-11-30T13:49:48","modified_gmt":"2025-11-30T18:49:48","slug":"blog-page_28","status":"publish","type":"page","link":"https:\/\/anthroposophy.ca\/fr\/branches-et-groupes\/blog-page_28\/","title":{"rendered":"Montr\u00e9al (English), Quebec"},"content":{"rendered":"\t\t<div data-elementor-type=\"wp-page\" data-elementor-id=\"1527\" class=\"elementor elementor-1527 elementor-444\">\n\t\t\t\t\t\t<section class=\"elementor-section elementor-top-section elementor-element elementor-element-775588f6 elementor-section-boxed elementor-section-height-default elementor-section-height-default parallax_section_no qode_elementor_container_no\" data-id=\"775588f6\" data-element_type=\"section\" data-e-type=\"section\">\n\t\t\t\t\t\t<div class=\"elementor-container elementor-column-gap-default\">\n\t\t\t\t\t<div class=\"elementor-column elementor-col-100 elementor-top-column elementor-element elementor-element-22e5e2af\" data-id=\"22e5e2af\" data-element_type=\"column\" data-e-type=\"column\">\n\t\t\t<div class=\"elementor-widget-wrap elementor-element-populated\">\n\t\t\t\t\t\t<div class=\"elementor-element elementor-element-3610062 elementor-widget elementor-widget-spacer\" data-id=\"3610062\" data-element_type=\"widget\" data-e-type=\"widget\" data-widget_type=\"spacer.default\">\n\t\t\t\t<div class=\"elementor-widget-container\">\n\t\t\t\t\t\t\t<div class=\"elementor-spacer\">\n\t\t\t<div class=\"elementor-spacer-inner\"><\/div>\n\t\t<\/div>\n\t\t\t\t\t\t<\/div>\n\t\t\t\t<\/div>\n\t\t\t\t<div class=\"elementor-element elementor-element-5a350264 elementor-widget elementor-widget-text-editor\" data-id=\"5a350264\" data-element_type=\"widget\" data-e-type=\"widget\" data-widget_type=\"text-editor.default\">\n\t\t\t\t<div class=\"elementor-widget-container\">\n\t\t\t\t\t\t\t\t\t<p>We have a small English study group in Montreal which meets every second Friday in the morning from September to June. The dates may vary depending on the weather and availability of the members of the group.<\/p><p>Each session starts and finishes with the Calendar of the Soul.<\/p><p>Presently we are studying Theosophy taking sufficient time for each section to sink in.\u00a0Discussions follow for as long as necessary.\u00a0 We also try to follow the festivals reading something pertaining to them as they arise.<\/p><p>Anyone interested in studying Rudolf Steiner\u2019s work is welcome to join by contacting Claudette to confirm time and place.<\/p><p>We also meet with the French part of the Sophia Branch on a regular basis for various activities and festivals.\u00a0 Those meetings are bilingual.<\/p><p><strong>Contact:<\/strong>\u00a0Claudette Leblanc<\/p><p><strong>Email:<\/strong>\u00a0<a href=\"mailto:claudette.leblanc@videotron.ca\">claudette.leblanc@videotron.ca<\/a><\/p>\t\t\t\t\t\t\t\t<\/div>\n\t\t\t\t<\/div>\n\t\t\t\t<div class=\"elementor-element elementor-element-b2deafe elementor-widget elementor-widget-spacer\" data-id=\"b2deafe\" data-element_type=\"widget\" data-e-type=\"widget\" data-widget_type=\"spacer.default\">\n\t\t\t\t<div class=\"elementor-widget-container\">\n\t\t\t\t\t\t\t<div class=\"elementor-spacer\">\n\t\t\t<div class=\"elementor-spacer-inner\"><\/div>\n\t\t<\/div>\n\t\t\t\t\t\t<\/div>\n\t\t\t\t<\/div>\n\t\t\t\t\t<\/div>\n\t\t<\/div>\n\t\t\t\t\t<\/div>\n\t\t<\/section>\n\t\t\t\t<section class=\"elementor-section elementor-top-section elementor-element elementor-element-2db38a6b elementor-section-full_width elementor-section-stretched elementor-section-height-default elementor-section-height-default parallax_section_no qode_elementor_container_no\" data-id=\"2db38a6b\" data-element_type=\"section\" data-e-type=\"section\" data-settings=\"{&quot;stretch_section&quot;:&quot;section-stretched&quot;,&quot;background_background&quot;:&quot;classic&quot;,&quot;shape_divider_top&quot;:&quot;mountains&quot;}\">\n\t\t\t\t\t<div class=\"elementor-shape elementor-shape-top\" aria-hidden=\"true\" data-negative=\"false\">\n\t\t\t<svg xmlns=\"http:\/\/www.w3.org\/2000\/svg\" viewBox=\"0 0 1000 100\" preserveAspectRatio=\"none\">\n\t<path class=\"elementor-shape-fill\" opacity=\"0.33\" d=\"M473,67.3c-203.9,88.3-263.1-34-320.3,0C66,119.1,0,59.7,0,59.7V0h1000v59.7 c0,0-62.1,26.1-94.9,29.3c-32.8,3.3-62.8-12.3-75.8-22.1C806,49.6,745.3,8.7,694.9,4.7S492.4,59,473,67.3z\"\/>\n\t<path class=\"elementor-shape-fill\" opacity=\"0.66\" d=\"M734,67.3c-45.5,0-77.2-23.2-129.1-39.1c-28.6-8.7-150.3-10.1-254,39.1 s-91.7-34.4-149.2,0C115.7,118.3,0,39.8,0,39.8V0h1000v36.5c0,0-28.2-18.5-92.1-18.5C810.2,18.1,775.7,67.3,734,67.3z\"\/>\n\t<path class=\"elementor-shape-fill\" d=\"M766.1,28.9c-200-57.5-266,65.5-395.1,19.5C242,1.8,242,5.4,184.8,20.6C128,35.8,132.3,44.9,89.9,52.5C28.6,63.7,0,0,0,0 h1000c0,0-9.9,40.9-83.6,48.1S829.6,47,766.1,28.9z\"\/>\n<\/svg>\t\t<\/div>\n\t\t\t\t\t<div class=\"elementor-container elementor-column-gap-default\">\n\t\t\t\t\t<div class=\"elementor-column elementor-col-100 elementor-top-column elementor-element elementor-element-5388083e\" data-id=\"5388083e\" data-element_type=\"column\" data-e-type=\"column\">\n\t\t\t<div class=\"elementor-widget-wrap elementor-element-populated\">\n\t\t\t\t\t\t<div class=\"elementor-element elementor-element-38748216 elementor-invisible elementor-widget elementor-widget-heading\" data-id=\"38748216\" data-element_type=\"widget\" data-e-type=\"widget\" data-settings=\"{&quot;_animation&quot;:&quot;fadeInUp&quot;}\" data-widget_type=\"heading.default\">\n\t\t\t\t<div class=\"elementor-widget-container\">\n\t\t\t\t\t<h2 class=\"elementor-heading-title elementor-size-default\">Why Do You Become A Member?<\/h2>\t\t\t\t<\/div>\n\t\t\t\t<\/div>\n\t\t\t\t<div class=\"elementor-element elementor-element-c19fef0 animated-slow elementor-invisible elementor-widget elementor-widget-bridge_testimonials_carousel\" data-id=\"c19fef0\" data-element_type=\"widget\" data-e-type=\"widget\" data-settings=\"{&quot;_animation&quot;:&quot;fadeInUp&quot;}\" data-widget_type=\"bridge_testimonials_carousel.default\">\n\t\t\t\t<div class=\"elementor-widget-container\">\n\t\t\t\t\t<div class='testimonials_c_holder clearfix '><div class=\"testimonials_c testimonials_c_carousel\" data-show-navigation=\"yes\" data-animation-speed=\"5000\" data-auto-rotate-slides=\"15\" data-number-per-slide=\"3\"><ul class=\"slides\"><li id=\"testimonials-c-15225\" class=\"testimonial_content\"><div class=\"testimonial_content_inner\"><div class=\"testimonial_text_holder\"><div class=\"testimonial_text_inner\" style=\"\"><p>\"J'ai d\u00e9couvert l'anthroposophie il y a 42 ans \u00e0 Kelowna, en Colombie-Britannique. C'\u00e9tait comme si une porte s'\u00e9tait ouverte et qu'une lumi\u00e8re \u00e9clatante m'avait envahi. J'ai rapidement compris que Rudolf Steiner \u00e9tait mon ma\u00eetre et que l'anthroposophie serait mon guide et ma voie dans la vie.\"<\/p><p class=\"testimonial_author\" style=\"font-weight: 700;\">Edna Cox, Port Alberni, BC<\/p><\/div><\/div><\/div><\/li><li id=\"testimonials-c-15229\" class=\"testimonial_content\"><div class=\"testimonial_content_inner\"><div class=\"testimonial_text_holder\"><div class=\"testimonial_text_inner\" style=\"\"><p>\"Je me sentais affam\u00e9 \u00e0 l'universit\u00e9, et les activit\u00e9s de la Soci\u00e9t\u00e9 m'ont apport\u00e9 la nourriture dont j'avais tant besoin.\"<\/p><p class=\"testimonial_author\" style=\"font-weight: 700;\">Mark McAlister  Thornhill, ON<\/p><\/div><\/div><\/div><\/li><li id=\"testimonials-c-15230\" class=\"testimonial_content\"><div class=\"testimonial_content_inner\"><div class=\"testimonial_text_holder\"><div class=\"testimonial_text_inner\" style=\"\"><p>\"C'est normal que je contribue \u00e0 faire vivre l'anthroposophie !\"<\/p><p class=\"testimonial_author\" style=\"font-weight: 700;\">Suzanne Routhier, PQ<\/p><\/div><\/div><\/div><\/li><li id=\"testimonials-c-15232\" class=\"testimonial_content\"><div class=\"testimonial_content_inner\"><div class=\"testimonial_text_holder\"><div class=\"testimonial_text_inner\" style=\"\"><p>\"Je suis devenue membre afin de soutenir et d'encourager le travail spirituel de l'anthroposophie. J'\u00e9tais \u00e9tudiante en eurythmie en Angleterre et j'\u00e9tais inspir\u00e9e par la g\u00e9n\u00e9ration pr\u00e9c\u00e9dente, notamment John Davy, qui venait de d\u00e9c\u00e9der, Eileen Hutchins et d'autres, et je souhaitais faire partie de cette communaut\u00e9.\"<\/p><p class=\"testimonial_author\" style=\"font-weight: 700;\">Margaret Osmond, NS<\/p><\/div><\/div><\/div><\/li><\/ul><\/div><\/div>\t\t\t\t<\/div>\n\t\t\t\t<\/div>\n\t\t\t\t\t<\/div>\n\t\t<\/div>\n\t\t\t\t\t<\/div>\n\t\t<\/section>\n\t\t\t\t<\/div>\n\t\t","protected":false},"excerpt":{"rendered":"<p>We have a small English study group in Montreal which meets every second Friday in the morning from September to June. The dates may vary depending on the weather and availability of the members of the group. Each session starts and finishes with the Calendar&#8230;<\/p>\n","protected":false},"author":6,"featured_media":0,"parent":1119,"menu_order":0,"comment_status":"closed","ping_status":"closed","template":"elementor_header_footer","meta":{"inline_featured_image":false,"footnotes":""},"class_list":["post-1527","page","type-page","status-publish","hentry"],"_links":{"self":[{"href":"https:\/\/anthroposophy.ca\/fr\/wp-json\/wp\/v2\/pages\/1527","targetHints":{"allow":["GET"]}}],"collection":[{"href":"https:\/\/anthroposophy.ca\/fr\/wp-json\/wp\/v2\/pages"}],"about":[{"href":"https:\/\/anthroposophy.ca\/fr\/wp-json\/wp\/v2\/types\/page"}],"author":[{"embeddable":true,"href":"https:\/\/anthroposophy.ca\/fr\/wp-json\/wp\/v2\/users\/6"}],"replies":[{"embeddable":true,"href":"https:\/\/anthroposophy.ca\/fr\/wp-json\/wp\/v2\/comments?post=1527"}],"version-history":[{"count":5,"href":"https:\/\/anthroposophy.ca\/fr\/wp-json\/wp\/v2\/pages\/1527\/revisions"}],"predecessor-version":[{"id":15381,"href":"https:\/\/anthroposophy.ca\/fr\/wp-json\/wp\/v2\/pages\/1527\/revisions\/15381"}],"up":[{"embeddable":true,"href":"https:\/\/anthroposophy.ca\/fr\/wp-json\/wp\/v2\/pages\/1119"}],"wp:attachment":[{"href":"https:\/\/anthroposophy.ca\/fr\/wp-json\/wp\/v2\/media?parent=1527"}],"curies":[{"name":"wp","href":"https:\/\/api.w.org\/{rel}","templated":true}]}}