{"id":1542,"date":"2013-05-30T19:36:00","date_gmt":"2013-05-30T23:36:00","guid":{"rendered":"http:\/\/www.asc.wdtest.info\/fr\/branches-et-groupes\/val-david\/"},"modified":"2025-09-24T16:02:42","modified_gmt":"2025-09-24T20:02:42","slug":"val-david","status":"publish","type":"page","link":"https:\/\/anthroposophy.ca\/fr\/branches-et-groupes\/val-david\/","title":{"rendered":"Val David (Fran\u00e7ais)"},"content":{"rendered":"\t\t<div data-elementor-type=\"wp-page\" data-elementor-id=\"1542\" class=\"elementor elementor-1542 elementor-441\">\n\t\t\t\t<div class=\"elementor-element elementor-element-3fa7f647 e-flex e-con-boxed e-con e-parent\" data-id=\"3fa7f647\" data-element_type=\"container\" data-e-type=\"container\">\n\t\t\t\t\t<div class=\"e-con-inner\">\n\t\t\t\t<div class=\"elementor-element elementor-element-49ffb720 elementor-widget elementor-widget-text-editor\" data-id=\"49ffb720\" data-element_type=\"widget\" data-e-type=\"widget\" data-widget_type=\"text-editor.default\">\n\t\t\t\t<div class=\"elementor-widget-container\">\n\t\t\t\t\t\t\t\t\t<p>test words<\/p><p>Maison Emmanuel (Camphill community) contact Mary Small or Armelle Ferrandiz: 819-322-7014<\/p><p>La Branche Laurentia: contact Noemi Glen: 450-340-0637<\/p><p>Class Holder: H\u00e9l\u00e8ne Besnard: 819-219-1800<\/p><p>Eurythmy ensemble Interval: Armelle Ferrandiz: 819-325-4227<\/p><p>\u00c9cole Imagine \u2013Waldorf primary school 819-322-7786 with\u00a0a\u00a0new class within the project: Les Pers\u00e9ides (for children with learning differences): Jocelyne Arseneau\u00a0\u00a0819-320-0111<\/p><p>ISAEL \u2013Extra\u00a0Lesson\u00a0Waldorf remedial training Jocelyne Arseneau 819-320-0111<\/p>\t\t\t\t\t\t\t\t<\/div>\n\t\t\t\t<\/div>\n\t\t\t\t\t<\/div>\n\t\t\t\t<\/div>\n\t\t\t\t<\/div>\n\t\t","protected":false},"excerpt":{"rendered":"<p>Maison Emmanuel (communaut\u00e9 Camphill) contactez Mary Small ou Armelle Ferrandiz : 819-322-7014 La Branche Laurentia : contacter Noemi Glen : 450-340-0637 Titulaire du cours : H\u00e9l\u00e8ne Besnard : 819 219-1800 Ensemble Eurythmie Intervalle : Armelle Ferrandiz : 819 325-4227 \u00c9cole Imagine \u2013 \u00c9cole primaire Waldorf&#8230;<\/p>\n","protected":false},"author":6,"featured_media":0,"parent":1119,"menu_order":0,"comment_status":"closed","ping_status":"closed","template":"elementor_header_footer","meta":{"inline_featured_image":false,"footnotes":""},"class_list":["post-1542","page","type-page","status-publish","hentry"],"_links":{"self":[{"href":"https:\/\/anthroposophy.ca\/fr\/wp-json\/wp\/v2\/pages\/1542","targetHints":{"allow":["GET"]}}],"collection":[{"href":"https:\/\/anthroposophy.ca\/fr\/wp-json\/wp\/v2\/pages"}],"about":[{"href":"https:\/\/anthroposophy.ca\/fr\/wp-json\/wp\/v2\/types\/page"}],"author":[{"embeddable":true,"href":"https:\/\/anthroposophy.ca\/fr\/wp-json\/wp\/v2\/users\/6"}],"replies":[{"embeddable":true,"href":"https:\/\/anthroposophy.ca\/fr\/wp-json\/wp\/v2\/comments?post=1542"}],"version-history":[{"count":5,"href":"https:\/\/anthroposophy.ca\/fr\/wp-json\/wp\/v2\/pages\/1542\/revisions"}],"predecessor-version":[{"id":14413,"href":"https:\/\/anthroposophy.ca\/fr\/wp-json\/wp\/v2\/pages\/1542\/revisions\/14413"}],"up":[{"embeddable":true,"href":"https:\/\/anthroposophy.ca\/fr\/wp-json\/wp\/v2\/pages\/1119"}],"wp:attachment":[{"href":"https:\/\/anthroposophy.ca\/fr\/wp-json\/wp\/v2\/media?parent=1542"}],"curies":[{"name":"wp","href":"https:\/\/api.w.org\/{rel}","templated":true}]}}