{"id":15893,"date":"2015-08-06T16:10:51","date_gmt":"2015-08-06T20:10:51","guid":{"rendered":"https:\/\/anthroposophy.ca\/initiatives\/anthroposophical-medicine\/"},"modified":"2026-03-31T15:28:10","modified_gmt":"2026-03-31T19:28:10","slug":"anthroposophical-medicine","status":"publish","type":"page","link":"https:\/\/anthroposophy.ca\/fr\/initiatives\/anthroposophical-medicine\/","title":{"rendered":"Anthroposophical Medicine"},"content":{"rendered":"\t\t<div data-elementor-type=\"wp-page\" data-elementor-id=\"15893\" class=\"elementor elementor-15893 elementor-34\">\n\t\t\t\t<div class=\"elementor-element elementor-element-270b64b8 e-flex e-con-boxed e-con e-parent\" data-id=\"270b64b8\" data-element_type=\"container\" data-e-type=\"container\">\n\t\t\t\t\t<div class=\"e-con-inner\">\n\t\t\t\t<div class=\"elementor-element elementor-element-7aa5d4d8 elementor-widget elementor-widget-text-editor\" data-id=\"7aa5d4d8\" data-element_type=\"widget\" data-e-type=\"widget\" data-widget_type=\"text-editor.default\">\n\t\t\t\t<div class=\"elementor-widget-container\">\n\t\t\t\t\t\t\t\t\t<p>\u00ab\u00a0La m\u00e9decine anthroposophique est un syst\u00e8me m\u00e9dical int\u00e9gratif, une extension de la m\u00e9decine conventionnelle qui adopte une approche holistique de l&rsquo;\u00eatre humain, de la nature, de la maladie et de la gu\u00e9rison. Fond\u00e9e au d\u00e9but des ann\u00e9es 1920 par Rudolf Steiner et Ita Wegman, elle est \u00e9tablie dans 80 pays \u00e0 travers le monde, principalement en Europe centrale. Pratiqu\u00e9e par des m\u00e9decins, des th\u00e9rapeutes et des infirmi\u00e8res, elle propose des traitements et des th\u00e9rapies sp\u00e9cifiques, incluant les m\u00e9dicaments, l&rsquo;art-th\u00e9rapie, la th\u00e9rapie par le mouvement, les massages et des techniques de soins infirmiers particuli\u00e8res. Elle prend en charge toutes les maladies aigu\u00ebs et chroniques, avec une attention particuli\u00e8re port\u00e9e aux maladies infantiles, \u00e0 la m\u00e9decine familiale et, surtout, aux maladies chroniques n\u00e9cessitant des traitements complexes et de longue dur\u00e9e. Les patients sont tr\u00e8s satisfaits de cette approche holistique des soins de sant\u00e9.<\/p><h6>Source: <a href=\"https:\/\/www.ncbi.nlm.nih.gov\/pmc\/articles\/PMC3865373\/\">https:\/\/www.ncbi.nlm.nih.gov\/pmc\/articles\/PMC3865373\/<\/a><\/h6><h6>\u00a0<\/h6><p>PRATICIENS AU CANADA<\/p><p>La Dre Nedi Eckler est m\u00e9decin et pratique en anthroposophie. Son bureau est situ\u00e9 au nord de Toronto. La Dre Eckler n&rsquo;accepte pas de nouveaux patients couverts par l&rsquo;Assurance-sant\u00e9 de l&rsquo;Ontario (OHIP), mais offre des consultations pour les patients non couverts. Pour plus de d\u00e9tails, veuillez composer le 647\u00a0946\u00a04111.<\/p>\t\t\t\t\t\t\t\t<\/div>\n\t\t\t\t<\/div>\n\t\t\t\t\t<\/div>\n\t\t\t\t<\/div>\n\t\t\t\t<\/div>\n\t\t","protected":false},"excerpt":{"rendered":"<p>\u00ab\u00a0La m\u00e9decine anthroposophique est un syst\u00e8me m\u00e9dical int\u00e9gratif, une extension de la m\u00e9decine conventionnelle qui adopte une approche holistique de l&rsquo;\u00eatre humain, de la nature, de la maladie et de la gu\u00e9rison. Fond\u00e9e au d\u00e9but des ann\u00e9es 1920 par Rudolf Steiner et Ita Wegman, elle&#8230;<\/p>\n","protected":false},"author":6,"featured_media":0,"parent":938,"menu_order":0,"comment_status":"closed","ping_status":"closed","template":"","meta":{"inline_featured_image":false,"footnotes":""},"class_list":["post-15893","page","type-page","status-publish","hentry"],"_links":{"self":[{"href":"https:\/\/anthroposophy.ca\/fr\/wp-json\/wp\/v2\/pages\/15893","targetHints":{"allow":["GET"]}}],"collection":[{"href":"https:\/\/anthroposophy.ca\/fr\/wp-json\/wp\/v2\/pages"}],"about":[{"href":"https:\/\/anthroposophy.ca\/fr\/wp-json\/wp\/v2\/types\/page"}],"author":[{"embeddable":true,"href":"https:\/\/anthroposophy.ca\/fr\/wp-json\/wp\/v2\/users\/6"}],"replies":[{"embeddable":true,"href":"https:\/\/anthroposophy.ca\/fr\/wp-json\/wp\/v2\/comments?post=15893"}],"version-history":[{"count":5,"href":"https:\/\/anthroposophy.ca\/fr\/wp-json\/wp\/v2\/pages\/15893\/revisions"}],"predecessor-version":[{"id":15922,"href":"https:\/\/anthroposophy.ca\/fr\/wp-json\/wp\/v2\/pages\/15893\/revisions\/15922"}],"up":[{"embeddable":true,"href":"https:\/\/anthroposophy.ca\/fr\/wp-json\/wp\/v2\/pages\/938"}],"wp:attachment":[{"href":"https:\/\/anthroposophy.ca\/fr\/wp-json\/wp\/v2\/media?parent=15893"}],"curies":[{"name":"wp","href":"https:\/\/api.w.org\/{rel}","templated":true}]}}