{"id":16212,"date":"2026-04-20T16:31:30","date_gmt":"2026-04-20T20:31:30","guid":{"rendered":"https:\/\/anthroposophy.ca\/?page_id=16212"},"modified":"2026-04-20T16:31:30","modified_gmt":"2026-04-20T20:31:30","slug":"horaire-de-la-conference","status":"publish","type":"page","link":"https:\/\/anthroposophy.ca\/fr\/horaire-de-la-conference\/","title":{"rendered":"Horaire de la conf\u00e9rence\u00a0:"},"content":{"rendered":"<p>Horaire de la conf\u00e9rence\u00a0:<\/p>\n<p>Vendredi 15 mai<\/p>\n<p>18h00 &#8211; 19h00\u00a0: INSCRIPTIONS ET PAUSE<\/p>\n<p>19h00 &#8211; 20h30\u00a0: MOT DE BIENVENUE &#8211; Sharon Ballah, Maggie Keppie, Judy King<\/p>\n<p>Samedi le 16 mai<\/p>\n<p>8h00 &#8211; 9h00\u00a0: ACCUEIL ET ATELIER D&rsquo;ART &#8211; Tara Arnst et Suzanna Ballah<\/p>\n<p>9h00 &#8211; 10h00\u00a0: Repenser le karma\u00a0: imagination et techniques morales &#8211; Luigi Morelli<\/p>\n<p>10 h \u00e0 10 h 30\u00a0: PAUSE<\/p>\n<p>10h30 &#8211; 12h00\u00a0: Karma et ADN &#8211; Duncan Keppie<\/p>\n<p>12h00 &#8211; 14h00\u00a0: D\u00c9JEUNER<\/p>\n<p>14h00 &#8211; 14h30\u00a0: SPECTACLE DE MARIONNETTES &#8211; Kaitlin Brown<\/p>\n<p>14h30 &#8211; 16h30 : CAF\u00c9-CONVERSATION &#8211; Luigi Morelli<\/p>\n<p>16 h 30 &#8211; 17 h : PAUSE<\/p>\n<p>17h00 &#8211; 18h00 : La ferme comme organisme vivant : un exemple de communaut\u00e9 vivante &#8211; Tilo Crass<\/p>\n<p>18h00 &#8211; 18h30 : RENDEMENT DE L&rsquo;EURYTHME &#8211; Margarette Osmond et Teshia Brown<\/p>\n<p>18 h 30 : D\u00ceNER suivi de\u2026<\/p>\n<p>19h30 &#8211; 21h00 : SOIR\u00c9E &#8211; Une soir\u00e9e de musique et de danses traditionnelles de la Nouvelle-\u00c9cosse<\/p>\n<p>Dimanche 17 mai<\/p>\n<p>9 h \u00e0 9 h 20 : Ros\u00e9e du matin &#8211; R\u00e9capitulatif du Caf\u00e9-Conversation &#8211; Luigi Morelli<\/p>\n<p>9 h 30 \u00e0 10 h 30 : COURS &#8211; Anim\u00e9 par Sharon Ballah \/ GROUPE DE M\u00c9DITATION<\/p>\n<p>10 h 30 &#8211; 11 h : PAUSE<\/p>\n<p>11h00 &#8211; 12h00 : Discours du tr\u00e9sorier : Fonds de base &#8211; Sebasti\u00e1n Bilbao<\/p>\n<p>12h00 : D\u00c9JEUNER<\/p>\n<p>14 h \u00e0 15 h 30 : Assembl\u00e9e g\u00e9n\u00e9rale annuelle<\/p>\n<p>16h00 : CL\u00d4TURE &#8211; Unir nos c\u0153urs et nos mains &#8211; Chants dirig\u00e9s par Maggie Keppie<\/p>\n","protected":false},"excerpt":{"rendered":"<p>Horaire de la conf\u00e9rence\u00a0: Vendredi 15 mai 18h00 &#8211; 19h00\u00a0: INSCRIPTIONS ET PAUSE 19h00 &#8211; 20h30\u00a0: MOT DE BIENVENUE &#8211; Sharon Ballah, Maggie Keppie, Judy King Samedi le 16 mai 8h00 &#8211; 9h00\u00a0: ACCUEIL ET ATELIER D&rsquo;ART &#8211; Tara Arnst et Suzanna Ballah 9h00 &#8211;&#8230;<\/p>\n","protected":false},"author":6,"featured_media":0,"parent":0,"menu_order":0,"comment_status":"closed","ping_status":"closed","template":"","meta":{"inline_featured_image":false,"footnotes":""},"class_list":["post-16212","page","type-page","status-publish","hentry"],"_links":{"self":[{"href":"https:\/\/anthroposophy.ca\/fr\/wp-json\/wp\/v2\/pages\/16212","targetHints":{"allow":["GET"]}}],"collection":[{"href":"https:\/\/anthroposophy.ca\/fr\/wp-json\/wp\/v2\/pages"}],"about":[{"href":"https:\/\/anthroposophy.ca\/fr\/wp-json\/wp\/v2\/types\/page"}],"author":[{"embeddable":true,"href":"https:\/\/anthroposophy.ca\/fr\/wp-json\/wp\/v2\/users\/6"}],"replies":[{"embeddable":true,"href":"https:\/\/anthroposophy.ca\/fr\/wp-json\/wp\/v2\/comments?post=16212"}],"version-history":[{"count":1,"href":"https:\/\/anthroposophy.ca\/fr\/wp-json\/wp\/v2\/pages\/16212\/revisions"}],"predecessor-version":[{"id":16213,"href":"https:\/\/anthroposophy.ca\/fr\/wp-json\/wp\/v2\/pages\/16212\/revisions\/16213"}],"wp:attachment":[{"href":"https:\/\/anthroposophy.ca\/fr\/wp-json\/wp\/v2\/media?parent=16212"}],"curies":[{"name":"wp","href":"https:\/\/api.w.org\/{rel}","templated":true}]}}