{"id":1652,"date":"2016-02-10T07:11:22","date_gmt":"2016-02-10T12:11:22","guid":{"rendered":"http:\/\/www.asc.wdtest.info\/fr\/?page_id=1652"},"modified":"2022-04-08T15:17:29","modified_gmt":"2022-04-08T19:17:29","slug":"etudes-biographiques","status":"publish","type":"page","link":"https:\/\/anthroposophy.ca\/fr\/initiatives\/etudes-biographiques\/","title":{"rendered":"Le Travail biographique"},"content":{"rendered":"\t\t<div data-elementor-type=\"wp-page\" data-elementor-id=\"1652\" class=\"elementor elementor-1652 elementor-50\">\n\t\t\t\t\t\t<section class=\"elementor-section elementor-top-section elementor-element elementor-element-ff83963 elementor-section-boxed elementor-section-height-default elementor-section-height-default parallax_section_no qode_elementor_container_no\" data-id=\"ff83963\" data-element_type=\"section\" data-e-type=\"section\">\n\t\t\t\t\t\t<div class=\"elementor-container elementor-column-gap-default\">\n\t\t\t\t\t<div class=\"elementor-column elementor-col-100 elementor-top-column elementor-element elementor-element-134e33e3\" data-id=\"134e33e3\" data-element_type=\"column\" data-e-type=\"column\">\n\t\t\t<div class=\"elementor-widget-wrap elementor-element-populated\">\n\t\t\t\t\t\t<div class=\"elementor-element elementor-element-5a31ed1a elementor-widget elementor-widget-text-editor\" data-id=\"5a31ed1a\" data-element_type=\"widget\" data-e-type=\"widget\" data-widget_type=\"text-editor.default\">\n\t\t\t\t<div class=\"elementor-widget-container\">\n\t\t\t\t\t\t\t\t\t<p><img fetchpriority=\"high\" decoding=\"async\" class=\"aligncenter size-large wp-image-9178\" src=\"https:\/\/anthroposophy.ca\/wp-content\/uploads\/2015\/08\/Biography1-1024x556.jpg\" alt=\"Biography Work\" width=\"640\" height=\"348\" srcset=\"https:\/\/anthroposophy.ca\/wp-content\/uploads\/2015\/08\/Biography1-1024x556.jpg 1024w, https:\/\/anthroposophy.ca\/wp-content\/uploads\/2015\/08\/Biography1-300x163.jpg 300w\" sizes=\"(max-width: 640px) 100vw, 640px\" \/><\/p><p>L\u2019\u00e9tude de la biographie humaine est un domaine nouveau de l\u2019anthroposophie qui est en plein essor. Son origine, inspir\u00e9e par les travaux de Bernard Lievegoed en Hollande et par ceux de Gudrun Burkhard au Br\u00e9sil, remonte \u00e0 la fin des ann\u00e9es 1970. De nombreux pays offrent des programmes de formation en biographie dont les dipl\u00f4m\u00e9s poursuivent des carri\u00e8res dans les domaines du conseil aux entreprises, du travail social, du mentorat, du d\u00e9veloppement organisationnel, de l&rsquo;\u00e9ducation aux adultes, de l&rsquo;art th\u00e9rapie et d&rsquo;autres professions en lien avec la gu\u00e9rison. La biographie pr\u00e9sente une approche holistique de nos vies qui aide \u00e0 int\u00e9grer nos exp\u00e9riences afin que nous ne soyons pas handicap\u00e9s par des reliquats de notre pass\u00e9 et que nous puissions avancer vers l&rsquo;avenir en comptant sur la sagesse inh\u00e9rente \u00e0 nos vies.\r\nLe travail biographique est d\u2019une grande importance pour notre \u00e9poque.  Un nombre croissant de personnes cherchent \u00e0 trouver quel est le motif central de leur existence, quelle peut en \u00eatre la signification profonde. Des questions comme \u00abqui suis-je ?\u00bb et \u00abquel est le but de ma vie ?\u00bb les pr\u00e9occupent activement. Elles aspirent \u00e0 red\u00e9finir leur propre identit\u00e9 \u00e0 partir du r\u00f4le qu\u2019elles occupent dans la vie quotidienne et \u00e0 trouver le sens int\u00e9rieur de tout ceci.\r\n\r\nBien que le travail biographique se fait sous forme de conseils personnels ou de coaching individuel, il prend la forme d&rsquo;ateliers artistiques et d\u2019\u00e9changes compl\u00e9t\u00e9s par des s\u00e9ances de groupe. Cette fa\u00e7on de travailler enrichit consid\u00e9rablement la valeur de nos activit\u00e9s dans le domaine social. La dimension du d\u00e9veloppement, de l&rsquo;int\u00e9r\u00eat des uns envers les autres et de l&rsquo;apprentissage les uns des autres cr\u00e9ent un espace ouvert pour la cr\u00e9ativit\u00e9. Au Canada, un vif int\u00e9r\u00eat alimente le travail biographique. Pour plus d&rsquo;informations sur ce sujet, cherchez dans les renseignements compl\u00e9mentaires les titres suivants : travail de biographie, conseil biographique, coaching de biographie, formation \u00e0 la biographie.\r\n\t\t\t\t\t\t\t\t<\/div>\n\t\t\t\t<\/div>\n\t\t\t\t\t<\/div>\n\t\t<\/div>\n\t\t\t\t\t<\/div>\n\t\t<\/section>\n\t\t\t\t<\/div>\n\t\t","protected":false},"excerpt":{"rendered":"<p>L\u2019\u00e9tude de la biographie humaine est un domaine nouveau de l\u2019anthroposophie qui est en plein essor. Son origine, inspir\u00e9e par les travaux de Bernard Lievegoed en Hollande et par ceux de Gudrun Burkhard au Br\u00e9sil, remonte \u00e0 la fin des ann\u00e9es 1970. De nombreux pays&#8230;<\/p>\n","protected":false},"author":6,"featured_media":0,"parent":938,"menu_order":0,"comment_status":"closed","ping_status":"closed","template":"","meta":{"inline_featured_image":false,"footnotes":""},"class_list":["post-1652","page","type-page","status-publish","hentry"],"_links":{"self":[{"href":"https:\/\/anthroposophy.ca\/fr\/wp-json\/wp\/v2\/pages\/1652","targetHints":{"allow":["GET"]}}],"collection":[{"href":"https:\/\/anthroposophy.ca\/fr\/wp-json\/wp\/v2\/pages"}],"about":[{"href":"https:\/\/anthroposophy.ca\/fr\/wp-json\/wp\/v2\/types\/page"}],"author":[{"embeddable":true,"href":"https:\/\/anthroposophy.ca\/fr\/wp-json\/wp\/v2\/users\/6"}],"replies":[{"embeddable":true,"href":"https:\/\/anthroposophy.ca\/fr\/wp-json\/wp\/v2\/comments?post=1652"}],"version-history":[{"count":5,"href":"https:\/\/anthroposophy.ca\/fr\/wp-json\/wp\/v2\/pages\/1652\/revisions"}],"predecessor-version":[{"id":10538,"href":"https:\/\/anthroposophy.ca\/fr\/wp-json\/wp\/v2\/pages\/1652\/revisions\/10538"}],"up":[{"embeddable":true,"href":"https:\/\/anthroposophy.ca\/fr\/wp-json\/wp\/v2\/pages\/938"}],"wp:attachment":[{"href":"https:\/\/anthroposophy.ca\/fr\/wp-json\/wp\/v2\/media?parent=1652"}],"curies":[{"name":"wp","href":"https:\/\/api.w.org\/{rel}","templated":true}]}}