{"id":1656,"date":"2016-02-10T07:18:11","date_gmt":"2016-02-10T12:18:11","guid":{"rendered":"http:\/\/www.asc.wdtest.info\/fr\/?page_id=1656"},"modified":"2019-04-28T17:47:52","modified_gmt":"2019-04-28T21:47:52","slug":"mouvement-camphill","status":"publish","type":"page","link":"https:\/\/anthroposophy.ca\/fr\/initiatives\/mouvement-camphill\/","title":{"rendered":"Mouvement Camphill"},"content":{"rendered":"<p><a href=\"https:\/\/anthroposophy.ca\/wp-content\/uploads\/2015\/08\/CamphillSummerFair.jpg\"><img fetchpriority=\"high\" decoding=\"async\" class=\"alignright size-medium wp-image-918\" src=\"https:\/\/anthroposophy.ca\/wp-content\/uploads\/2015\/08\/CamphillSummerFair-300x300.jpg\" alt=\"CamphillSummerFair\" width=\"300\" height=\"300\" srcset=\"https:\/\/anthroposophy.ca\/wp-content\/uploads\/2015\/08\/CamphillSummerFair-300x300.jpg 300w, https:\/\/anthroposophy.ca\/wp-content\/uploads\/2015\/08\/CamphillSummerFair-150x150.jpg 150w, https:\/\/anthroposophy.ca\/wp-content\/uploads\/2015\/08\/CamphillSummerFair-1024x1024.jpg 1024w, https:\/\/anthroposophy.ca\/wp-content\/uploads\/2015\/08\/CamphillSummerFair-240x240.jpg 240w, https:\/\/anthroposophy.ca\/wp-content\/uploads\/2015\/08\/CamphillSummerFair-96x96.jpg 96w, https:\/\/anthroposophy.ca\/wp-content\/uploads\/2015\/08\/CamphillSummerFair-121x121.jpg 121w, https:\/\/anthroposophy.ca\/wp-content\/uploads\/2015\/08\/CamphillSummerFair-60x60.jpg 60w, https:\/\/anthroposophy.ca\/wp-content\/uploads\/2015\/08\/CamphillSummerFair-184x184.jpg 184w\" sizes=\"(max-width: 300px) 100vw, 300px\" \/><\/a><\/p>\n<p>Le mouvement Camphill est d\u2019envergure internationale. Ces collectivit\u00e9s ont \u00e9t\u00e9 con\u00e7ues pour r\u00e9pondre aux besoins des enfants, des jeunes et des adultes aux prises avec des incapacit\u00e9s physiques et\/ou mentales\u00a0; elles le font en offrant une vie communautaire saine qui allie de fa\u00e7on harmonieuse, la pratique des arts, l\u2019\u00e9ducation et le travail sur une ferme. Il y a plus de cent Camphill \u00e0 travers le monde dont cinq au Canada (au Qu\u00e9bec, en Ontario et en Colombie Britannique).<\/p>\n<p>Le premier Camphill fut fond\u00e9 en 1937 \u00e0 Aberdeen en \u00c9cosse par le Dr. Karl Koenig. Ce p\u00e9diatre et p\u00e9dagogue autrichien, de concert avec un groupe de m\u00e9decins, d\u2019artistes et de soignants, s\u2019est inspir\u00e9 des enseignements en \u00e9ducation curative d\u00e9velopp\u00e9s par Rudolf Steiner. La premi\u00e8re communaut\u00e9 Camphill a d\u00e9but\u00e9 avec des enfants qui pr\u00e9sentaient des carences d\u00e9veloppementales ; rapidement toutefois, ce Camphill a d\u00fb accueillir des adultes. Les pionniers du mouvement Camphill ont d\u00e9fini des objectifs et \u00e9labor\u00e9 des m\u00e9thodes afin de r\u00e9pondre, \u00e0 l\u2019int\u00e9rieur d\u2019une communaut\u00e9 de collaboration, aux besoins de chacun\u00a0: chaque membre est alors invit\u00e9 \u00e0 contribuer par ses dons et talents sp\u00e9cifiques. Cette vision premi\u00e8re est toujours bien vivante mais chaque nouvelle g\u00e9n\u00e9ration Camphill s\u2019efforce de la r\u00e9aliser plus compl\u00e8tement.<\/p>\n<p>Au Canada, il existe des communaut\u00e9s Camphill en milieu rural et en milieu urbain. En Ontario, le Camphill Notta Wassaga est situ\u00e9 pr\u00e8s d\u2019Angus, en zone rurale alors que le Camphill Barrie travaille en milieu urbain. De m\u00eame, en Colombie Britannique, l\u2019Association Ita Wegman dirige la ferme Glenora, pr\u00e8s de Duncan, sur l\u2019\u00cele de Vancouver alors que la Soci\u00e9t\u00e9 Cascadia est localis\u00e9e dans la ville de North Vancouver. Au Qu\u00e9bec, la Maison Emmanuel est situ\u00e9e pr\u00e8s du village de Val David, au Nord de Montr\u00e9al.<\/p>\n<p>Bien que chaque communaut\u00e9 soit ind\u00e9pendante avec ses t\u00e2ches et d\u00e9fis sp\u00e9cifiques, toutes ces collectivit\u00e9s sont en lien gr\u00e2ce au travail de l\u2019Association Camphill d\u2019Am\u00e9rique du nord.<\/p>\n<p><a href=\"https:\/\/anthroposophy.ca\/wp-content\/uploads\/2015\/08\/Camphillgarden-crew.jpg\"><img decoding=\"async\" class=\"aligncenter size-large wp-image-921\" src=\"https:\/\/anthroposophy.ca\/wp-content\/uploads\/2015\/08\/Camphillgarden-crew-1024x768.jpg\" alt=\"Camphillgarden crew\" width=\"640\" height=\"480\" srcset=\"https:\/\/anthroposophy.ca\/wp-content\/uploads\/2015\/08\/Camphillgarden-crew-1024x768.jpg 1024w, https:\/\/anthroposophy.ca\/wp-content\/uploads\/2015\/08\/Camphillgarden-crew-300x225.jpg 300w\" sizes=\"(max-width: 640px) 100vw, 640px\" \/><\/a><\/p>\n<p>Liens aux Camphill en Canada:<\/p>\n<ul>\n<li><a href=\"http:\/\/camphill.on.ca\">Camphill Communities in Ontario<\/a><\/li>\n<li><a href=\"http:\/\/www.camphillfoundation.ca\/\">Camphill Foundation Canada<\/a><\/li>\n<\/ul>\n<p><a href=\"https:\/\/anthroposophy.ca\/wp-content\/uploads\/2015\/08\/CamphillApples.jpg\"><img decoding=\"async\" class=\"aligncenter wp-image-920 size-large\" src=\"https:\/\/anthroposophy.ca\/wp-content\/uploads\/2015\/08\/CamphillApples-1024x680.jpg\" alt=\"CamphillApples\" width=\"640\" height=\"425\" srcset=\"https:\/\/anthroposophy.ca\/wp-content\/uploads\/2015\/08\/CamphillApples-1024x680.jpg 1024w, https:\/\/anthroposophy.ca\/wp-content\/uploads\/2015\/08\/CamphillApples-300x199.jpg 300w, https:\/\/anthroposophy.ca\/wp-content\/uploads\/2015\/08\/CamphillApples-207x136.jpg 207w, https:\/\/anthroposophy.ca\/wp-content\/uploads\/2015\/08\/CamphillApples-140x94.jpg 140w\" sizes=\"(max-width: 640px) 100vw, 640px\" \/><\/a><\/p>\n","protected":false},"excerpt":{"rendered":"<p>Le mouvement Camphill est d\u2019envergure internationale. Ces collectivit\u00e9s ont \u00e9t\u00e9 con\u00e7ues pour r\u00e9pondre aux besoins des enfants, des jeunes et des adultes aux prises avec des incapacit\u00e9s physiques et\/ou mentales\u00a0; elles le font en offrant une vie communautaire saine qui allie de fa\u00e7on harmonieuse, la&#8230;<\/p>\n","protected":false},"author":6,"featured_media":0,"parent":938,"menu_order":0,"comment_status":"open","ping_status":"open","template":"","meta":{"inline_featured_image":false,"footnotes":""},"class_list":["post-1656","page","type-page","status-publish","hentry"],"_links":{"self":[{"href":"https:\/\/anthroposophy.ca\/fr\/wp-json\/wp\/v2\/pages\/1656","targetHints":{"allow":["GET"]}}],"collection":[{"href":"https:\/\/anthroposophy.ca\/fr\/wp-json\/wp\/v2\/pages"}],"about":[{"href":"https:\/\/anthroposophy.ca\/fr\/wp-json\/wp\/v2\/types\/page"}],"author":[{"embeddable":true,"href":"https:\/\/anthroposophy.ca\/fr\/wp-json\/wp\/v2\/users\/6"}],"replies":[{"embeddable":true,"href":"https:\/\/anthroposophy.ca\/fr\/wp-json\/wp\/v2\/comments?post=1656"}],"version-history":[{"count":3,"href":"https:\/\/anthroposophy.ca\/fr\/wp-json\/wp\/v2\/pages\/1656\/revisions"}],"predecessor-version":[{"id":5107,"href":"https:\/\/anthroposophy.ca\/fr\/wp-json\/wp\/v2\/pages\/1656\/revisions\/5107"}],"up":[{"embeddable":true,"href":"https:\/\/anthroposophy.ca\/fr\/wp-json\/wp\/v2\/pages\/938"}],"wp:attachment":[{"href":"https:\/\/anthroposophy.ca\/fr\/wp-json\/wp\/v2\/media?parent=1656"}],"curies":[{"name":"wp","href":"https:\/\/api.w.org\/{rel}","templated":true}]}}