{"id":1674,"date":"2016-02-13T12:54:45","date_gmt":"2016-02-13T17:54:45","guid":{"rendered":"http:\/\/www.asc.wdtest.info\/fr\/?page_id=1674"},"modified":"2016-02-13T12:54:45","modified_gmt":"2016-02-13T17:54:45","slug":"rudolf-steiner","status":"publish","type":"page","link":"https:\/\/anthroposophy.ca\/fr\/a-propos\/rudolf-steiner\/","title":{"rendered":"Rudolf Steiner"},"content":{"rendered":"<p><img decoding=\"async\" class=\"alignright size-full wp-image-14\" src=\"https:\/\/anthroposophy.ca\/wp-content\/uploads\/2015\/08\/Rudolf-Steiner.jpg\" alt=\"Rudolf Steiner\" width=\"117\" height=\"150\" \/>Rudolf Steiner (1861-1925) philosophe, homme de sciences et chercheur spirituel, fut un pionnier capable d\u2019offrir un \u00e9clairage approfondi sur la nature et l\u2019\u00e9volution de l\u2019\u00eatre humain. \u00c0 partir de ses intuitions, il a pu faire servir les r\u00e9sultats de ses recherches dans de nombreux champs de l\u2019agir humain. Dipl\u00f4m\u00e9 en sciences et en philosophie, \u00e0 Vienne, il devient connu comme auteur et \u00e9diteur dans les cercles culturels de son temps.<\/p>\n<p>Au d\u00e9but du si\u00e8cle dernier, Rudolf Steiner a fait conna\u00eetre la science spirituelle qu\u2019il nomma Anthroposophie, du grec \u00ab\u00a0anthropos\u00a0\u00bb, \u00eatre humain et \u00ab\u00a0sophia\u00a0\u00bb, sagesse. Au cours d\u2019une existence prolifique (30 volumes et 6000 conf\u00e9rences) il a en outre voyag\u00e9 \u00e0 travers l\u2019Europe, partageant le fruit de son travail en sciences, en arts et en spiritualit\u00e9. Il fut invit\u00e9 \u00e0 rencontrer des hommes politiques, des scientifiques, des professeurs, des artistes, des m\u00e9decins et des professionnels de tout horizon, au fur et \u00e0 mesure qu\u2019il gagnait en notori\u00e9t\u00e9 et en reconnaissance.<\/p>\n<p>Rudolf Steiner a fond\u00e9 la Soci\u00e9t\u00e9 anthroposophique en 1923, au moment o\u00f9 l\u2019\u00e9vidence de l\u2019\u00e9volution de la conscience humaine \u00e9tait de plus en plus reconnue et au moment o\u00f9 les portes du monde spirituel, longtemps ferm\u00e9es, s\u2019ouvraient \u00e0 nouveau pour l\u2019humanit\u00e9. Son travail continue d\u2019\u00eatre une source d\u2019inspiration pour des milliers de personnes dans plus de 60 pays.<\/p>\n","protected":false},"excerpt":{"rendered":"<p>Rudolf Steiner (1861-1925) philosophe, homme de sciences et chercheur spirituel, fut un pionnier capable d\u2019offrir un \u00e9clairage approfondi sur la nature et l\u2019\u00e9volution de l\u2019\u00eatre humain. \u00c0 partir de ses intuitions, il a pu faire servir les r\u00e9sultats de ses recherches dans de nombreux champs&#8230;<\/p>\n","protected":false},"author":6,"featured_media":0,"parent":1114,"menu_order":0,"comment_status":"open","ping_status":"open","template":"","meta":{"inline_featured_image":false,"footnotes":""},"class_list":["post-1674","page","type-page","status-publish","hentry"],"_links":{"self":[{"href":"https:\/\/anthroposophy.ca\/fr\/wp-json\/wp\/v2\/pages\/1674","targetHints":{"allow":["GET"]}}],"collection":[{"href":"https:\/\/anthroposophy.ca\/fr\/wp-json\/wp\/v2\/pages"}],"about":[{"href":"https:\/\/anthroposophy.ca\/fr\/wp-json\/wp\/v2\/types\/page"}],"author":[{"embeddable":true,"href":"https:\/\/anthroposophy.ca\/fr\/wp-json\/wp\/v2\/users\/6"}],"replies":[{"embeddable":true,"href":"https:\/\/anthroposophy.ca\/fr\/wp-json\/wp\/v2\/comments?post=1674"}],"version-history":[{"count":1,"href":"https:\/\/anthroposophy.ca\/fr\/wp-json\/wp\/v2\/pages\/1674\/revisions"}],"predecessor-version":[{"id":1675,"href":"https:\/\/anthroposophy.ca\/fr\/wp-json\/wp\/v2\/pages\/1674\/revisions\/1675"}],"up":[{"embeddable":true,"href":"https:\/\/anthroposophy.ca\/fr\/wp-json\/wp\/v2\/pages\/1114"}],"wp:attachment":[{"href":"https:\/\/anthroposophy.ca\/fr\/wp-json\/wp\/v2\/media?parent=1674"}],"curies":[{"name":"wp","href":"https:\/\/api.w.org\/{rel}","templated":true}]}}