{"id":1689,"date":"2016-02-13T13:11:00","date_gmt":"2016-02-13T18:11:00","guid":{"rendered":"http:\/\/www.asc.wdtest.info\/fr\/?page_id=1689"},"modified":"2021-01-14T09:04:19","modified_gmt":"2021-01-14T14:04:19","slug":"demande-dadhesion","status":"publish","type":"page","link":"https:\/\/anthroposophy.ca\/fr\/adherents\/demande-dadhesion\/","title":{"rendered":"Votre Adh\u00e9sion \u00e0 la Soci\u00e9t\u00e9 anthroposophique"},"content":{"rendered":"<p>En devenant membre de la Soci\u00e9t\u00e9 anthroposophique, vous manifestez votre plus profond int\u00e9r\u00eat pour l\u2019anthroposophie. La Soci\u00e9t\u00e9 anthroposophique a pour but de faire progresser la vie de l\u2019\u00e2me, aussi bien l\u2019\u00e2me de l\u2019individu que l\u2019\u00e2me de la soci\u00e9t\u00e9 humaine, sur la base d\u2019une v\u00e9ritable connaissance du monde spirituel. La plus grande possibilit\u00e9 de d\u00e9velopper cette vie de l\u2019\u00e2me se trouve dans notre relation avec les autres.<\/p>\n<p>La seule condition pour joindre la Soci\u00e9t\u00e9 anthroposophique est de reconna\u00eetre la valeur des principes fondateurs que Rudolf Steiner a \u00e9labor\u00e9s pour \u00e9tablir l\u2019anthroposophie dans le monde. En joignant la Soci\u00e9t\u00e9 anthroposophique, vous devenez membre d\u2019un r\u00e9seau mondial de 50\u00a0000 personnes et vous soutenez le d\u00e9veloppement futur de l\u2019anthroposophie et de ses applications pratiques. Nous vous pr\u00e9sentons ces applications sous la rubrique \u00ab\u00a0Initiatives\u00a0\u00bb de notre site internet. Les applications ne se limitent pas seulement aux secteurs de l\u2019\u00e9ducation, de l\u2019agriculture, aux pratiques m\u00e9dicales et aux communaut\u00e9s d\u00e9di\u00e9es \u00e0 l\u2019\u00e9ducation sp\u00e9cialis\u00e9e. \u00c0 travers le monde, 10\u00a0000 institutions fondent leur travail sur l\u2019anthroposophie.<\/p>\n<p>Au Canada, on peut s\u2019engager en anthroposophie de multiples fa\u00e7ons. \u00c0 travers les groupes, les Branches, les initiatives, les cours, les groupes d\u2019\u00e9tude et de recherche, les congr\u00e8s. En devenant membre de la Soci\u00e9t\u00e9 anthroposophique au Canada, vous devenez aussi membre de la Soci\u00e9t\u00e9 anthroposophique universelle, situ\u00e9e au Goetheanum, en Suisse. Les membres re\u00e7oivent r\u00e9guli\u00e8rement des bulletins de nouvelles, en format \u00e9lectronique ou imprim\u00e9 et le bulletin Anthroposophy World Wide provenant du Goetheanum. La Soci\u00e9t\u00e9 anthroposophique au Canada, pour poursuivre ses activit\u00e9s, d\u00e9pend du soutien financier de ses membres et amis; ces derniers soutiennent aussi le travail de la Soci\u00e9t\u00e9 anthroposophique universelle.<\/p>\n<p>&nbsp;<\/p>\n<ul>\n<li><a href=\"https:\/\/anthroposophy.ca\/wp-content\/uploads\/2021\/01\/French-application-form-2020-1.pdf\">Formulaire de demande d\u2019adh\u00e9sion<\/a><\/li>\n<li><a href=\"https:\/\/www.goetheanum.org\/fr\/societe-anthroposophique\/devenir-membre\/statuts-de-la-fondation-en-1923\/\" target=\"_blank\" rel=\"noopener\">Statuts de la Fondation de la Soci\u00e9t\u00e9 Anthroposophique en 1923<\/a><\/li>\n<li><a href=\"https:\/\/www.goetheanum.org\/fr\/societe-anthroposophique\/devenir-membre\/statuts\/\">Statuts de la Soci\u00e9t\u00e9 Anthroposophique Universelle<\/a><\/li>\n<\/ul>\n<p>&nbsp;<\/p>\n","protected":false},"excerpt":{"rendered":"<p>En devenant membre de la Soci\u00e9t\u00e9 anthroposophique, vous manifestez votre plus profond int\u00e9r\u00eat pour l\u2019anthroposophie. La Soci\u00e9t\u00e9 anthroposophique a pour but de faire progresser la vie de l\u2019\u00e2me, aussi bien l\u2019\u00e2me de l\u2019individu que l\u2019\u00e2me de la soci\u00e9t\u00e9 humaine, sur la base d\u2019une v\u00e9ritable connaissance&#8230;<\/p>\n","protected":false},"author":6,"featured_media":0,"parent":1125,"menu_order":0,"comment_status":"closed","ping_status":"closed","template":"elementor_header_footer","meta":{"inline_featured_image":false,"footnotes":""},"class_list":["post-1689","page","type-page","status-publish","hentry"],"_links":{"self":[{"href":"https:\/\/anthroposophy.ca\/fr\/wp-json\/wp\/v2\/pages\/1689","targetHints":{"allow":["GET"]}}],"collection":[{"href":"https:\/\/anthroposophy.ca\/fr\/wp-json\/wp\/v2\/pages"}],"about":[{"href":"https:\/\/anthroposophy.ca\/fr\/wp-json\/wp\/v2\/types\/page"}],"author":[{"embeddable":true,"href":"https:\/\/anthroposophy.ca\/fr\/wp-json\/wp\/v2\/users\/6"}],"replies":[{"embeddable":true,"href":"https:\/\/anthroposophy.ca\/fr\/wp-json\/wp\/v2\/comments?post=1689"}],"version-history":[{"count":10,"href":"https:\/\/anthroposophy.ca\/fr\/wp-json\/wp\/v2\/pages\/1689\/revisions"}],"predecessor-version":[{"id":6356,"href":"https:\/\/anthroposophy.ca\/fr\/wp-json\/wp\/v2\/pages\/1689\/revisions\/6356"}],"up":[{"embeddable":true,"href":"https:\/\/anthroposophy.ca\/fr\/wp-json\/wp\/v2\/pages\/1125"}],"wp:attachment":[{"href":"https:\/\/anthroposophy.ca\/fr\/wp-json\/wp\/v2\/media?parent=1689"}],"curies":[{"name":"wp","href":"https:\/\/api.w.org\/{rel}","templated":true}]}}