{"id":1695,"date":"2016-02-13T13:14:10","date_gmt":"2016-02-13T18:14:10","guid":{"rendered":"http:\/\/www.asc.wdtest.info\/fr\/?page_id=1695"},"modified":"2026-03-31T11:43:41","modified_gmt":"2026-03-31T15:43:41","slug":"ressources-publiques","status":"publish","type":"page","link":"https:\/\/anthroposophy.ca\/fr\/adherents\/ressources-publiques\/","title":{"rendered":"Ressources publiques"},"content":{"rendered":"\t\t<div data-elementor-type=\"wp-page\" data-elementor-id=\"1695\" class=\"elementor elementor-1695 elementor-1000\">\n\t\t\t\t\t\t<section class=\"elementor-section elementor-top-section elementor-element elementor-element-b36eb77 elementor-section-boxed elementor-section-height-default elementor-section-height-default parallax_section_no qode_elementor_container_no\" data-id=\"b36eb77\" data-element_type=\"section\" data-e-type=\"section\">\n\t\t\t\t\t\t<div class=\"elementor-container elementor-column-gap-default\">\n\t\t\t\t\t<div class=\"elementor-column elementor-col-100 elementor-top-column elementor-element elementor-element-76893d75\" data-id=\"76893d75\" data-element_type=\"column\" data-e-type=\"column\">\n\t\t\t<div class=\"elementor-widget-wrap elementor-element-populated\">\n\t\t\t\t\t\t<div class=\"elementor-element elementor-element-6e95d99f elementor-widget elementor-widget-text-editor\" data-id=\"6e95d99f\" data-element_type=\"widget\" data-e-type=\"widget\" data-widget_type=\"text-editor.default\">\n\t\t\t\t<div class=\"elementor-widget-container\">\n\t\t\t\t\t\t\t\t\t<p>Biblioth\u00e8ques r\u00e9gionales<\/p><p>ONTARIO<\/p><p>Biblioth\u00e8que de la Soci\u00e9t\u00e9 anthroposophique du Canada, Thornhill (Ontario)<\/p><p>Visites sur demande.<\/p><p>Contact\u00a0: Christine Tansley\u00a0: christinetansley737@gmail.com<\/p><p>ALBERTA<\/p><p>TALC (Petite biblioth\u00e8que anthroposophique de Calgary) et www.rsarchive.org<\/p><p>Nous poss\u00e9dons \u00e0 Calgary plus de 200 ouvrages de Steiner et d\u2019autres auteurs, disponibles gratuitement\u00a0! Pour plus d&rsquo;informations, pour toute question concernant un ouvrage en particulier ou pour faire don de vos livres, veuillez contacter Christine \u00e0 l&rsquo;adresse asccb@shaw.ca. Et si nous ne poss\u00e9dons pas le livre, ou si vous pr\u00e9f\u00e9rez y acc\u00e9der en version num\u00e9rique, consultez le site https:\/\/www.rsarchive.org<\/p><p>Ressources bibliographiques<\/p><p>Biblioth\u00e8que AnthroMed<\/p><p>Projet des \u0153uvres compl\u00e8tes (Steinerbooks)<\/p><p>Gesamtverzeichness 2012\/2013, RS Verlag<\/p><p>IDS Basel \u2013 Titres Steiner en anglais (mot-cl\u00e9\u00a0: a370 a-eng)<\/p><p>Archives de Rudolf Steiner<br \/>Documents audio Rudolf Steiner<\/p><p>Catalogue en ligne de la biblioth\u00e8que Rudolf Steiner (\u00c9tats-Unis)<\/p><p>Site Web de Rudolf Steiner (y compris les r\u00e9f\u00e9rences crois\u00e9es GA)<\/p><p>Biblioth\u00e8que Waldorf<\/p><p>Autres<\/p><p>Pipit Paper (livres, mat\u00e9riel d\u2019art et de loisirs cr\u00e9atifs, jouets)<\/p><p>Tri-Fold Books, librairie et distributeur d&rsquo;\u00e9diteurs anthroposophiques. Contactez\u00a0: info@trifoldbooks.com ou +1\u00a0905-726-0142.<\/p>\t\t\t\t\t\t\t\t<\/div>\n\t\t\t\t<\/div>\n\t\t\t\t\t<\/div>\n\t\t<\/div>\n\t\t\t\t\t<\/div>\n\t\t<\/section>\n\t\t\t\t<\/div>\n\t\t","protected":false},"excerpt":{"rendered":"<p>Biblioth\u00e8ques r\u00e9gionales ONTARIO Biblioth\u00e8que de la Soci\u00e9t\u00e9 anthroposophique du Canada, Thornhill (Ontario) Visites sur demande. Contact\u00a0: Christine Tansley\u00a0: christinetansley737@gmail.com ALBERTA TALC (Petite biblioth\u00e8que anthroposophique de Calgary) et www.rsarchive.org Nous poss\u00e9dons \u00e0 Calgary plus de 200 ouvrages de Steiner et d\u2019autres auteurs, disponibles gratuitement\u00a0! Pour plus&#8230;<\/p>\n","protected":false},"author":6,"featured_media":0,"parent":1125,"menu_order":0,"comment_status":"closed","ping_status":"closed","template":"elementor_header_footer","meta":{"inline_featured_image":false,"footnotes":""},"class_list":["post-1695","page","type-page","status-publish","hentry"],"_links":{"self":[{"href":"https:\/\/anthroposophy.ca\/fr\/wp-json\/wp\/v2\/pages\/1695","targetHints":{"allow":["GET"]}}],"collection":[{"href":"https:\/\/anthroposophy.ca\/fr\/wp-json\/wp\/v2\/pages"}],"about":[{"href":"https:\/\/anthroposophy.ca\/fr\/wp-json\/wp\/v2\/types\/page"}],"author":[{"embeddable":true,"href":"https:\/\/anthroposophy.ca\/fr\/wp-json\/wp\/v2\/users\/6"}],"replies":[{"embeddable":true,"href":"https:\/\/anthroposophy.ca\/fr\/wp-json\/wp\/v2\/comments?post=1695"}],"version-history":[{"count":5,"href":"https:\/\/anthroposophy.ca\/fr\/wp-json\/wp\/v2\/pages\/1695\/revisions"}],"predecessor-version":[{"id":15904,"href":"https:\/\/anthroposophy.ca\/fr\/wp-json\/wp\/v2\/pages\/1695\/revisions\/15904"}],"up":[{"embeddable":true,"href":"https:\/\/anthroposophy.ca\/fr\/wp-json\/wp\/v2\/pages\/1125"}],"wp:attachment":[{"href":"https:\/\/anthroposophy.ca\/fr\/wp-json\/wp\/v2\/media?parent=1695"}],"curies":[{"name":"wp","href":"https:\/\/api.w.org\/{rel}","templated":true}]}}