{"id":1798,"date":"2016-03-08T17:11:01","date_gmt":"2016-03-08T22:11:01","guid":{"rendered":"http:\/\/www.asc.wdtest.info\/fr\/?page_id=1798"},"modified":"2021-01-20T18:56:31","modified_gmt":"2021-01-20T23:56:31","slug":"renouveler-ladhesion","status":"publish","type":"page","link":"https:\/\/anthroposophy.ca\/fr\/adherents\/renouveler-ladhesion\/","title":{"rendered":"Renouvellement de votre adh\u00e9sion"},"content":{"rendered":"<p>Nous accordons beaucoup d\u2019importance \u00e0 votre adh\u00e9sion et \u00e0 votre participation \u00e0 la vie de la Soci\u00e9t\u00e9 anthroposophique au Canada. Avec votre contribution financi\u00e8re annuelle, vous supportez le d\u00e9veloppement de l\u2019anthroposophie dans notre pays et \u00e0 travers le monde. La participation financi\u00e8re annuelle sugg\u00e9r\u00e9e totalise 275$. Bien que votre adh\u00e9sion \u00e0 la soci\u00e9t\u00e9 ne d\u00e9pende pas de votre contribution financi\u00e8re, toutefois, dans l\u2019\u00e9ventualit\u00e9 o\u00f9 il vous serait impossible de rencontrer la totalit\u00e9 de cette participation, nous vous demandons d\u2019entrer en contact avec nous, \u00e0 chaque ann\u00e9e. Ainsi, nous pourrons nous entendre sur un arrangement \u00e9ventuel pour l\u2019ann\u00e9e en cours. En effet, le renouvellement de votre adh\u00e9sion \u00e0 la Soci\u00e9t\u00e9 anthroposophique n\u2019est pas automatique.<\/p>\n<p>&nbsp;<\/p>\n<p><a href=\"https:\/\/anthroposophy.ca\/wp-content\/uploads\/2021\/01\/Contribution-form-2021-French-email-version.pdf\">Contribution form 2021<\/a><\/p>\n","protected":false},"excerpt":{"rendered":"<p>Nous accordons beaucoup d\u2019importance \u00e0 votre adh\u00e9sion et \u00e0 votre participation \u00e0 la vie de la Soci\u00e9t\u00e9 anthroposophique au Canada. Avec votre contribution financi\u00e8re annuelle, vous supportez le d\u00e9veloppement de l\u2019anthroposophie dans notre pays et \u00e0 travers le monde. La participation financi\u00e8re annuelle sugg\u00e9r\u00e9e totalise&#8230;<\/p>\n","protected":false},"author":6,"featured_media":0,"parent":1125,"menu_order":0,"comment_status":"closed","ping_status":"closed","template":"","meta":{"inline_featured_image":false,"footnotes":""},"class_list":["post-1798","page","type-page","status-publish","hentry"],"_links":{"self":[{"href":"https:\/\/anthroposophy.ca\/fr\/wp-json\/wp\/v2\/pages\/1798","targetHints":{"allow":["GET"]}}],"collection":[{"href":"https:\/\/anthroposophy.ca\/fr\/wp-json\/wp\/v2\/pages"}],"about":[{"href":"https:\/\/anthroposophy.ca\/fr\/wp-json\/wp\/v2\/types\/page"}],"author":[{"embeddable":true,"href":"https:\/\/anthroposophy.ca\/fr\/wp-json\/wp\/v2\/users\/6"}],"replies":[{"embeddable":true,"href":"https:\/\/anthroposophy.ca\/fr\/wp-json\/wp\/v2\/comments?post=1798"}],"version-history":[{"count":11,"href":"https:\/\/anthroposophy.ca\/fr\/wp-json\/wp\/v2\/pages\/1798\/revisions"}],"predecessor-version":[{"id":6421,"href":"https:\/\/anthroposophy.ca\/fr\/wp-json\/wp\/v2\/pages\/1798\/revisions\/6421"}],"up":[{"embeddable":true,"href":"https:\/\/anthroposophy.ca\/fr\/wp-json\/wp\/v2\/pages\/1125"}],"wp:attachment":[{"href":"https:\/\/anthroposophy.ca\/fr\/wp-json\/wp\/v2\/media?parent=1798"}],"curies":[{"name":"wp","href":"https:\/\/api.w.org\/{rel}","templated":true}]}}