{"id":2738,"date":"2016-06-04T12:09:12","date_gmt":"2016-06-04T16:09:12","guid":{"rendered":"http:\/\/www.asc.wdtest.info\/fr\/initiatives\/youth-section\/"},"modified":"2026-03-31T11:37:10","modified_gmt":"2026-03-31T15:37:10","slug":"youth-section","status":"publish","type":"page","link":"https:\/\/anthroposophy.ca\/fr\/initiatives\/youth-section\/","title":{"rendered":"Youth Section"},"content":{"rendered":"<p><a href=\"https:\/\/anthroposophy.ca\/wp-content\/uploads\/2016\/06\/group-shot.jpg\"><img fetchpriority=\"high\" decoding=\"async\" src=\"https:\/\/anthroposophy.ca\/wp-content\/uploads\/2016\/06\/group-shot.jpg\" alt=\"group shot\" width=\"960\" height=\"716\" \/><\/a><\/p>\n<p>La Section pour la qu\u00eate spirituelle des jeunes (la \u00ab Section Jeunesse \u00bb)<\/p>\n<p>est un centre dynamique, un lieu de rencontre, d&rsquo;\u00e9change et d&rsquo;inspiration. C&rsquo;est un espace pour explorer de nouvelles initiatives et trouver des fa\u00e7ons de les concr\u00e9tiser. C&rsquo;est un r\u00e9seau mondial d&rsquo;acteurs du changement actifs, curieux et engag\u00e9s. C&rsquo;est un groupe sans membres. C&rsquo;est un espace pour approfondir nos questionnements, notre r\u00e9flexion et notre compr\u00e9hension de nous-m\u00eames et du monde. La Section Jeunesse est l&rsquo;une des onze sections de l&rsquo;\u00c9cole de science spirituelle et est li\u00e9e \u00e0 la Section Jeunesse de la Soci\u00e9t\u00e9 Anthroposophique G\u00e9n\u00e9rale bas\u00e9e \u00e0 Dornach, en Suisse. Des jeunes du Canada et des \u00c9tats-Unis collaborent au sein de cette section nord-am\u00e9ricaine.<\/p>\n<p>Que fait la Section Jeunesse ?<\/p>\n<p>Nous \u00e9tablissons des liens et soutenons les jeunes dans leur qu\u00eate spirituelle, leur besoin de comprendre le monde et d&rsquo;y agir, et leur volont\u00e9 d&rsquo;y apporter une contribution positive. Nous y parvenons en organisant des \u00e9v\u00e9nements et des d\u00e9bats nationaux, en publiant une lettre d&rsquo;information et en offrant des bourses permettant aux jeunes de participer \u00e0 des conf\u00e9rences internationales. En avril 2015, on a envoy\u00e9 huit jeunes \u00e0 la conf\u00e9rence Connect en Belgique. Ce fut une occasion incroyable pour des lyc\u00e9ens de s&rsquo;inspirer d&rsquo;autres jeunes, de trouver du soutien dans leurs questionnements spirituels et d&rsquo;entamer un cheminement spirituel pour enrichir leur engagement dans le monde.<\/p>\n<p>Comment puis-je m&rsquo;impliquer\u00a0? Comment puis-je soutenir le travail de la section jeunesse\u00a0?<\/p>\n<p>Cliquez ici pour vous inscrire \u00e0 notre liste de diffusion et \u00eatre inform\u00e9(e) des activit\u00e9s \u00e0 venir.<\/p>\n<p>Aimez notre page Facebook et soutenez nos projets et initiatives en les partageant sur les m\u00e9dias sociaux.<\/p>\n<p>Parlez-en \u00e0 vos amis, partagez notre infolettre et invitez-les \u00e0 se joindre \u00e0 nous\u00a0!<\/p>\n<p>Pour toute question ou information suppl\u00e9mentaire, veuillez contacter Ariel-Paul Saunders \u00e0 l&rsquo;adresse aripaulster@gmail.com.<\/p>\n<p>Merci de votre int\u00e9r\u00eat\u00a0! Nous esp\u00e9rons avoir de vos nouvelles prochainement.<\/p>\n","protected":false},"excerpt":{"rendered":"<p>La Section pour la qu\u00eate spirituelle des jeunes (la \u00ab Section Jeunesse \u00bb) est un centre dynamique, un lieu de rencontre, d&rsquo;\u00e9change et d&rsquo;inspiration. C&rsquo;est un espace pour explorer de nouvelles initiatives et trouver des fa\u00e7ons de les concr\u00e9tiser. C&rsquo;est un r\u00e9seau mondial d&rsquo;acteurs du&#8230;<\/p>\n","protected":false},"author":6,"featured_media":0,"parent":938,"menu_order":0,"comment_status":"closed","ping_status":"closed","template":"","meta":{"inline_featured_image":false,"footnotes":""},"class_list":["post-2738","page","type-page","status-publish","hentry"],"_links":{"self":[{"href":"https:\/\/anthroposophy.ca\/fr\/wp-json\/wp\/v2\/pages\/2738","targetHints":{"allow":["GET"]}}],"collection":[{"href":"https:\/\/anthroposophy.ca\/fr\/wp-json\/wp\/v2\/pages"}],"about":[{"href":"https:\/\/anthroposophy.ca\/fr\/wp-json\/wp\/v2\/types\/page"}],"author":[{"embeddable":true,"href":"https:\/\/anthroposophy.ca\/fr\/wp-json\/wp\/v2\/users\/6"}],"replies":[{"embeddable":true,"href":"https:\/\/anthroposophy.ca\/fr\/wp-json\/wp\/v2\/comments?post=2738"}],"version-history":[{"count":5,"href":"https:\/\/anthroposophy.ca\/fr\/wp-json\/wp\/v2\/pages\/2738\/revisions"}],"predecessor-version":[{"id":15901,"href":"https:\/\/anthroposophy.ca\/fr\/wp-json\/wp\/v2\/pages\/2738\/revisions\/15901"}],"up":[{"embeddable":true,"href":"https:\/\/anthroposophy.ca\/fr\/wp-json\/wp\/v2\/pages\/938"}],"wp:attachment":[{"href":"https:\/\/anthroposophy.ca\/fr\/wp-json\/wp\/v2\/media?parent=2738"}],"curies":[{"name":"wp","href":"https:\/\/api.w.org\/{rel}","templated":true}]}}