{"id":2848,"date":"2016-06-29T09:58:00","date_gmt":"2016-06-29T13:58:00","guid":{"rendered":"http:\/\/www.asc.wdtest.info\/fr\/branches-et-groupes\/list-of-branches-and-groups-in-canada\/"},"modified":"2018-10-03T10:07:30","modified_gmt":"2018-10-03T14:07:30","slug":"list-of-branches-and-groups-in-canada","status":"publish","type":"page","link":"https:\/\/anthroposophy.ca\/fr\/branches-et-groupes\/list-of-branches-and-groups-in-canada\/","title":{"rendered":"List of Branches and Groups in Canada"},"content":{"rendered":"<ul class=\"children\">\n<li><a href=\"https:\/\/anthroposophy.ca\/fr\/branches-et-groupes\/barrie-on\/\">Barrie ON<\/a><\/li>\n<li><a href=\"https:\/\/anthroposophy.ca\/en\/branches-and-groups\/calgary-branch\/\">Calgary<\/a><\/li>\n<li><a href=\"https:\/\/anthroposophy.ca\/fr\/branches-et-groupes\/eastern-townships\/\">Cantons de l&rsquo;Est<\/a><\/li>\n<li><a href=\"https:\/\/anthroposophy.ca\/fr\/branches-et-groupes\/duncan-bc\/\">Duncan<\/a><\/li>\n<li><a href=\"https:\/\/anthroposophy.ca\/fr\/branches-et-groupes\/blog-page_23\/\">Edmonton<\/a><\/li>\n<li><a href=\"https:\/\/anthroposophy.ca\/fr\/branches-et-groupes\/eastern-townships\/\">Eastern Townships<\/a><\/li>\n<li><a href=\"https:\/\/anthroposophy.ca\/fr\/branches-et-groupes\/london-on\/\">London ON<\/a><\/li>\n<li><a href=\"https:\/\/anthroposophy.ca\/fr\/branches-et-groupes\/blog-page_28\/\">Montr\u00e9al (English)<\/a><\/li>\n<li><a href=\"https:\/\/anthroposophy.ca\/fr\/branches-et-groupes\/blog-page_29\/\">Montr\u00e9al (Fran\u00e7ais)<\/a><\/li>\n<li><a href=\"https:\/\/anthroposophy.ca\/fr\/branches-et-groupes\/nelson\/\">Nelson<\/a><\/li>\n<li><a href=\"https:\/\/anthroposophy.ca\/fr\/branches-et-groupes\/nova-scotia\/\">Nova Scotia<\/a><\/li>\n<li><a href=\"https:\/\/anthroposophy.ca\/fr\/branches-et-groupes\/ottawa\/\">Confluence of Three Rivers (Ottawa, ON)<\/a><\/li>\n<li><a href=\"https:\/\/anthroposophy.ca\/fr\/branches-et-groupes\/sherbrooke-fran\/\">Sherbrooke (Fran\u00e7ais)<\/a><\/li>\n<li><a href=\"https:\/\/anthroposophy.ca\/fr\/branches-et-groupes\/sunshine-coas\/\">Sunshine Coast<\/a><\/li>\n<li><a href=\"https:\/\/anthroposophy.ca\/fr\/branches-et-groupes\/thornhi\/\">Thornhill<\/a><\/li>\n<li><a href=\"https:\/\/anthroposophy.ca\/fr\/branches-et-groupes\/toronto\/\">Toronto<\/a><\/li>\n<li><a href=\"https:\/\/anthroposophy.ca\/fr\/branches-et-groupes\/val-david\/\">Val David (Fran\u00e7ais)<\/a><\/li>\n<li><a href=\"https:\/\/anthroposophy.ca\/fr\/branches-et-groupes\/vancouuver\/\">Vancouver<\/a><\/li>\n<li><a href=\"https:\/\/anthroposophy.ca\/fr\/branches-et-groupes\/victoria\/\">Victoria<\/a><\/li>\n<li><a href=\"https:\/\/anthroposophy.ca\/fr\/branches-et-groupes\/west-coast-institute-vancouver\/\">West Coast Institute (Vancouver)<\/a><\/li>\n<\/ul>\n","protected":false},"excerpt":{"rendered":"<p>Barrie ON Calgary Cantons de l&rsquo;Est Duncan Edmonton Eastern Townships London ON Montr\u00e9al (English) Montr\u00e9al (Fran\u00e7ais) Nelson Nova Scotia Confluence of Three Rivers (Ottawa, ON) Sherbrooke (Fran\u00e7ais) Sunshine Coast Thornhill Toronto Val David (Fran\u00e7ais) Vancouver Victoria West Coast Institute (Vancouver)<\/p>\n","protected":false},"author":6,"featured_media":0,"parent":1119,"menu_order":0,"comment_status":"closed","ping_status":"closed","template":"elementor_header_footer","meta":{"inline_featured_image":false,"footnotes":""},"class_list":["post-2848","page","type-page","status-publish","hentry"],"_links":{"self":[{"href":"https:\/\/anthroposophy.ca\/fr\/wp-json\/wp\/v2\/pages\/2848","targetHints":{"allow":["GET"]}}],"collection":[{"href":"https:\/\/anthroposophy.ca\/fr\/wp-json\/wp\/v2\/pages"}],"about":[{"href":"https:\/\/anthroposophy.ca\/fr\/wp-json\/wp\/v2\/types\/page"}],"author":[{"embeddable":true,"href":"https:\/\/anthroposophy.ca\/fr\/wp-json\/wp\/v2\/users\/6"}],"replies":[{"embeddable":true,"href":"https:\/\/anthroposophy.ca\/fr\/wp-json\/wp\/v2\/comments?post=2848"}],"version-history":[{"count":7,"href":"https:\/\/anthroposophy.ca\/fr\/wp-json\/wp\/v2\/pages\/2848\/revisions"}],"predecessor-version":[{"id":4578,"href":"https:\/\/anthroposophy.ca\/fr\/wp-json\/wp\/v2\/pages\/2848\/revisions\/4578"}],"up":[{"embeddable":true,"href":"https:\/\/anthroposophy.ca\/fr\/wp-json\/wp\/v2\/pages\/1119"}],"wp:attachment":[{"href":"https:\/\/anthroposophy.ca\/fr\/wp-json\/wp\/v2\/media?parent=2848"}],"curies":[{"name":"wp","href":"https:\/\/api.w.org\/{rel}","templated":true}]}}