{"id":2973,"date":"2016-08-31T12:08:58","date_gmt":"2016-08-31T16:08:58","guid":{"rendered":"http:\/\/www.asc.wdtest.info\/fr\/encountering-our-humanity-a-retrospective\/"},"modified":"2016-09-11T10:18:52","modified_gmt":"2016-09-11T14:18:52","slug":"a-la-rencontre-de-notre-humanite-une-retrospective","status":"publish","type":"page","link":"https:\/\/anthroposophy.ca\/fr\/a-la-rencontre-de-notre-humanite-une-retrospective\/","title":{"rendered":"\u00e0 la rencontre de notre humanit\u00e9 &#8211; une r\u00e9trospective"},"content":{"rendered":"<ul>\n<li>\n<h1><img fetchpriority=\"high\" decoding=\"async\" class=\"aligncenter size-full wp-image-1220\" src=\"https:\/\/anthroposophy.ca\/wp-content\/uploads\/2015\/12\/glimpses-frontCover-print_v1.jpg\" alt=\"Encountering our Humanity\" width=\"640\" height=\"272\" srcset=\"https:\/\/anthroposophy.ca\/wp-content\/uploads\/2015\/12\/glimpses-frontCover-print_v1.jpg 640w, https:\/\/anthroposophy.ca\/wp-content\/uploads\/2015\/12\/glimpses-frontCover-print_v1-300x128.jpg 300w\" sizes=\"(max-width: 640px) 100vw, 640px\" \/><\/h1>\n<\/li>\n<\/ul>\n<p style=\"text-align: center;\">De la connaissance \u00e0 l\u2019action consciente<\/p>\n<p style=\"text-align: center;\"><strong>Un congr\u00e8s anthroposophique nord-am\u00e9ricain<\/strong><\/p>\n<p>&nbsp;<\/p>\n<p><strong>Intention de la conf\u00e9rence<\/strong><\/p>\n<p>Depuis plus d\u2019un si\u00e8cle, l\u2019anthroposophie est active dans plusieurs domaines de la vie permis d\u2019enrichir et de recr\u00e9er la relation \u00e0 soi, \u00e0 la soci\u00e9t\u00e9 et au monde. Lors du congr\u00e8s, il est de notre intention d\u2019explorer tant les observations men\u00e9es, les r\u00e9sultats obtenus que les questions relatives aux diff\u00e9rents domaines de la vie courante o\u00f9 l\u2019anthroposophie est \u00e0 l\u2019oeuvre.<\/p>\n<p>D\u2019une part, nous allons aborder le monde de l\u2019\u00e2me en traitant de biographie, de d\u00e9veloppement int\u00e9rieur et d\u2019\u00e9ducation. D\u2019autre part, nous sonderons nos liens nous unissant au monde en examinant les questions relatives \u00e0 la sant\u00e9 de la terre, \u00e0 la m\u00e9decine, \u00e0 l\u2019\u00e9conomie et ses d\u00e9fis sociaux. Une attention particuli\u00e8re sera accord\u00e9e aux arts et \u00e0 l\u2019observation goeth\u00e9enne comme levier pour cr\u00e9er une relation entre le monde int\u00e9rieur et le monde ext\u00e9rieur, et ce par le biais de conf\u00e9rences, de conversations, d\u2019ateliers et de pr\u00e9sentations.<\/p>\n<p>&nbsp;<\/p>\n<h2>Cultiver notre humanit\u00e9: Michel Dongois<\/h2>\n<p>Le congr\u00e8s <em>\u00c0 la rencontre de notre humanit\u00e9<\/em> a r\u00e9uni \u00e0 la Cit\u00e9 coll\u00e9giale d\u2019Ottawa, du 7 au 14 ao\u00fbt dernier, pr\u00e8s de 240 personnes, venues surtout du Canada et des \u00c9tats-Unis. Un \u00e9ventail d\u2019activit\u00e9s couvrait les principaux champs de recherche de l\u2019anthroposophie en un mouvement organique, tripartite, avec conf\u00e9rences, ateliers artistiques et groupes de conversation. Le tout, men\u00e9 sous l\u2019\u0153il espi\u00e8gle d\u2019une clown inaugurant la journ\u00e9e. [<a href=\"https:\/\/anthroposophy.ca\/fr\/nouvelles-publique\/2016\/09\/05\/cultiver-notre-humanite\/\">lire la suite<\/a>]<\/p>\n<p>&nbsp;<\/p>\n<h2>Photos<\/h2>\n\n\t\t<style type=\"text\/css\">\n\t\t\t#gallery-1 {\n\t\t\t\tmargin: auto;\n\t\t\t}\n\t\t\t#gallery-1 .gallery-item {\n\t\t\t\tfloat: left;\n\t\t\t\tmargin-top: 10px;\n\t\t\t\ttext-align: center;\n\t\t\t\twidth: 33%;\n\t\t\t}\n\t\t\t#gallery-1 img {\n\t\t\t\tborder: 2px solid #cfcfcf;\n\t\t\t}\n\t\t\t#gallery-1 .gallery-caption {\n\t\t\t\tmargin-left: 0;\n\t\t\t}\n\t\t\t\/* see gallery_shortcode() in wp-includes\/media.php *\/\n\t\t<\/style>\n\t\t<div id='gallery-1' class='gallery galleryid-2973 gallery-columns-3 gallery-size-medium'><dl class='gallery-item'>\n\t\t\t<dt class='gallery-icon landscape'>\n\t\t\t\t<a href='https:\/\/anthroposophy.ca\/wp-content\/uploads\/2016\/09\/Seija.jpg'><img decoding=\"async\" width=\"300\" height=\"200\" src=\"https:\/\/anthroposophy.ca\/wp-content\/uploads\/2016\/09\/Seija-300x200.jpg\" class=\"attachment-medium size-medium\" alt=\"\" srcset=\"https:\/\/anthroposophy.ca\/wp-content\/uploads\/2016\/09\/Seija-300x200.jpg 300w, https:\/\/anthroposophy.ca\/wp-content\/uploads\/2016\/09\/Seija-140x94.jpg 140w, https:\/\/anthroposophy.ca\/wp-content\/uploads\/2016\/09\/Seija.jpg 400w\" sizes=\"(max-width: 300px) 100vw, 300px\" \/><\/a>\n\t\t\t<\/dt><\/dl><dl class='gallery-item'>\n\t\t\t<dt class='gallery-icon landscape'>\n\t\t\t\t<a href='https:\/\/anthroposophy.ca\/wp-content\/uploads\/2016\/09\/Research.jpg'><img decoding=\"async\" width=\"300\" height=\"200\" src=\"https:\/\/anthroposophy.ca\/wp-content\/uploads\/2016\/09\/Research-300x200.jpg\" class=\"attachment-medium size-medium\" alt=\"\" srcset=\"https:\/\/anthroposophy.ca\/wp-content\/uploads\/2016\/09\/Research-300x200.jpg 300w, https:\/\/anthroposophy.ca\/wp-content\/uploads\/2016\/09\/Research-140x94.jpg 140w, https:\/\/anthroposophy.ca\/wp-content\/uploads\/2016\/09\/Research.jpg 400w\" sizes=\"(max-width: 300px) 100vw, 300px\" \/><\/a>\n\t\t\t<\/dt><\/dl><dl class='gallery-item'>\n\t\t\t<dt class='gallery-icon landscape'>\n\t\t\t\t<a href='https:\/\/anthroposophy.ca\/wp-content\/uploads\/2016\/09\/Excurison.jpg'><img loading=\"lazy\" decoding=\"async\" width=\"300\" height=\"200\" src=\"https:\/\/anthroposophy.ca\/wp-content\/uploads\/2016\/09\/Excurison-300x200.jpg\" class=\"attachment-medium size-medium\" alt=\"\" srcset=\"https:\/\/anthroposophy.ca\/wp-content\/uploads\/2016\/09\/Excurison-300x200.jpg 300w, https:\/\/anthroposophy.ca\/wp-content\/uploads\/2016\/09\/Excurison-140x94.jpg 140w, https:\/\/anthroposophy.ca\/wp-content\/uploads\/2016\/09\/Excurison.jpg 400w\" sizes=\"(max-width: 300px) 100vw, 300px\" \/><\/a>\n\t\t\t<\/dt><\/dl><br style=\"clear: both\" \/><dl class='gallery-item'>\n\t\t\t<dt class='gallery-icon landscape'>\n\t\t\t\t<a href='https:\/\/anthroposophy.ca\/wp-content\/uploads\/2016\/09\/dining.jpg'><img loading=\"lazy\" decoding=\"async\" width=\"300\" height=\"200\" src=\"https:\/\/anthroposophy.ca\/wp-content\/uploads\/2016\/09\/dining-300x200.jpg\" class=\"attachment-medium size-medium\" alt=\"\" srcset=\"https:\/\/anthroposophy.ca\/wp-content\/uploads\/2016\/09\/dining-300x200.jpg 300w, https:\/\/anthroposophy.ca\/wp-content\/uploads\/2016\/09\/dining-140x94.jpg 140w, https:\/\/anthroposophy.ca\/wp-content\/uploads\/2016\/09\/dining.jpg 400w\" sizes=\"(max-width: 300px) 100vw, 300px\" \/><\/a>\n\t\t\t<\/dt><\/dl><dl class='gallery-item'>\n\t\t\t<dt class='gallery-icon landscape'>\n\t\t\t\t<a href='https:\/\/anthroposophy.ca\/wp-content\/uploads\/2016\/09\/Cambridge.jpg'><img loading=\"lazy\" decoding=\"async\" width=\"300\" height=\"200\" src=\"https:\/\/anthroposophy.ca\/wp-content\/uploads\/2016\/09\/Cambridge-300x200.jpg\" class=\"attachment-medium size-medium\" alt=\"\" srcset=\"https:\/\/anthroposophy.ca\/wp-content\/uploads\/2016\/09\/Cambridge-300x200.jpg 300w, https:\/\/anthroposophy.ca\/wp-content\/uploads\/2016\/09\/Cambridge-140x94.jpg 140w, https:\/\/anthroposophy.ca\/wp-content\/uploads\/2016\/09\/Cambridge.jpg 400w\" sizes=\"(max-width: 300px) 100vw, 300px\" \/><\/a>\n\t\t\t<\/dt><\/dl>\n\t\t\t<br style='clear: both' \/>\n\t\t<\/div>\n\n<p>S&rsquo;il vous pla\u00eet suivez <a href=\"https:\/\/richardchomko.smugmug.com\/Encountering-Our-Humanity\/n-LBQVXk\/\">ce lien<\/a> et utiliser le mot de passe <strong>Anthro2016<\/strong> pour voir plus de photos de Richard Chomko .<\/p>\n<p>&nbsp;<\/p>\n<h2>Moments de semences partag\u00e9es par les participants<\/h2>\n<p>\u00c0 la pl\u00e9ni\u00e8re nous avons demand\u00e9 aux participants de partager quelque chose d\u2019assez petit pour qu\u2019ils puissent l\u2019amener avec eux, s\u2019en occuper et le faire s\u2019\u00e9panouir. <a href=\"https:\/\/anthroposophy.ca\/fr\/nouvelles-publique\/2016\/09\/09\/moments-de-semences-partagees-par-les-participants\/\">Voici<\/a> quelques germes.<\/p>\n<p>&nbsp;<\/p>\n<h2 class=\"et_pt_title\">Micah se raconte<\/h2>\n<p>Micah Edelstein, quel plaisir cela a \u00e9t\u00e9 de te retrouver dans le taxi qui nous conduisait \u00e0 l\u2019a\u00e9roport le dimanche, apr\u00e8s la cl\u00f4ture du congr\u00e8s \u00c0 la recherche de notre humanit\u00e9 du mois d\u2019ao\u00fbt! Tu m\u2019as expliqu\u00e9 que tu vivais \u00e0 Halifax et que tu faisais partie du groupe d\u2019\u00e9tudes anthroposophique qui se donne le nom de Small is All\u00a0 (\u2018Petit, mais puissant\u2019). Pourrais-tu m\u2019en dire plus long sur ce groupe et ses initiatives? Pourquoi lui avez-vous donn\u00e9 ce nom particulier? \u00a0[<a href=\"https:\/\/anthroposophy.ca\/fr\/nouvelles-publique\/2016\/09\/05\/micah-se-raconte\/\">lire la suite<\/a>]<\/p>\n<h2><\/h2>\n<h2>Une lettre du secr\u00e9taire g\u00e9n\u00e9ral<\/h2>\n<p>[\u00a0<a href=\"https:\/\/anthroposophy.ca\/fr\/nouvelles-publique\/2016\/09\/05\/une-lettre-du-secretaire-general\/\">ici<\/a>\u00a0]<\/p>\n<h2 class=\"et_pt_title\"><\/h2>\n<h2 id=\"tw-target-text\" class=\"tw-data-text tw-ta tw-text-medium\" dir=\"ltr\" data-placeholder=\"Translation\"><strong><span lang=\"fr\">la r\u00e9flexion des participants sur la conf\u00e9rence\u00a0[<a href=\"https:\/\/anthroposophy.ca\/fr\/nouvelles-publique\/2016\/09\/11\/a-la-rencontre-de-notre-humaniterticle-site-web-retrospective\/\" target=\"_blank\">ici<\/a>\u00a0]<\/span><\/strong><\/h2>\n<h2><\/h2>\n","protected":false},"excerpt":{"rendered":"<p>De la connaissance \u00e0 l\u2019action consciente Un congr\u00e8s anthroposophique nord-am\u00e9ricain &nbsp; Intention de la conf\u00e9rence Depuis plus d\u2019un si\u00e8cle, l\u2019anthroposophie est active dans plusieurs domaines de la vie permis d\u2019enrichir et de recr\u00e9er la relation \u00e0 soi, \u00e0 la soci\u00e9t\u00e9 et au monde. Lors du&#8230;<\/p>\n","protected":false},"author":6,"featured_media":0,"parent":0,"menu_order":0,"comment_status":"closed","ping_status":"closed","template":"","meta":{"inline_featured_image":false,"footnotes":""},"class_list":["post-2973","page","type-page","status-publish","hentry"],"_links":{"self":[{"href":"https:\/\/anthroposophy.ca\/fr\/wp-json\/wp\/v2\/pages\/2973","targetHints":{"allow":["GET"]}}],"collection":[{"href":"https:\/\/anthroposophy.ca\/fr\/wp-json\/wp\/v2\/pages"}],"about":[{"href":"https:\/\/anthroposophy.ca\/fr\/wp-json\/wp\/v2\/types\/page"}],"author":[{"embeddable":true,"href":"https:\/\/anthroposophy.ca\/fr\/wp-json\/wp\/v2\/users\/6"}],"replies":[{"embeddable":true,"href":"https:\/\/anthroposophy.ca\/fr\/wp-json\/wp\/v2\/comments?post=2973"}],"version-history":[{"count":11,"href":"https:\/\/anthroposophy.ca\/fr\/wp-json\/wp\/v2\/pages\/2973\/revisions"}],"predecessor-version":[{"id":3030,"href":"https:\/\/anthroposophy.ca\/fr\/wp-json\/wp\/v2\/pages\/2973\/revisions\/3030"}],"wp:attachment":[{"href":"https:\/\/anthroposophy.ca\/fr\/wp-json\/wp\/v2\/media?parent=2973"}],"curies":[{"name":"wp","href":"https:\/\/api.w.org\/{rel}","templated":true}]}}