{"id":3300,"date":"2017-02-15T07:46:17","date_gmt":"2017-02-15T12:46:17","guid":{"rendered":"http:\/\/www.asc.wdtest.info\/fr\/?page_id=3300"},"modified":"2022-05-29T17:05:56","modified_gmt":"2022-05-29T21:05:56","slug":"le-village-hesperus","status":"publish","type":"page","link":"https:\/\/anthroposophy.ca\/fr\/initiatives\/le-village-hesperus\/","title":{"rendered":"Le village Hesperus"},"content":{"rendered":"\t\t<div data-elementor-type=\"wp-page\" data-elementor-id=\"3300\" class=\"elementor elementor-3300 elementor-982\">\n\t\t\t\t\t\t<section class=\"elementor-section elementor-top-section elementor-element elementor-element-4a4257eb elementor-section-boxed elementor-section-height-default elementor-section-height-default parallax_section_no qode_elementor_container_no\" data-id=\"4a4257eb\" data-element_type=\"section\" data-e-type=\"section\">\n\t\t\t\t\t\t<div class=\"elementor-container elementor-column-gap-default\">\n\t\t\t\t\t<div class=\"elementor-column elementor-col-100 elementor-top-column elementor-element elementor-element-f616745\" data-id=\"f616745\" data-element_type=\"column\" data-e-type=\"column\">\n\t\t\t<div class=\"elementor-widget-wrap elementor-element-populated\">\n\t\t\t\t\t\t<div class=\"elementor-element elementor-element-234aad99 elementor-widget elementor-widget-text-editor\" data-id=\"234aad99\" data-element_type=\"widget\" data-e-type=\"widget\" data-widget_type=\"text-editor.default\">\n\t\t\t\t<div class=\"elementor-widget-container\">\n\t\t\t\t\t\t\t\t\t<div id=\"attachment_9304\" style=\"width: 310px\" class=\"wp-caption alignright\"><a href=\"https:\/\/anthroposophy.ca\/wp-content\/uploads\/2016\/11\/HesperusVB.jpg\" rel=\"attachment wp-att-3129\"><img fetchpriority=\"high\" decoding=\"async\" aria-describedby=\"caption-attachment-9304\" class=\"wp-image-9304 size-medium\" src=\"https:\/\/anthroposophy.ca\/wp-content\/uploads\/2016\/11\/HesperusVB-300x225.jpg\" alt=\"hesperusvb\" width=\"300\" height=\"225\" srcset=\"https:\/\/anthroposophy.ca\/wp-content\/uploads\/2016\/11\/HesperusVB-300x225.jpg 300w, https:\/\/anthroposophy.ca\/wp-content\/uploads\/2016\/11\/HesperusVB-768x576.jpg 768w, https:\/\/anthroposophy.ca\/wp-content\/uploads\/2016\/11\/HesperusVB-1024x768.jpg 1024w\" sizes=\"(max-width: 300px) 100vw, 300px\" \/><\/a><p id=\"caption-attachment-9304\" class=\"wp-caption-text\">Front entrance<\/p><\/div><p><span style=\"font-weight: 400;\">\u00abHesperus Village\u00bb est une initiative anthroposophique situ\u00e9e \u00e0 Vaughan, en Ontario. Le village est construit sur une portion du magnifique campus qui regroupe la \u00abToronto Waldorf School\u00bb et le \u00abRudolf Steiner Centre\u00bb.<\/span><span style=\"color: var( --e-global-color-text ); font-weight: var( --e-global-typography-text-font-weight );\">\u00a0<\/span><\/p><p><span style=\"font-weight: 400;\">Hesperus est n\u00e9 de l&rsquo;imagination d&rsquo;un groupe de parents et de professeurs de la Toronto Waldorf School \u00e0 la fin des ann\u00e9es 1980. Hesperus est le mot grec pour V\u00e9nus, l&rsquo;\u00e9toile la plus brillante tant au moment de l\u2019aurore que du cr\u00e9puscule. Le nom de l\u2019organisme sert de m\u00e9taphore \u00e0 notre objectif &#8212;&#8212; celui d&rsquo;aider les personnes du troisi\u00e8me \u00e2ge \u00e0 poursuivre dignement leur parcours. L\u00e0 o\u00f9 les \u00e9coles Waldorf se pr\u00e9occupent du d\u00e9veloppement sain de l&rsquo;individu au d\u00e9but de sa vie et de son parcours scolaire, Hesperus assure la poursuite d\u2019un d\u00e9veloppement continu pour ceux dont les exp\u00e9riences de toute une vie de labeur les rapprochent du franchissement du seuil.<\/span><span style=\"color: var( --e-global-color-text ); font-weight: var( --e-global-typography-text-font-weight );\">\u00a0<\/span><\/p><p><span style=\"font-weight: 400;\">Profiter du soleil couchant \u00e0 l&rsquo;ouest<\/span><span style=\"color: var( --e-global-color-text ); font-weight: var( --e-global-typography-text-font-weight );\">\u00a0<\/span><\/p><p><span style=\"font-weight: 400;\">L&rsquo;intention initiale des fondateurs \u00e9tait de cr\u00e9er une communaut\u00e9 interg\u00e9n\u00e9rationnelle o\u00f9 des anthroposophes (des enseignants Waldorf en particulier) pourraient partager une vie communautaire jusqu&rsquo;\u00e0 la fin de leur vie. Bien qu&rsquo;il ne s&rsquo;agisse pas d&rsquo;une communaut\u00e9 au sens traditionnel, la culture qui r\u00e8gne aujourd&rsquo;hui \u00e0 Hesperus d\u00e9coule des principes directeurs qui fondent l\u2019Anthroposophie. Les r\u00e9sidents, activement engag\u00e9s dans la cr\u00e9ation et le maintien d\u2019une vie communautaire, ont un engagement fort envers une vie culturelle riche.\u00a0 Ils se soucient du juste \u00e9quilibre de la libert\u00e9 individuelle face \u00e0 la satisfaction des besoins communautaires. Id\u00e9alement, tout ceci s\u2019articule autour du soutien et des relations entretenus avec les autres initiatives anthroposophiques locales de la r\u00e9gion de Thornhill : Le \u00abRudolph Steiner Centre\u00bb, la \u00abToronto Waldorf School\u00bb, la \u00abChristian Community Church\u00bb et le \u00abPegasus Medical Center\u00bb. Bien qu\u2019elles soient toutes ind\u00e9pendantes les unes des autres, elles travaillent activement \u00e0 se soutenir mutuellement.<\/span><span style=\"color: var( --e-global-color-text ); font-weight: var( --e-global-typography-text-font-weight );\">\u00a0<\/span><\/p><p><span style=\"font-weight: 400;\">Une soir\u00e9e du dimanche soir<\/span><span style=\"color: var( --e-global-color-text ); font-weight: var( --e-global-typography-text-font-weight );\">\u00a0<\/span><\/p><p><span style=\"font-weight: 400;\">Aujourd&rsquo;hui, environ 100 a\u00een\u00e9s provenant de diff\u00e9rents milieux socio-\u00e9conomiques et culturels vivent \u00e0 Hesperus. Les r\u00e9sidents, le personnel, les b\u00e9n\u00e9voles et les membres du conseil d&rsquo;administration forment un partenariat guid\u00e9 par des valeurs et des principes communs, qui favorisent une vie sociale saine pour tous les membres de la communaut\u00e9.<\/span><span style=\"color: var( --e-global-color-text ); font-weight: var( --e-global-typography-text-font-weight );\">\u00a0<\/span><\/p><p><span style=\"font-weight: 400;\">Hesperus s\u2019efforce d\u2019\u00eatre le microcosme d\u2019un monde id\u00e9al, une organisation qui refl\u00e8te dans le miroir de chaque individu qui la forme, les besoins harmonieux et \u00e9quilibr\u00e9s de toute la communaut\u00e9 dans son ensemble.<\/span><\/p>\t\t\t\t\t\t\t\t<\/div>\n\t\t\t\t<\/div>\n\t\t\t\t\t<\/div>\n\t\t<\/div>\n\t\t\t\t\t<\/div>\n\t\t<\/section>\n\t\t\t\t<\/div>\n\t\t","protected":false},"excerpt":{"rendered":"<p>\u00abHesperus Village\u00bb est une initiative anthroposophique situ\u00e9e \u00e0 Vaughan, en Ontario. Le village est construit sur une portion du magnifique campus qui regroupe la \u00abToronto Waldorf School\u00bb et le \u00abRudolf Steiner Centre\u00bb.\u00a0 Hesperus est n\u00e9 de l&rsquo;imagination d&rsquo;un groupe de parents et de professeurs de&#8230;<\/p>\n","protected":false},"author":6,"featured_media":0,"parent":938,"menu_order":0,"comment_status":"closed","ping_status":"closed","template":"","meta":{"inline_featured_image":false,"footnotes":""},"class_list":["post-3300","page","type-page","status-publish","hentry"],"_links":{"self":[{"href":"https:\/\/anthroposophy.ca\/fr\/wp-json\/wp\/v2\/pages\/3300","targetHints":{"allow":["GET"]}}],"collection":[{"href":"https:\/\/anthroposophy.ca\/fr\/wp-json\/wp\/v2\/pages"}],"about":[{"href":"https:\/\/anthroposophy.ca\/fr\/wp-json\/wp\/v2\/types\/page"}],"author":[{"embeddable":true,"href":"https:\/\/anthroposophy.ca\/fr\/wp-json\/wp\/v2\/users\/6"}],"replies":[{"embeddable":true,"href":"https:\/\/anthroposophy.ca\/fr\/wp-json\/wp\/v2\/comments?post=3300"}],"version-history":[{"count":5,"href":"https:\/\/anthroposophy.ca\/fr\/wp-json\/wp\/v2\/pages\/3300\/revisions"}],"predecessor-version":[{"id":10926,"href":"https:\/\/anthroposophy.ca\/fr\/wp-json\/wp\/v2\/pages\/3300\/revisions\/10926"}],"up":[{"embeddable":true,"href":"https:\/\/anthroposophy.ca\/fr\/wp-json\/wp\/v2\/pages\/938"}],"wp:attachment":[{"href":"https:\/\/anthroposophy.ca\/fr\/wp-json\/wp\/v2\/media?parent=3300"}],"curies":[{"name":"wp","href":"https:\/\/api.w.org\/{rel}","templated":true}]}}