{"id":3352,"date":"2017-03-15T20:45:48","date_gmt":"2017-03-16T00:45:48","guid":{"rendered":"http:\/\/www.asc.wdtest.info\/fr\/?page_id=3352"},"modified":"2017-03-15T20:45:48","modified_gmt":"2017-03-16T00:45:48","slug":"devenir-membre-de-la-societe-anthroposophique-universelle","status":"publish","type":"page","link":"https:\/\/anthroposophy.ca\/fr\/devenir-membre-de-la-societe-anthroposophique-universelle\/","title":{"rendered":"Devenir membre de la Soci\u00e9t\u00e9 anthroposophique universelle"},"content":{"rendered":"<p><strong>Qu\u2019est-ce que la Soci\u00e9t\u00e9 anthroposophique ?<\/strong><\/p>\n<p>La Soci\u00e9t\u00e9 anthroposophique universelle a \u00e9t\u00e9 fond\u00e9e par Rudolf Steiner lors du congr\u00e8s de No\u00ebl de 1923. Elle comprend plusieurs groupes et branches de membres r\u00e9partis dans 78 pays et sur tous les continents. Ses activit\u00e9s s\u2019\u00e9tendent dans les diff\u00e9rents domaines de la vie courante, tels que l\u2019\u00e9ducation (p\u00e9dagogie Waldorf), la m\u00e9decine, les sciences sociales, l\u2019\u00e9conomie, l\u2019agriculture (biodynamie), etc. Elle organise r\u00e9guli\u00e8rement des conf\u00e9rences, des congr\u00e8s, des s\u00e9minaires et \u00e9v\u00e9nements artistiques portant sur des questions d\u2019actualit\u00e9. Le si\u00e8ge social se trouve au Goeth\u00e9anum, \u00e0 Dornach, en Suisse.<\/p>\n<p>En d\u00e9couvrant l\u2019anthroposophie, il peut arriver qu\u2019une personne \u00e9prouve un sentiment d\u2019appartenance quant aux valeurs et aux buts mis de l\u2019avant par la Soci\u00e9t\u00e9 et ses membres. L\u2019aspirant peut alors prendre la d\u00e9cision de se joindre au mouvement, avec l\u2019intention d\u2019approfondir les connaissances anthroposophiques en compagnie d\u2019autres personnes ou de coll\u00e8gues avec qui il se sent li\u00e9. Devenir membre s\u2019av\u00e8re alors un appui conscient du travail anthroposophique qui s\u2019effectue dans le monde. Ce geste t\u00e9moigne de l\u2019importance que l\u2019on accorde \u00e0 l\u2019impulsion donn\u00e9e pour l\u2019humanit\u00e9 par Rudolf Steiner lors du congr\u00e8s de No\u00ebl de 1923.<\/p>\n<p>Cette soci\u00e9t\u00e9 est publique, ouverte \u00e0 tous et \u00e0 toutes sans consid\u00e9ration aucune pour l\u2019all\u00e9geance politique ou religieuse.<\/p>\n<p><em>La Soci\u00e9t\u00e9 anthroposophique est absolument publique. Toute personne peut en devenir membre,\u00a0sans distinction de nationalit\u00e9, de statut, de religion, de conviction scientifique ou artistique, qui consid\u00e8re\u00a0comme justifi\u00e9e l&rsquo;existence d&rsquo;une institution telle que le Goeth\u00e9anum \u00e0 Dornach, en tant qu&rsquo;\u00c9cole libre de science de l&rsquo;esprit.\u00a0\u00bb<\/em><em>\u00a0(Article 1, Statuts\u00a0de la Soci\u00e9t\u00e9 anthroposophique universelle)<\/em>.<\/p>\n<p>La Soci\u00e9t\u00e9 anthroposophique favorise et soutient l\u2019\u00c9cole de la science de l\u2019esprit en tant qu\u2019organisme de recherche et de d\u00e9veloppement spirituel. L\u2019\u00c9cole est constitu\u00e9e de la Section d\u2019anthroposophie g\u00e9n\u00e9rale. Elle chapeaute les diff\u00e9rentes sections de la vie professionnelle, telles que la Section p\u00e9dagogique, la Section m\u00e9dicale, la Section d\u2019agriculture, la Section sociale, la Section des Belles lettres, la Section des sciences et la Section d\u2019astronomie et de math\u00e9matique.<\/p>\n<p>Pourquoi devenir membre de la Soci\u00e9t\u00e9 anthroposophique ? La question est particuli\u00e8rement l\u00e9gitime \u00e0 notre \u00e9poque. Une soci\u00e9t\u00e9 fond\u00e9e il y pr\u00e8s d\u2019un si\u00e8cle a-t-elle encore sa place ? Une r\u00e9flexion s\u00e9rieuse peut nous amener \u00e0 observer les apports de l\u2019anthroposophie et \u00e0 d\u00e9couvrir en quoi elle garde toute sa pertinence, dans la mesure o\u00f9 elle donne des r\u00e9ponses aux questions contemporaines et offre des perspectives d\u2019avenir pour l\u2019\u00e9volution de l\u2019humanit\u00e9, surtout si elle est appuy\u00e9e dans un cadre social commun.<\/p>\n<p>Rudolf Steiner a d\u00e9fini l\u2019anthroposophie comme une approche, un cheminement qui relie le spirituel dans l\u2019homme au spirituel dans l\u2019univers. L\u2019aspiration \u00e0 suivre ce cheminement est soutenue par une \u00e9tude rigoureuse de la nature spirituelle de l\u2019\u00eatre humain et de son rapport au monde. L\u2019anthroposophie n\u2019est donc pas seulement une voie spirituelle de la libert\u00e9 individuelle, mais elle se r\u00e9v\u00e8le aussi \u00eatre une d\u00e9marche pour d\u00e9couvrir et \u00e9largir nos connaissances. Dans cette optique, son apport culturel se r\u00e9v\u00e8le pertinent pour les besoins de notre \u00e9poque; faire des petits pas pour le progr\u00e8s de l\u2019humanit\u00e9 peut commencer par un travail sur soi-m\u00eame.<\/p>\n<p><strong>Qu\u2019est-ce que l\u2019\u00c9cole de la science de l\u2019esprit ?<\/strong><\/p>\n<p>Elle se donne comme t\u00e2che de faire de la recherche dans les domaines \u00e9voqu\u00e9s pr\u00e9c\u00e9demment, \u00e0 savoir\u00a0l\u2019\u00e9ducation, la m\u00e9decine, etc. Les outils d\u2019investigation reposent sur l\u2019\u00e9tude, l\u2019observation goeth\u00e9enne, la concentration et la m\u00e9ditation.<\/p>\n<p>Cela dit, pour devenir membre de l\u2019\u00c9cole, il faut d\u2019une part s\u2019\u00eatre au pr\u00e9alable familiaris\u00e9 avec les fondements de l\u2019anthroposophie et d\u2019autre part, \u00eatre membre de la Soci\u00e9t\u00e9 depuis environ deux ans, selon ce qui est recommand\u00e9. Il faut aussi d\u00e8s lors s\u2019engager \u00e0 repr\u00e9senter l\u2019anthroposophie dans le monde.<\/p>\n<p><strong>Est-ce que les recherches effectu\u00e9es selon l\u2019approche par la science de l\u2019esprit ont donn\u00e9 des r\u00e9sultats probants ? <\/strong><\/p>\n<p>Oui. En voici quelques exemples.<\/p>\n<p>En \u00e9ducation Waldorf, l\u2019anthroposophie a permis d\u2019\u00e9largir nos connaissances sur l\u2019\u00eatre humain et son d\u00e9veloppement. Le curriculum riche et vari\u00e9 qui interpelle tous les constituants de l\u2019\u00eatre humain s\u2019est ajust\u00e9 au fil des ans aux besoins des enfants et \u00e0 leur environnement culturel et social. Les recherches ont jet\u00e9 un nouveau regard sur les d\u00e9fis et les difficult\u00e9s que les enfants vivent \u00e0 notre \u00e9poque.<\/p>\n<p>En m\u00e9decine, le regard approfondi sur les maladies psychologiques et physiques peut offrir des solutions alternatives. Des recherches prometteuses ont cours pour traiter des cancers, des infections. Les approches psychosomatiques et de m\u00e9decine compl\u00e9mentaire par exemple soutiennent les patients sans faire appel n\u00e9cessairement \u00e0 des m\u00e9dicaments traditionnels. Le travail r\u00e9volutionnaire men\u00e9 aupr\u00e8s des handicap\u00e9s mentaux (mouvement Camphill) a permis d\u2019implanter des soins appropri\u00e9s, \u00e0 l\u2019aide de la th\u00e9rapie par l\u2019art.<\/p>\n<p>L\u2019agriculture biodynamique a fait ses preuves dans le monde. Toujours avec un int\u00e9r\u00eat grandissant, on voit les r\u00e9sultats manifestes pour l\u2019environnement, et notamment dans le domaine des cultures mara\u00eech\u00e8res et de la vigne.<\/p>\n<p>En sciences sociales, de nouvelles formes de travail sont mises en pratique dans les institutions (par exemple, la d\u00e9cision par consensus en gestion, le mode r\u00e9publicain de direction, l\u2019application d\u2019un mod\u00e8le de tripartition sociale).<\/p>\n<p>En \u00e9conomie, des entreprises travaillent selon des crit\u00e8res d\u2019\u00e9conomie sociale de coop\u00e9ration, comme l\u2019\u00e9conomie associative, qui se veut une r\u00e9ponse \u00e9thique au capitalisme sauvage.<\/p>\n<p>La Section d\u2019anthroposophie g\u00e9n\u00e9rale s\u2019occupe particuli\u00e8rement du domaine psychospirituel. En plus des le\u00e7ons de la premi\u00e8re classe (un parcours qui accompagne le <em>moi <\/em>dans la qu\u00eate de son essence spirituelle) donn\u00e9es par Rudolf Steiner, l\u2019\u00c9cole de la science de l\u2019esprit offre un choix riche en pratiques m\u00e9ditatives. Ses responsables organisent r\u00e9guli\u00e8rement des ateliers et des s\u00e9minaires sur le sujet.<\/p>\n<p>En science, l\u2019approche goeth\u00e9enne donne des pistes compl\u00e9mentaires, l\u00e0 o\u00f9 l\u2019approche quantitative se heurte \u00e0 des r\u00e9ponses fragment\u00e9es et incompl\u00e8tes. L\u2019observation bas\u00e9e sur la ph\u00e9nom\u00e9nologie ouvre la voie pour \u00e9largir des horizons sur la qualit\u00e9 et la nature des substances, de l\u2019eau et des plantes par exemple.<\/p>\n<p>Les arts, en anthroposophie, occupent une place importante. Les indications de Rudolf Steiner pour un renouvellement des arts visuels et des arts de la sc\u00e8ne (eurythmie) ont ouvert des voies d\u2019exploration particuli\u00e8rement f\u00e9condes. Les arts pr\u00e9sentent aussi des implications pratiques, notamment en m\u00e9decine, en \u00e9ducation, en sciences sociales. Ils peuvent m\u00eame, dans certains cas, apporter un \u00e9clairage compl\u00e9mentaire \u00e0 des questions scientifiques.<\/p>\n<p><strong>Est-ce qu\u2019il y a une place pour les jeunes ?<\/strong><\/p>\n<p>Les jeunes qui s\u2019int\u00e9ressent \u00e0 l\u2019anthroposophie en regard des questions qu\u2019ils se posent peuvent se regrouper pour approfondir des th\u00e8mes sp\u00e9cifiques. Ils n\u2019ont pas besoin d\u2019\u00eatre membres de la Soci\u00e9t\u00e9, mais par ailleurs, ils sont chapeaut\u00e9s par la Section de la recherche spirituelle aupr\u00e8s des jeunes.<\/p>\n<p>Voici comment celle-ci est pr\u00e9sent\u00e9e par les responsables du dossier :<em> \u00ab l\u2019objectif de la Section des jeunes est de promouvoir la cr\u00e9ation d\u2019un monde qui valorise, soutient et favorise le potentiel et la cr\u00e9ativit\u00e9 de chaque jeune personne, <\/em>afin<em> qu\u2019elle rayonne en force selon toutes ses possibilit\u00e9s \u00bb.<\/em><\/p>\n<p><strong>\u00a0<\/strong><\/p>\n<p><strong>Est-ce qu\u2019il y a des attentes particuli\u00e8res lorsqu\u2019on devient membre de la Soci\u00e9t\u00e9 anthroposophique universelle ? <\/strong><\/p>\n<p>Devenir membre de la Soci\u00e9t\u00e9 anthroposophique universelle est un geste compl\u00e8tement libre et sans engagement. Il y a toutefois deux consid\u00e9rants \u00e0 respecter\u00a0: reconna\u00eetre que Rudolf Steiner en est le fondateur et que le si\u00e8ge social se trouve au Goeth\u00e9anum.<\/p>\n<p>Afin de d\u00e9frayer les co\u00fbts d\u2019un journal d\u2019information et pour soutenir le fonctionnement de la Soci\u00e9t\u00e9 tant au niveau local qu\u2019international &#8211; ainsi que le travail fait au Goeth\u00e9anum en Suisse -, chaque membre est appel\u00e9 \u00e0 faire une contribution financi\u00e8re annuelle.<\/p>\n<p><strong>Comment faire sa demande d\u2019adh\u00e9sion ?<\/strong><\/p>\n<p>L&rsquo;adh\u00e9sion \u00e0 la Soci\u00e9t\u00e9 anthroposophique\u00a0universelle\u00a0se fait en g\u00e9n\u00e9ral par l&rsquo;interm\u00e9diaire d&rsquo;un groupe local ou r\u00e9gional, c&rsquo;est-\u00e0-dire via la Soci\u00e9t\u00e9 pr\u00e9sente dans ce pays, ou encore via une branche qui est directement rattach\u00e9e au Goeth\u00e9anum. Si vous souhaitez devenir membre, veuillez vous adresser \u00e0 la Soci\u00e9t\u00e9 anthroposophique au Canada. Veuillez remplir et envoyer le formulaire qui se trouve sur le site de la Soci\u00e9t\u00e9. Pour toute information, vous pouvez contacter Jeffrey Saunders, au 877-892-3636. ou pour les francophones-Arie van Ameringen 450-295-2387 ou Eric Philips-Oxford 514-524-7045<\/p>\n<p>&nbsp;<\/p>\n<p><strong>\u00a0<\/strong><\/p>\n","protected":false},"excerpt":{"rendered":"<p>Qu\u2019est-ce que la Soci\u00e9t\u00e9 anthroposophique ? La Soci\u00e9t\u00e9 anthroposophique universelle a \u00e9t\u00e9 fond\u00e9e par Rudolf Steiner lors du congr\u00e8s de No\u00ebl de 1923. Elle comprend plusieurs groupes et branches de membres r\u00e9partis dans 78 pays et sur tous les continents. Ses activit\u00e9s s\u2019\u00e9tendent dans les&#8230;<\/p>\n","protected":false},"author":3,"featured_media":0,"parent":0,"menu_order":0,"comment_status":"closed","ping_status":"closed","template":"","meta":{"inline_featured_image":false,"footnotes":""},"class_list":["post-3352","page","type-page","status-publish","hentry"],"_links":{"self":[{"href":"https:\/\/anthroposophy.ca\/fr\/wp-json\/wp\/v2\/pages\/3352","targetHints":{"allow":["GET"]}}],"collection":[{"href":"https:\/\/anthroposophy.ca\/fr\/wp-json\/wp\/v2\/pages"}],"about":[{"href":"https:\/\/anthroposophy.ca\/fr\/wp-json\/wp\/v2\/types\/page"}],"author":[{"embeddable":true,"href":"https:\/\/anthroposophy.ca\/fr\/wp-json\/wp\/v2\/users\/3"}],"replies":[{"embeddable":true,"href":"https:\/\/anthroposophy.ca\/fr\/wp-json\/wp\/v2\/comments?post=3352"}],"version-history":[{"count":1,"href":"https:\/\/anthroposophy.ca\/fr\/wp-json\/wp\/v2\/pages\/3352\/revisions"}],"predecessor-version":[{"id":3353,"href":"https:\/\/anthroposophy.ca\/fr\/wp-json\/wp\/v2\/pages\/3352\/revisions\/3353"}],"wp:attachment":[{"href":"https:\/\/anthroposophy.ca\/fr\/wp-json\/wp\/v2\/media?parent=3352"}],"curies":[{"name":"wp","href":"https:\/\/api.w.org\/{rel}","templated":true}]}}