{"id":4066,"date":"2018-04-04T09:38:03","date_gmt":"2018-04-04T13:38:03","guid":{"rendered":"http:\/\/www.asc.wdtest.info\/?page_id=4066"},"modified":"2026-03-31T11:47:30","modified_gmt":"2026-03-31T15:47:30","slug":"recherche","status":"publish","type":"page","link":"https:\/\/anthroposophy.ca\/fr\/recherche\/","title":{"rendered":"Recherche"},"content":{"rendered":"\t\t<div data-elementor-type=\"wp-page\" data-elementor-id=\"4066\" class=\"elementor elementor-4066 elementor-4053\">\n\t\t\t\t<div class=\"elementor-element elementor-element-3b262ec6 e-flex e-con-boxed e-con e-parent\" data-id=\"3b262ec6\" data-element_type=\"container\" data-e-type=\"container\">\n\t\t\t\t\t<div class=\"e-con-inner\">\n\t\t\t\t<div class=\"elementor-element elementor-element-34628953 elementor-widget elementor-widget-text-editor\" data-id=\"34628953\" data-element_type=\"widget\" data-e-type=\"widget\" data-widget_type=\"text-editor.default\">\n\t\t\t\t<div class=\"elementor-widget-container\">\n\t\t\t\t\t\t\t\t\t<p>La recherche est une partie importante de la vie de l&rsquo;anthroposophie. Nous encourageons les contributions et la possibilit\u00e9 de publier des recherches et de les mettre \u00e0 la disposition des autres. Veuillez noter que les articles en anglais seront publi\u00e9s sur le site anglais, et les articles soumis en fran\u00e7ais appara\u00eetront sur le site fran\u00e7ais.<\/p><p>Consultez la version anglaise du site Web pour plus de documents de recherche.<\/p><p>\u00a0<\/p><p>\u00a0<\/p><ul><li><div class=\"page\" title=\"Page 1\"><div class=\"layoutArea\"><div class=\"column\"><p><a href=\"https:\/\/anthroposophy.ca\/wp-content\/uploads\/2018\/04\/KEPPIE-CORPS-AME-ESPRIT-TERRE-FRAN\u00c7AIS.pdf\" download=\"\">Le Corps, l\u2019\u00e2me et l\u2019esprit de la terre<\/a>: \u00a0J. Duncan Keppie<\/p><\/div><\/div><\/div><\/li><\/ul><p>\u00a0<\/p>\t\t\t\t\t\t\t\t<\/div>\n\t\t\t\t<\/div>\n\t\t\t\t\t<\/div>\n\t\t\t\t<\/div>\n\t\t\t\t<\/div>\n\t\t","protected":false},"excerpt":{"rendered":"<p>La recherche est une partie importante de la vie de l&rsquo;anthroposophie. Nous encourageons les contributions et la possibilit\u00e9 de publier des recherches et de les mettre \u00e0 la disposition des autres. Veuillez noter que les articles en anglais seront publi\u00e9s sur le site anglais, et&#8230;<\/p>\n","protected":false},"author":6,"featured_media":0,"parent":0,"menu_order":0,"comment_status":"closed","ping_status":"closed","template":"elementor_header_footer","meta":{"inline_featured_image":false,"footnotes":""},"class_list":["post-4066","page","type-page","status-publish","hentry"],"_links":{"self":[{"href":"https:\/\/anthroposophy.ca\/fr\/wp-json\/wp\/v2\/pages\/4066","targetHints":{"allow":["GET"]}}],"collection":[{"href":"https:\/\/anthroposophy.ca\/fr\/wp-json\/wp\/v2\/pages"}],"about":[{"href":"https:\/\/anthroposophy.ca\/fr\/wp-json\/wp\/v2\/types\/page"}],"author":[{"embeddable":true,"href":"https:\/\/anthroposophy.ca\/fr\/wp-json\/wp\/v2\/users\/6"}],"replies":[{"embeddable":true,"href":"https:\/\/anthroposophy.ca\/fr\/wp-json\/wp\/v2\/comments?post=4066"}],"version-history":[{"count":5,"href":"https:\/\/anthroposophy.ca\/fr\/wp-json\/wp\/v2\/pages\/4066\/revisions"}],"predecessor-version":[{"id":15907,"href":"https:\/\/anthroposophy.ca\/fr\/wp-json\/wp\/v2\/pages\/4066\/revisions\/15907"}],"wp:attachment":[{"href":"https:\/\/anthroposophy.ca\/fr\/wp-json\/wp\/v2\/media?parent=4066"}],"curies":[{"name":"wp","href":"https:\/\/api.w.org\/{rel}","templated":true}]}}