{"id":835,"date":"2015-08-06T16:08:46","date_gmt":"2015-08-06T20:08:46","guid":{"rendered":"http:\/\/www.asc.wdtest.info\/biodynamic-agriculture\/?lang=fr"},"modified":"2019-04-28T18:49:21","modified_gmt":"2019-04-28T22:49:21","slug":"biodynamic-agriculture","status":"publish","type":"page","link":"https:\/\/anthroposophy.ca\/fr\/initiatives\/biodynamic-agriculture\/","title":{"rendered":"Biodynamic Agriculture"},"content":{"rendered":"<p>L&rsquo;agriculture biodynamique, pr\u00e9sent\u00e9e par Rudolf Steiner lors d&rsquo;une s\u00e9rie de conf\u00e9rences en 1923, fut le premier syst\u00e8me d&rsquo;agriculture \u00e9cologique \u00e0 appara\u00eetre en r\u00e9ponse \u00e0 l&rsquo;arriv\u00e9 des fertilisants commerciaux et de l&rsquo;agriculture sp\u00e9cialis\u00e9e au d\u00e9but du vingti\u00e8me si\u00e8cle. Demeter aide \u00e0 la gu\u00e9rison d&rsquo;une terre bless\u00e9e, \u00e0 la production et \u00e0 la mise en disponibilit\u00e9 d&rsquo;aliments sant\u00e9 de la toute meilleure qualit\u00e9.<\/p>\n<p>&nbsp;<\/p>\n<div id=\"attachment_1048\" style=\"width: 650px\" class=\"wp-caption aligncenter\"><img fetchpriority=\"high\" decoding=\"async\" aria-describedby=\"caption-attachment-1048\" class=\"wp-image-1048 size-large\" src=\"https:\/\/anthroposophy.ca\/wp-content\/uploads\/2015\/08\/Biodynamic2-1024x683.jpg\" alt=\"Biodynamic Agriculture - Salad Harvest\" width=\"640\" height=\"427\" srcset=\"https:\/\/anthroposophy.ca\/wp-content\/uploads\/2015\/08\/Biodynamic2.jpg 1024w, https:\/\/anthroposophy.ca\/wp-content\/uploads\/2015\/08\/Biodynamic2-300x200.jpg 300w, https:\/\/anthroposophy.ca\/wp-content\/uploads\/2015\/08\/Biodynamic2-768x512.jpg 768w, https:\/\/anthroposophy.ca\/wp-content\/uploads\/2015\/08\/Biodynamic2-140x94.jpg 140w\" sizes=\"(max-width: 640px) 100vw, 640px\" \/><p id=\"caption-attachment-1048\" class=\"wp-caption-text\">Photo credit Richard Chomko<\/p><\/div>\n<p>&nbsp;<\/p>\n<p>Comme dans les autres approches biologiques, la biodynamie consid\u00e8re que le traitement de la terre, la croissance des plantes ainsi que le soin du b\u00e9tail sont tous interreli\u00e9s au sein d&rsquo;un \u00e9cosyst\u00e8me. De plus, elle valorise la production locale et les syst\u00e8mes de distribution. Ce qui distingue la biodynamie, ce sont des additifs indiqu\u00e9s d&rsquo;herbes et de min\u00e9raux, pour le compost et la vaporisation des champs. Ces additifs vivifient, gu\u00e9rissent et r\u00e9veillent la terre.<\/p>\n<p>Le syst\u00e8me biodynamique est bas\u00e9 sur la relation \u00e9tablie entre l&rsquo;agriculteur et l&rsquo;\u00e9cosyst\u00e8me local, ce qui inclut l&rsquo;influence du cosmos et des forces subtiles sur les habitats. L&rsquo;approche de Steiner constitue une contribution importante au domaine de l&rsquo;agriculture durable, car elle se focalise sur l&rsquo;importance qualitative de l&rsquo;observation des rythmes et motifs de la nature, plut\u00f4t que sur la seule utilisation des donn\u00e9es quantitatives.<\/p>\n<p>&nbsp;<\/p>\n<div id=\"attachment_1050\" style=\"width: 310px\" class=\"wp-caption alignleft\"><img decoding=\"async\" aria-describedby=\"caption-attachment-1050\" class=\"wp-image-1050 size-medium\" src=\"https:\/\/anthroposophy.ca\/wp-content\/uploads\/2015\/08\/Biodynamic4-300x199.jpg\" alt=\"Washing Carrots \" width=\"300\" height=\"199\" srcset=\"https:\/\/anthroposophy.ca\/wp-content\/uploads\/2015\/08\/Biodynamic4-300x199.jpg 300w, https:\/\/anthroposophy.ca\/wp-content\/uploads\/2015\/08\/Biodynamic4-768x509.jpg 768w, https:\/\/anthroposophy.ca\/wp-content\/uploads\/2015\/08\/Biodynamic4.jpg 1024w, https:\/\/anthroposophy.ca\/wp-content\/uploads\/2015\/08\/Biodynamic4-207x136.jpg 207w, https:\/\/anthroposophy.ca\/wp-content\/uploads\/2015\/08\/Biodynamic4-140x94.jpg 140w\" sizes=\"(max-width: 300px) 100vw, 300px\" \/><p id=\"caption-attachment-1050\" class=\"wp-caption-text\">Photo Credits Richard Chomko<\/p><\/div>\n<p><img decoding=\"async\" class=\"alignleft  wp-image-1051\" src=\"https:\/\/anthroposophy.ca\/wp-content\/uploads\/2015\/08\/Biodynamic3-300x225.jpg\" alt=\"Biodynamic Cow\" width=\"268\" height=\"201\" srcset=\"https:\/\/anthroposophy.ca\/wp-content\/uploads\/2015\/08\/Biodynamic3-300x225.jpg 300w, https:\/\/anthroposophy.ca\/wp-content\/uploads\/2015\/08\/Biodynamic3-768x576.jpg 768w, https:\/\/anthroposophy.ca\/wp-content\/uploads\/2015\/08\/Biodynamic3.jpg 1024w\" sizes=\"(max-width: 268px) 100vw, 268px\" \/><\/p>\n<p>&nbsp;<\/p>\n<p>&nbsp;<\/p>\n<p>&nbsp;<\/p>\n<p>&nbsp;<\/p>\n<p>&nbsp;<\/p>\n<p>&nbsp;<\/p>\n<p>&nbsp;<\/p>\n<p>Depuis sa naissance, l&rsquo;agriculture biodynamique a graduellement pris de l&rsquo;ampleur et est maintenant pratiqu\u00e9e dans des milliers de jardins, fermes, vignobles, ruchers et op\u00e9rations agricoles de toutes sortes, de toutes tailles et dans une grande vari\u00e9t\u00e9 d&rsquo;environnements \u00e9cologiques et \u00e9conomiques et ce, dans plus de 50 pays et sur tous les continents.<\/p>\n<p>Depuis 2002, Demeter Canada coordonne la certification biodynamique \u00e0 travers tout le Canada. Demeter offre deux niveaux de certification, Demeter et \u201c En conversion\u201d vers Demeter, tous deux \u00e9tant des normes internationalement reconnues.<\/p>\n<ul>\n<li>Pour obtenir plus d&rsquo;information au sujet de la biodynamie au Canada, Association de Biodynamie du Qu\u00e9bec<\/li>\n<\/ul>\n<ul>\n<li><a href=\"http:\/\/biodynamics.on.ca\/\">Society for Bio-Dynamic Farming and Gardening in Ontario<br \/>\n<\/a><\/li>\n<\/ul>\n<div id=\"attachment_1827\" style=\"width: 650px\" class=\"wp-caption aligncenter\"><a href=\"https:\/\/anthroposophy.ca\/wp-content\/uploads\/2015\/08\/MichaelSchmidt1.jpeg\" rel=\"attachment wp-att-1827\"><img loading=\"lazy\" decoding=\"async\" aria-describedby=\"caption-attachment-1827\" class=\"wp-image-1827 size-large\" src=\"https:\/\/anthroposophy.ca\/wp-content\/uploads\/2015\/08\/MichaelSchmidt1-1024x768.jpeg\" alt=\"MichaelSchmidt1\" width=\"640\" height=\"480\" srcset=\"https:\/\/anthroposophy.ca\/wp-content\/uploads\/2015\/08\/MichaelSchmidt1-1024x768.jpeg 1024w, https:\/\/anthroposophy.ca\/wp-content\/uploads\/2015\/08\/MichaelSchmidt1-300x225.jpeg 300w, https:\/\/anthroposophy.ca\/wp-content\/uploads\/2015\/08\/MichaelSchmidt1-768x576.jpeg 768w, https:\/\/anthroposophy.ca\/wp-content\/uploads\/2015\/08\/MichaelSchmidt1.jpeg 1280w\" sizes=\"(max-width: 640px) 100vw, 640px\" \/><\/a><p id=\"caption-attachment-1827\" class=\"wp-caption-text\">Photo Credit Vibeke Ball<\/p><\/div>\n","protected":false},"excerpt":{"rendered":"<p>L&rsquo;agriculture biodynamique, pr\u00e9sent\u00e9e par Rudolf Steiner lors d&rsquo;une s\u00e9rie de conf\u00e9rences en 1923, fut le premier syst\u00e8me d&rsquo;agriculture \u00e9cologique \u00e0 appara\u00eetre en r\u00e9ponse \u00e0 l&rsquo;arriv\u00e9 des fertilisants commerciaux et de l&rsquo;agriculture sp\u00e9cialis\u00e9e au d\u00e9but du vingti\u00e8me si\u00e8cle. Demeter aide \u00e0 la gu\u00e9rison d&rsquo;une terre bless\u00e9e,&#8230;<\/p>\n","protected":false},"author":6,"featured_media":0,"parent":938,"menu_order":0,"comment_status":"closed","ping_status":"closed","template":"","meta":{"inline_featured_image":false,"footnotes":""},"class_list":["post-835","page","type-page","status-publish","hentry"],"_links":{"self":[{"href":"https:\/\/anthroposophy.ca\/fr\/wp-json\/wp\/v2\/pages\/835","targetHints":{"allow":["GET"]}}],"collection":[{"href":"https:\/\/anthroposophy.ca\/fr\/wp-json\/wp\/v2\/pages"}],"about":[{"href":"https:\/\/anthroposophy.ca\/fr\/wp-json\/wp\/v2\/types\/page"}],"author":[{"embeddable":true,"href":"https:\/\/anthroposophy.ca\/fr\/wp-json\/wp\/v2\/users\/6"}],"replies":[{"embeddable":true,"href":"https:\/\/anthroposophy.ca\/fr\/wp-json\/wp\/v2\/comments?post=835"}],"version-history":[{"count":11,"href":"https:\/\/anthroposophy.ca\/fr\/wp-json\/wp\/v2\/pages\/835\/revisions"}],"predecessor-version":[{"id":5117,"href":"https:\/\/anthroposophy.ca\/fr\/wp-json\/wp\/v2\/pages\/835\/revisions\/5117"}],"up":[{"embeddable":true,"href":"https:\/\/anthroposophy.ca\/fr\/wp-json\/wp\/v2\/pages\/938"}],"wp:attachment":[{"href":"https:\/\/anthroposophy.ca\/fr\/wp-json\/wp\/v2\/media?parent=835"}],"curies":[{"name":"wp","href":"https:\/\/api.w.org\/{rel}","templated":true}]}}