{"id":938,"date":"2015-11-05T17:50:14","date_gmt":"2015-11-05T22:50:14","guid":{"rendered":"http:\/\/www.asc.wdtest.info\/?page_id=938&#038;lang=fr"},"modified":"2026-03-31T11:26:22","modified_gmt":"2026-03-31T15:26:22","slug":"initiatives","status":"publish","type":"page","link":"https:\/\/anthroposophy.ca\/fr\/initiatives\/","title":{"rendered":"Initiatives diverses"},"content":{"rendered":"\t\t<div data-elementor-type=\"wp-page\" data-elementor-id=\"938\" class=\"elementor elementor-938 elementor-28\">\n\t\t\t\t\t\t<section class=\"elementor-section elementor-top-section elementor-element elementor-element-29c7cb0 elementor-section-boxed elementor-section-height-default elementor-section-height-default parallax_section_no qode_elementor_container_no\" data-id=\"29c7cb0\" data-element_type=\"section\" data-e-type=\"section\">\n\t\t\t\t\t\t<div class=\"elementor-container elementor-column-gap-default\">\n\t\t\t\t\t<div class=\"elementor-column elementor-col-100 elementor-top-column elementor-element elementor-element-7e75ed91\" data-id=\"7e75ed91\" data-element_type=\"column\" data-e-type=\"column\">\n\t\t\t<div class=\"elementor-widget-wrap elementor-element-populated\">\n\t\t\t\t\t\t<div class=\"elementor-element elementor-element-605d23f elementor-widget elementor-widget-spacer\" data-id=\"605d23f\" data-element_type=\"widget\" data-e-type=\"widget\" data-widget_type=\"spacer.default\">\n\t\t\t\t<div class=\"elementor-widget-container\">\n\t\t\t\t\t\t\t<div class=\"elementor-spacer\">\n\t\t\t<div class=\"elementor-spacer-inner\"><\/div>\n\t\t<\/div>\n\t\t\t\t\t\t<\/div>\n\t\t\t\t<\/div>\n\t\t\t\t<div class=\"elementor-element elementor-element-758347a2 elementor-widget elementor-widget-text-editor\" data-id=\"758347a2\" data-element_type=\"widget\" data-e-type=\"widget\" data-widget_type=\"text-editor.default\">\n\t\t\t\t<div class=\"elementor-widget-container\">\n\t\t\t\t\t\t\t\t\t<h3 style=\"text-align: center;\">\u00a0<a style=\"font-family: Cinzel, sans-serif; font-size: 24px; text-align: center;\" href=\"https:\/\/anthroposophy.ca\/fr\/initiatives\/education-aux-adultes\/\">\u00c9DUCATION DES ADULTES<\/a><\/h3>\r\n<div><\/div>\r\n<h2 style=\"text-align: center;\"><a href=\"https:\/\/anthroposophy.ca\/fr\/initiatives\/anthroposophical-medicine\/\">M\u00c9DECINE ANTHROPOSOPHIQUE<\/a><\/h2>\r\n<div><\/div>\r\n<h2 style=\"text-align: center;\"><a href=\"https:\/\/anthroposophy.ca\/fr\/anthroposophie-en-milieu-carceral-au-canada\/\">PROGRAMME DE SENSIBILISATION ANTHROPOSOPHIQUE DANS LES PRISONS AU CANADA<\/a><\/h2>\r\n<div><\/div>\r\n<h2 style=\"text-align: center;\"><a href=\"https:\/\/anthroposophy.ca\/en\/initiatives\/arts-and-architecture\/\">ARTS &amp; ARCHITECTURE<\/a><\/h2>\r\n<div><\/div>\r\n<h2 style=\"text-align: center;\"><a href=\"https:\/\/anthroposophy.ca\/fr\/initiatives\/biodynamic-agriculture\/\">AGRICULTURE BIODYNAMIQUE<\/a><\/h2>\r\n<div><\/div>\r\n<h2 style=\"text-align: center;\"><a href=\"https:\/\/anthroposophy.ca\/fr\/initiatives\/etudes-biographiques\/\">BIOGRAPHIE, TRAVAIL<\/a><\/h2>\r\n<div><\/div>\r\n<h2 style=\"text-align: center;\"><a href=\"https:\/\/anthroposophy.ca\/fr\/initiatives\/mouvement-camphill\/\">CAMPHILL et SOINS CURATIFS AUX ENFANTS DIFF\u00c9RENT<\/a><\/h2>\r\n<div><\/div>\r\n<h2 style=\"text-align: center;\"><a href=\"https:\/\/anthroposophy.ca\/fr\/initiatives\/leurythmie\/\">EURYTHMIE<\/a><\/h2>\r\n<div><\/div>\r\n<h2 style=\"text-align: center;\"><a href=\"https:\/\/anthroposophy.ca\/fr\/initiatives\/le-village-hesperus\/\">VILLAGE\/RETRAITE HESP\u00c9RUS EN ONTARIO<\/a><\/h2>\r\n<div><\/div>\r\n<h2 style=\"text-align: center;\"><a href=\"https:\/\/anthroposophy.ca\/fr\/initiatives\/la-communaute-des-chretiens-un-mouvement-pour-le-renouveau-religieux\/\">LA COMMUNAUT\u00c9 DES CHR\u00c9TIENS \u2013 MOUVEMENT POUR LE RENOUVEAU RELIGIEUX<\/a><\/h2>\r\n<div><\/div>\r\n<h2 style=\"text-align: center;\"><a href=\"https:\/\/anthroposophy.ca\/fr\/initiatives\/education-prescolaire-waldorf\/\">\u00c9DUCATION \u00c0 LA PETITE ENFANCE WALDORF<\/a><\/h2>\r\n<div><\/div>\r\n<h2 style=\"text-align: center;\"><\/h2>\r\n<div><\/div>\r\n<h2 style=\"text-align: center;\"><a href=\"https:\/\/anthroposophy.ca\/fr\/initiatives\/youth-section\/\">P\u00d4LE JEUNESSE<\/a><\/h2>\r\n<h2 style=\"text-align: center;\"><\/h2>\t\t\t\t\t\t\t\t<\/div>\n\t\t\t\t<\/div>\n\t\t\t\t<div class=\"elementor-element elementor-element-ccce598 elementor-arrows-position-inside elementor-pagination-position-outside elementor-widget elementor-widget-image-carousel\" data-id=\"ccce598\" data-element_type=\"widget\" data-e-type=\"widget\" data-settings=\"{&quot;slides_to_show&quot;:&quot;5&quot;,&quot;navigation&quot;:&quot;both&quot;,&quot;autoplay&quot;:&quot;yes&quot;,&quot;pause_on_hover&quot;:&quot;yes&quot;,&quot;pause_on_interaction&quot;:&quot;yes&quot;,&quot;autoplay_speed&quot;:5000,&quot;infinite&quot;:&quot;yes&quot;,&quot;speed&quot;:500}\" data-widget_type=\"image-carousel.default\">\n\t\t\t\t<div class=\"elementor-widget-container\">\n\t\t\t\t\t\t\t<div class=\"elementor-image-carousel-wrapper swiper\" role=\"region\" aria-roledescription=\"carousel\" aria-label=\"Image Carousel\" dir=\"ltr\">\n\t\t\t<div class=\"elementor-image-carousel swiper-wrapper\" aria-live=\"off\">\n\t\t\t\t\t\t\t\t<div class=\"swiper-slide\" role=\"group\" aria-roledescription=\"slide\" aria-label=\"1 sur 7\"><figure class=\"swiper-slide-inner\"><img decoding=\"async\" class=\"swiper-slide-image\" src=\"https:\/\/anthroposophy.ca\/wp-content\/uploads\/2021\/07\/home-page-gallery-2_3-150x150.jpg\" alt=\"home page gallery 2_3\" \/><\/figure><\/div><div class=\"swiper-slide\" role=\"group\" aria-roledescription=\"slide\" aria-label=\"2 sur 7\"><figure class=\"swiper-slide-inner\"><img decoding=\"async\" class=\"swiper-slide-image\" src=\"https:\/\/anthroposophy.ca\/wp-content\/uploads\/2021\/07\/home-page-gallery-1_3-150x150.jpg\" alt=\"home page gallery 1_3\" \/><\/figure><\/div><div class=\"swiper-slide\" role=\"group\" aria-roledescription=\"slide\" aria-label=\"3 sur 7\"><figure class=\"swiper-slide-inner\"><img decoding=\"async\" class=\"swiper-slide-image\" src=\"https:\/\/anthroposophy.ca\/wp-content\/uploads\/2021\/01\/cropped-IMG-4191-Original-150x150.jpg\" alt=\"cropped-IMG-4191-Original.jpg\" \/><\/figure><\/div><div class=\"swiper-slide\" role=\"group\" aria-roledescription=\"slide\" aria-label=\"4 sur 7\"><figure class=\"swiper-slide-inner\"><img decoding=\"async\" class=\"swiper-slide-image\" src=\"https:\/\/anthroposophy.ca\/wp-content\/uploads\/2021\/01\/IMG-4227.jpg\" alt=\"IMG-4227\" \/><\/figure><\/div><div class=\"swiper-slide\" role=\"group\" aria-roledescription=\"slide\" aria-label=\"5 sur 7\"><figure class=\"swiper-slide-inner\"><img decoding=\"async\" class=\"swiper-slide-image\" src=\"https:\/\/anthroposophy.ca\/wp-content\/uploads\/2020\/06\/group_1-150x150.jpg\" alt=\"group_1\" \/><\/figure><\/div><div class=\"swiper-slide\" role=\"group\" aria-roledescription=\"slide\" aria-label=\"6 sur 7\"><figure class=\"swiper-slide-inner\"><img decoding=\"async\" class=\"swiper-slide-image\" src=\"https:\/\/anthroposophy.ca\/wp-content\/uploads\/2020\/04\/2019-06-09-IMG_3953-150x150.jpg\" alt=\"2019-06-09 IMG_3953\" \/><\/figure><\/div><div class=\"swiper-slide\" role=\"group\" aria-roledescription=\"slide\" aria-label=\"7 sur 7\"><figure class=\"swiper-slide-inner\"><img decoding=\"async\" class=\"swiper-slide-image\" src=\"https:\/\/anthroposophy.ca\/wp-content\/uploads\/2020\/02\/IMG_4293-150x150.jpg\" alt=\"IMG_4293\" \/><\/figure><\/div>\t\t\t<\/div>\n\t\t\t\t\t\t\t\t\t\t\t\t<div class=\"elementor-swiper-button elementor-swiper-button-prev\" role=\"button\" tabindex=\"0\">\n\t\t\t\t\t\t<i aria-hidden=\"true\" class=\"eicon-chevron-left\"><\/i>\t\t\t\t\t<\/div>\n\t\t\t\t\t<div class=\"elementor-swiper-button elementor-swiper-button-next\" role=\"button\" tabindex=\"0\">\n\t\t\t\t\t\t<i aria-hidden=\"true\" class=\"eicon-chevron-right\"><\/i>\t\t\t\t\t<\/div>\n\t\t\t\t\n\t\t\t\t\t\t\t\t\t<div class=\"swiper-pagination\"><\/div>\n\t\t\t\t\t\t\t\t\t<\/div>\n\t\t\t\t\t\t<\/div>\n\t\t\t\t<\/div>\n\t\t\t\t\t<\/div>\n\t\t<\/div>\n\t\t\t\t\t<\/div>\n\t\t<\/section>\n\t\t\t\t<\/div>\n\t\t","protected":false},"excerpt":{"rendered":"<p>\u00a0\u00c9DUCATION DES ADULTES M\u00c9DECINE ANTHROPOSOPHIQUE PROGRAMME DE SENSIBILISATION ANTHROPOSOPHIQUE DANS LES PRISONS AU CANADA ARTS &amp; ARCHITECTURE AGRICULTURE BIODYNAMIQUE BIOGRAPHIE, TRAVAIL CAMPHILL et SOINS CURATIFS AUX ENFANTS DIFF\u00c9RENT EURYTHMIE VILLAGE\/RETRAITE HESP\u00c9RUS EN ONTARIO LA COMMUNAUT\u00c9 DES CHR\u00c9TIENS \u2013 MOUVEMENT POUR LE RENOUVEAU RELIGIEUX \u00c9DUCATION \u00c0&#8230;<\/p>\n","protected":false},"author":6,"featured_media":0,"parent":0,"menu_order":0,"comment_status":"closed","ping_status":"closed","template":"elementor_header_footer","meta":{"inline_featured_image":false,"footnotes":""},"class_list":["post-938","page","type-page","status-publish","hentry"],"_links":{"self":[{"href":"https:\/\/anthroposophy.ca\/fr\/wp-json\/wp\/v2\/pages\/938","targetHints":{"allow":["GET"]}}],"collection":[{"href":"https:\/\/anthroposophy.ca\/fr\/wp-json\/wp\/v2\/pages"}],"about":[{"href":"https:\/\/anthroposophy.ca\/fr\/wp-json\/wp\/v2\/types\/page"}],"author":[{"embeddable":true,"href":"https:\/\/anthroposophy.ca\/fr\/wp-json\/wp\/v2\/users\/6"}],"replies":[{"embeddable":true,"href":"https:\/\/anthroposophy.ca\/fr\/wp-json\/wp\/v2\/comments?post=938"}],"version-history":[{"count":6,"href":"https:\/\/anthroposophy.ca\/fr\/wp-json\/wp\/v2\/pages\/938\/revisions"}],"predecessor-version":[{"id":15894,"href":"https:\/\/anthroposophy.ca\/fr\/wp-json\/wp\/v2\/pages\/938\/revisions\/15894"}],"wp:attachment":[{"href":"https:\/\/anthroposophy.ca\/fr\/wp-json\/wp\/v2\/media?parent=938"}],"curies":[{"name":"wp","href":"https:\/\/api.w.org\/{rel}","templated":true}]}}